{"id":13182,"date":"2025-09-15T16:32:36","date_gmt":"2025-09-15T14:32:36","guid":{"rendered":"https:\/\/boreait.com\/de\/?post_type=product&#038;p=13182"},"modified":"2025-09-16T12:55:22","modified_gmt":"2025-09-16T10:55:22","slug":"original-hp-zbook-15u-g3-821155-001-6070b0948301-laptop-handauflage-oem-ersatz","status":"publish","type":"product","link":"https:\/\/boreait.com\/de\/produkt\/original-hp-zbook-15u-g3-821155-001-6070b0948301-laptop-handauflage-oem-ersatz\/","title":{"rendered":"Original HP ZBook 15U G3 821155-001 6070B0948301 Laptop-Handauflage \u2013 OEM-Ersatz"},"content":{"rendered":"<p>Verbessern Sie das Aussehen und die Funktionalit\u00e4t Ihres HP ZBook 15U G3 Laptops mit der Original-Handballenauflage (Teilenummer 821155-001 6070B0948301). Diese nach OEM-Standards gefertigte Handballenauflage bietet komfortables Tippen und zuverl\u00e4ssigen Schutz f\u00fcr die internen Komponenten Ihres Laptops.<\/p>\n<p><strong>Hauptmerkmale:<\/strong><\/p>\n<p><strong>Original HP Ersatzteil:<\/strong> Diese Handballenauflage ist ein Original HP Ersatzteil und gew\u00e4hrleistet Kompatibilit\u00e4t und optimale Passform f\u00fcr Ihr ZBook 15U G3.<\/p>\n<p><strong>Komfortables Tippen:<\/strong> Dank ihres glatten und ergonomischen Designs bietet diese Handballenauflage eine komfortable Oberfl\u00e4che f\u00fcr l\u00e4ngeres Tippen und reduziert so die Belastung und Erm\u00fcdung des Handgelenks.<\/p>\n<p><strong>Verbessertes Aussehen:<\/strong> Werten Sie das Aussehen Ihres ZBook 15U G3 mit dieser Handballenauflage auf, die das Design Ihres Laptops erg\u00e4nzt und ihm einen Hauch von Eleganz verleiht.<\/p>\n<p><strong>Einfache Installation:<\/strong> Dank des benutzerfreundlichen Designs ist der Austausch der Handballenauflage schnell und unkompliziert und verleiht Ihrem Laptop m\u00fchelos ein neues Aussehen.<\/p>\n<p>Upgraden Sie Ihr HP ZBook 15U G3 mit Vertrauen \u2013 bestellen Sie noch heute Ihre Original-Handballenauflage bei Siggmo. Wir stellen Ihnen Fotos der genauen Handballenauflage zur Verf\u00fcgung, die Sie erhalten, und unser Qualit\u00e4tsanspruch garantiert Ihre Zufriedenheit mit jedem Kauf.<\/p>\n<p><strong>Hinweis:<\/strong> Wir stellen zwar keine detaillierten Installationsanweisungen zur Verf\u00fcgung, unser Kundensupport-Team steht Ihnen jedoch bei Fragen und Anliegen gerne zur Verf\u00fcgung. Vertrauen Sie Siggmo f\u00fcr Original-HP-Laptopteile und verbessern Sie das Erscheinungsbild Ihres ZBook 15U G3.<\/p>\n","protected":false},"excerpt":{"rendered":"<p>R\u00fcsten Sie Ihr HP ZBook 15U G3 mit dieser originalen Handballenauflage auf. Diese Handballenauflage ist auf Kompatibilit\u00e4t und Langlebigkeit ausgelegt und sorgt f\u00fcr eine nahtlose Passform und wertet das Erscheinungsbild Ihres Laptops auf. Vertrauen Sie auf hochwertige Laptop-Ersatzteile von Siggmo.<\/p>\n","protected":false},"featured_media":13252,"template":"","meta":[],"product_brand":[],"product_cat":[52],"product_tag":[61],"class_list":{"0":"post-13182","1":"product","2":"type-product","3":"status-publish","4":"has-post-thumbnail","6":"product_cat-laptop-housing","7":"product_tag-hp","9":"first","10":"instock","11":"taxable","12":"shipping-taxable","13":"purchasable","14":"product-type-simple"},"_links":{"self":[{"href":"https:\/\/boreait.com\/de\/wp-json\/wp\/v2\/product\/13182","targetHints":{"allow":["GET"]}}],"collection":[{"href":"https:\/\/boreait.com\/de\/wp-json\/wp\/v2\/product"}],"about":[{"href":"https:\/\/boreait.com\/de\/wp-json\/wp\/v2\/types\/product"}],"wp:featuredmedia":[{"embeddable":true,"href":"https:\/\/boreait.com\/de\/wp-json\/wp\/v2\/media\/13252"}],"wp:attachment":[{"href":"https:\/\/boreait.com\/de\/wp-json\/wp\/v2\/media?parent=13182"}],"wp:term":[{"taxonomy":"product_brand","embeddable":true,"href":"https:\/\/boreait.com\/de\/wp-json\/wp\/v2\/product_brand?post=13182"},{"taxonomy":"product_cat","embeddable":true,"href":"https:\/\/boreait.com\/de\/wp-json\/wp\/v2\/product_cat?post=13182"},{"taxonomy":"product_tag","embeddable":true,"href":"https:\/\/boreait.com\/de\/wp-json\/wp\/v2\/product_tag?post=13182"}],"curies":[{"name":"wp","href":"https:\/\/api.w.org\/{rel}","templated":true}]}}