{"id":13155,"date":"2025-09-15T16:32:09","date_gmt":"2025-09-15T14:32:09","guid":{"rendered":"https:\/\/boreait.com\/de\/?post_type=product&#038;p=13155"},"modified":"2026-01-27T10:06:32","modified_gmt":"2026-01-27T09:06:32","slug":"thinkpad-s1-yoga-12-am10d00010-festplattenhalterung-hdd-caddy-mit-schraube-us-originalersatz","status":"publish","type":"product","link":"https:\/\/boreait.com\/de\/produkt\/thinkpad-s1-yoga-12-am10d00010-festplattenhalterung-hdd-caddy-mit-schraube-us-originalersatz\/","title":{"rendered":"ThinkPad S1 Yoga 12 AM10D00010 Festplattenhalterung HDD Caddy mit Schraube US &#8211; Originalersatz"},"content":{"rendered":"<p>R\u00fcsten Sie Ihr ThinkPad S1 Yoga 12 mit dem Original-Festplattenrahmen (Teilenummer AM10D00010) auf. Dieser Rahmen ist auf Kompatibilit\u00e4t und Langlebigkeit ausgelegt und bietet eine sichere Montagel\u00f6sung f\u00fcr Ihre Festplatte sowie zuverl\u00e4ssigen Speicher f\u00fcr Ihr Notebook.<\/p>\n<p><strong>Hauptmerkmale:<\/strong><\/p>\n<p><strong>Originalersatzteil:<\/strong> Dieser Festplattenrahmen ist ein Originalteil und gew\u00e4hrleistet Kompatibilit\u00e4t und optimale Passform f\u00fcr Ihr ThinkPad S1 Yoga 12.<\/p>\n<p><strong>Sichere Installation:<\/strong> Dank seiner robusten Konstruktion und des pr\u00e4zisen Designs h\u00e4lt dieser Rahmen Ihre Festplatte sicher an ihrem Platz, verhindert Bewegungen und sorgt f\u00fcr zuverl\u00e4ssige Leistung.<\/p>\n<p><strong>Einfache Installation:<\/strong> Der Austausch des Festplattenrahmens ist f\u00fcr eine unkomplizierte Installation konzipiert und erm\u00f6glicht Ihnen eine schnelle und problemlose Speichererweiterung.<\/p>\n<p><strong>Schrauben im Lieferumfang enthalten:<\/strong> Dieser Caddy wird mit den notwendigen Schrauben f\u00fcr die Installation geliefert, sodass Sie alles haben, was Sie f\u00fcr ein erfolgreiches Upgrade ben\u00f6tigen.<\/p>\n<p>R\u00fcsten Sie Ihr ThinkPad S1 Yoga 12 mit Vertrauen auf \u2013 bestellen Sie noch heute Ihren originalen Festplattenrahmen mit Festplattenhalterung von Siggmo. Wir stellen Ihnen Fotos des Caddys zur Verf\u00fcgung, den Sie erhalten, und unser Qualit\u00e4tsanspruch garantiert Ihre Zufriedenheit mit jedem Kauf.<\/p>\n<p><strong>Hinweis:<\/strong> Wir stellen zwar keine detaillierten Installationsanweisungen zur Verf\u00fcgung, unser Kundensupport hilft Ihnen jedoch gerne bei Fragen oder Anliegen weiter. Vertrauen Sie Siggmo f\u00fcr Originalteile von ThinkPad und steigern Sie die Leistung Ihres S1 Yoga 12.<\/p>\n","protected":false},"excerpt":{"rendered":"<p>Ersetzen Sie den Festplattenrahmen Ihres ThinkPad S1 Yoga 12 durch diesen Original-Ersatz. Dieser Caddy ist auf Kompatibilit\u00e4t und Langlebigkeit ausgelegt und gew\u00e4hrleistet die sichere Installation Ihrer Festplatte. Vertrauen Sie auf hochwertige Laptop-Ersatzteile von Siggmo.<\/p>\n","protected":false},"featured_media":13217,"template":"","meta":[],"product_brand":[],"product_cat":[52],"product_tag":[62],"class_list":{"0":"post-13155","1":"product","2":"type-product","3":"status-publish","4":"has-post-thumbnail","6":"product_cat-laptop-housing","7":"product_tag-lenovo","9":"first","10":"instock","11":"taxable","12":"shipping-taxable","13":"purchasable","14":"product-type-simple"},"_links":{"self":[{"href":"https:\/\/boreait.com\/de\/wp-json\/wp\/v2\/product\/13155","targetHints":{"allow":["GET"]}}],"collection":[{"href":"https:\/\/boreait.com\/de\/wp-json\/wp\/v2\/product"}],"about":[{"href":"https:\/\/boreait.com\/de\/wp-json\/wp\/v2\/types\/product"}],"wp:featuredmedia":[{"embeddable":true,"href":"https:\/\/boreait.com\/de\/wp-json\/wp\/v2\/media\/13217"}],"wp:attachment":[{"href":"https:\/\/boreait.com\/de\/wp-json\/wp\/v2\/media?parent=13155"}],"wp:term":[{"taxonomy":"product_brand","embeddable":true,"href":"https:\/\/boreait.com\/de\/wp-json\/wp\/v2\/product_brand?post=13155"},{"taxonomy":"product_cat","embeddable":true,"href":"https:\/\/boreait.com\/de\/wp-json\/wp\/v2\/product_cat?post=13155"},{"taxonomy":"product_tag","embeddable":true,"href":"https:\/\/boreait.com\/de\/wp-json\/wp\/v2\/product_tag?post=13155"}],"curies":[{"name":"wp","href":"https:\/\/api.w.org\/{rel}","templated":true}]}}