{"id":13079,"date":"2025-09-15T16:30:26","date_gmt":"2025-09-15T14:30:26","guid":{"rendered":"https:\/\/boreait.com\/de\/?post_type=product&#038;p=13079"},"modified":"2025-09-16T12:55:12","modified_gmt":"2025-09-16T10:55:12","slug":"l13674-001-fuer-hp-elitebook-830-g5-735-g5-untere-boden-basis-abdeckung-fall-d-shell-original-ersatz","status":"publish","type":"product","link":"https:\/\/boreait.com\/de\/produkt\/l13674-001-fuer-hp-elitebook-830-g5-735-g5-untere-boden-basis-abdeckung-fall-d-shell-original-ersatz\/","title":{"rendered":"L13674-001 F\u00fcr HP Elitebook 830 G5 735 G5 Untere Boden Basis Abdeckung Fall D Shell-Original Ersatz"},"content":{"rendered":"<p>Verbessern Sie den Schutz und die Stabilit\u00e4t Ihres HP Elitebook 830 G5 oder 735 G5 mit der originalen unteren Bodenabdeckung (D-Shell), Teilenummer L13674-001. Diese nach OEM-Standards gefertigte H\u00fclle bietet zuverl\u00e4ssigen Schutz f\u00fcr die internen Komponenten Ihres Laptops.<\/p>\n<p><strong>Hauptmerkmale:<\/strong><\/p>\n<p><strong>Original HP Ersatzteil:<\/strong> Diese untere Bodenabdeckung (D-Shell) ist ein Original-HP-Teil und gew\u00e4hrleistet Kompatibilit\u00e4t und optimale Passform f\u00fcr Ihr Elitebook 830 G5 oder 735 G5.<\/p>\n<p><strong>Verbesserter Schutz:<\/strong> Sch\u00fctzen Sie die internen Komponenten Ihres Laptops mit dieser robusten H\u00fclle, die vor St\u00f6\u00dfen, Kratzern und anderen Gefahren sch\u00fctzt.<\/p>\n<p><strong>Stabilit\u00e4t:<\/strong> Sorgen Sie mit dieser unteren Bodenabdeckung (D-Shell) f\u00fcr Stabilit\u00e4t und strukturelle Integrit\u00e4t Ihres Elitebooks und schaffen Sie so eine solide Basis f\u00fcr Ihr Notebook.<\/p>\n<p><strong>Einfache Installation:<\/strong> Dank des benutzerfreundlichen Designs ist der Austausch der unteren Geh\u00e4useabdeckung (D-Shell) schnell und unkompliziert und sch\u00fctzt Ihr Notebook m\u00fchelos.<\/p>\n<p>R\u00fcsten Sie Ihr HP Elitebook 830 G5 oder 735 G5 mit Vertrauen auf \u2013 bestellen Sie noch heute Ihre Original-Untergeh\u00e4useabdeckung (D-Shell) von Siggmo. Wir stellen Ihnen Fotos der genauen Geh\u00e4useabdeckung zur Verf\u00fcgung, die Sie erhalten, und unser Qualit\u00e4tsanspruch garantiert Ihre Zufriedenheit mit jedem Kauf.<\/p>\n<p><strong>Hinweis:<\/strong> Wir stellen zwar keine detaillierten Installationsanweisungen zur Verf\u00fcgung, unser Kundenservice steht Ihnen jedoch bei Fragen und Anliegen gerne zur Verf\u00fcgung. Vertrauen Sie Siggmo f\u00fcr Original-HP-Laptopteile und verbessern Sie den Schutz Ihres Elitebooks.<\/p>\n","protected":false},"excerpt":{"rendered":"<p>Ersetzen Sie die untere Bodenabdeckung Ihres HP Elitebook 830 G5 oder 735 G5 mit diesem Original-Ersatzteil. Dieses Geh\u00e4use ist auf Kompatibilit\u00e4t und Langlebigkeit ausgelegt und bietet Schutz und Stabilit\u00e4t f\u00fcr Ihr Notebook. Vertrauen Sie Siggmo f\u00fcr hochwertige Laptop-Ersatzteile.<\/p>\n","protected":false},"featured_media":13147,"template":"","meta":[],"product_brand":[],"product_cat":[52],"product_tag":[61],"class_list":{"0":"post-13079","1":"product","2":"type-product","3":"status-publish","4":"has-post-thumbnail","6":"product_cat-laptop-housing","7":"product_tag-hp","9":"first","10":"instock","11":"taxable","12":"shipping-taxable","13":"purchasable","14":"product-type-simple"},"_links":{"self":[{"href":"https:\/\/boreait.com\/de\/wp-json\/wp\/v2\/product\/13079","targetHints":{"allow":["GET"]}}],"collection":[{"href":"https:\/\/boreait.com\/de\/wp-json\/wp\/v2\/product"}],"about":[{"href":"https:\/\/boreait.com\/de\/wp-json\/wp\/v2\/types\/product"}],"wp:featuredmedia":[{"embeddable":true,"href":"https:\/\/boreait.com\/de\/wp-json\/wp\/v2\/media\/13147"}],"wp:attachment":[{"href":"https:\/\/boreait.com\/de\/wp-json\/wp\/v2\/media?parent=13079"}],"wp:term":[{"taxonomy":"product_brand","embeddable":true,"href":"https:\/\/boreait.com\/de\/wp-json\/wp\/v2\/product_brand?post=13079"},{"taxonomy":"product_cat","embeddable":true,"href":"https:\/\/boreait.com\/de\/wp-json\/wp\/v2\/product_cat?post=13079"},{"taxonomy":"product_tag","embeddable":true,"href":"https:\/\/boreait.com\/de\/wp-json\/wp\/v2\/product_tag?post=13079"}],"curies":[{"name":"wp","href":"https:\/\/api.w.org\/{rel}","templated":true}]}}