{"id":13063,"date":"2025-09-15T16:30:00","date_gmt":"2025-09-15T14:30:00","guid":{"rendered":"https:\/\/boreait.com\/de\/?post_type=product&#038;p=13063"},"modified":"2026-01-27T10:01:55","modified_gmt":"2026-01-27T09:01:55","slug":"oem-intel-centrino-wireless-n-1030-11230bnhmw-bgn-bluetooth-pcie-original-laptop-teile","status":"publish","type":"product","link":"https:\/\/boreait.com\/de\/produkt\/oem-intel-centrino-wireless-n-1030-11230bnhmw-bgn-bluetooth-pcie-original-laptop-teile\/","title":{"rendered":"OEM Intel Centrino Wireless-N 1030 11230BNHMW bgn Bluetooth PCIe &#8211; Original-Laptop-Teile"},"content":{"rendered":"<p>Erleben Sie verbesserte WLAN-Konnektivit\u00e4t mit der OEM Intel Centrino Wireless-N 1030 11230BNHMW PCIe-Karte. Diese Original-Intel-Karte bietet zuverl\u00e4ssige WLAN- und Bluetooth-Funktionen und sorgt f\u00fcr nahtloses Surfen im Internet und Ger\u00e4te-Pairing mit Ihrem Laptop.<\/p>\n<p><strong>Hauptmerkmale:<\/strong><\/p>\n<p><strong>Original-Intel-Ersatzteil:<\/strong> Diese PCIe-Karte ist ein Original-Intel-Ersatzteil und garantiert Kompatibilit\u00e4t und optimale Leistung.<\/p>\n<p><strong>Dual-Konnektivit\u00e4t:<\/strong> Genie\u00dfen Sie zuverl\u00e4ssige WLAN- (b\/g\/n) und Bluetooth-Konnektivit\u00e4t f\u00fcr m\u00fcheloses Surfen im Internet und Ger\u00e4te-Pairing.<\/p>\n<p><strong>Verbesserte Leistung:<\/strong> Erleben Sie schnelle und stabile WLAN-Verbindungen, egal ob Sie HD-Videos streamen, online spielen oder remote arbeiten.<\/p>\n<p><strong>Plug-and-Play-Installation:<\/strong> Dank der PCIe-Schnittstelle ist die Installation der Intel Centrino Wireless-N 1030-Karte schnell und einfach, sodass Ihr Laptop im Handumdrehen verbunden ist.<\/p>\n<p>Verbessern Sie die WLAN-Funktionen Ihres Laptops mit der Gewissheit, dass Siggmo Ihnen echte Fotos der genauen PCIe-Karte zur Verf\u00fcgung stellt, die Sie erhalten. Unser Qualit\u00e4tsversprechen garantiert Ihre Zufriedenheit mit jedem Kauf.<\/p>\n<p><strong>Hinweis:<\/strong> Wir stellen zwar keine detaillierten Installationsanweisungen zur Verf\u00fcgung, unser Kundensupport steht Ihnen jedoch bei Fragen und Anliegen gerne zur Verf\u00fcgung. Vertrauen Sie Siggmo f\u00fcr Original-Intel-Laptopteile und verbessern Sie Ihr WLAN-Erlebnis noch heute.<\/p>\n<p>Verbessern Sie die WLAN-Konnektivit\u00e4t Ihres Laptops \u2013 bestellen Sie jetzt Ihre OEM Intel Centrino Wireless-N 1030 11230BNHMW PCIe-Karte. Siggmo \u2013 Ihre vertrauensw\u00fcrdige Quelle f\u00fcr hochwertige Laptopteile weltweit<\/p>\n","protected":false},"excerpt":{"rendered":"<p>Verbessern Sie die WLAN-Konnektivit\u00e4t Ihres Laptops mit der OEM Intel Centrino Wireless-N 1030 11230BNHMW PCIe-Karte. Profitieren Sie von zuverl\u00e4ssigen WLAN- und Bluetooth-Verbindungen f\u00fcr nahtloses Surfen und Ger\u00e4te-Pairing. Vertrauen Sie auf hochwertige Laptop-Ersatzteile von Siggmo.<\/p>\n","protected":false},"featured_media":13128,"template":"","meta":[],"product_brand":[],"product_cat":[63],"product_tag":[],"class_list":{"0":"post-13063","1":"product","2":"type-product","3":"status-publish","4":"has-post-thumbnail","6":"product_cat-motherboards-board-parts","8":"first","9":"instock","10":"taxable","11":"shipping-taxable","12":"purchasable","13":"product-type-simple"},"_links":{"self":[{"href":"https:\/\/boreait.com\/de\/wp-json\/wp\/v2\/product\/13063","targetHints":{"allow":["GET"]}}],"collection":[{"href":"https:\/\/boreait.com\/de\/wp-json\/wp\/v2\/product"}],"about":[{"href":"https:\/\/boreait.com\/de\/wp-json\/wp\/v2\/types\/product"}],"wp:featuredmedia":[{"embeddable":true,"href":"https:\/\/boreait.com\/de\/wp-json\/wp\/v2\/media\/13128"}],"wp:attachment":[{"href":"https:\/\/boreait.com\/de\/wp-json\/wp\/v2\/media?parent=13063"}],"wp:term":[{"taxonomy":"product_brand","embeddable":true,"href":"https:\/\/boreait.com\/de\/wp-json\/wp\/v2\/product_brand?post=13063"},{"taxonomy":"product_cat","embeddable":true,"href":"https:\/\/boreait.com\/de\/wp-json\/wp\/v2\/product_cat?post=13063"},{"taxonomy":"product_tag","embeddable":true,"href":"https:\/\/boreait.com\/de\/wp-json\/wp\/v2\/product_tag?post=13063"}],"curies":[{"name":"wp","href":"https:\/\/api.w.org\/{rel}","templated":true}]}}