{"id":12906,"date":"2025-09-15T16:26:48","date_gmt":"2025-09-15T14:26:48","guid":{"rendered":"https:\/\/boreait.com\/de\/?post_type=product&#038;p=12906"},"modified":"2026-01-27T09:18:22","modified_gmt":"2026-01-27T08:18:22","slug":"fa195000200-original-lenovo-lcd-display-luenette-thinkpad-a485-20mv-s0c300-laptop-teile","status":"publish","type":"product","link":"https:\/\/boreait.com\/de\/produkt\/fa195000200-original-lenovo-lcd-display-luenette-thinkpad-a485-20mv-s0c300-laptop-teile\/","title":{"rendered":"FA195000200 Original Lenovo LCD Display L\u00fcnette ThinkPad A485 20MV-S0C300 Laptop Teile"},"content":{"rendered":"<p>Verbessern Sie das Aussehen und die Funktionalit\u00e4t Ihres ThinkPad A485 20MV-S0C300 Laptops mit der original Lenovo LCD-Displayblende FA195000200. Dieses originale Lenovo-Teil bietet perfekte Passform und eine problemlose Installation und verleiht Ihrem Ger\u00e4t wieder ein elegantes und professionelles Aussehen. <\/p>\n<p><strong>Produktmerkmale:<\/strong><\/p>\n<ul>\n<li><strong>Original Lenovo-Teil:<\/strong> Sichern Sie sich Kompatibilit\u00e4t und Qualit\u00e4t mit diesem originalen Lenovo LCD-Displayrahmen.<\/li>\n<li><strong>Perfekte Passform:<\/strong> Speziell f\u00fcr ThinkPad A485 20MV-S0C300 Laptops entwickelt, garantiert er eine nahtlose Integration mit Ihrem Ger\u00e4t.<\/li>\n<li><strong>Robuste Konstruktion:<\/strong> Hergestellt aus hochwertigen Materialien, h\u00e4lt es dem t\u00e4glichen Gebrauch stand und beh\u00e4lt sein makelloses Aussehen.<\/li>\n<li><strong>Einfache Installation:<\/strong> Ersetzen Sie Ihren gesprungenen oder besch\u00e4digten Displayrahmen im Handumdrehen und stellen Sie die Optik Ihres Laptops im Handumdrehen wieder her.<\/li>\n<li><strong>Weltweiter Versand:<\/strong> Ideal f\u00fcr Nutzer in Europa und weltweit. Unsere Lenovo-Originalteile sind f\u00fcr den internationalen Versand verf\u00fcgbar.<\/li>\n<li><strong>Originalproduktbilder:<\/strong> Die Fotos in der Auflistung zeigen das tats\u00e4chliche Das garantiert Transparenz und Vertrauen in Ihren Kauf.<\/li>\n<\/ul>\n<p><strong>Hinweis f\u00fcr K\u00e4ufer:<\/strong> Wir wissen, wie wichtig die Integrit\u00e4t und \u00c4sthetik Ihres Laptops ist. Bei Fragen oder Unterst\u00fctzung bei der Installation kontaktieren Sie uns gerne. Ihre Zufriedenheit steht f\u00fcr uns an erster Stelle.<\/p>\n<p>Verbessern Sie das Aussehen und die Funktionalit\u00e4t Ihres ThinkPad A485 20MV-S0C300 Laptops mit der originalen Lenovo LCD-Displayblende FA195000200. Bestellen Sie jetzt und freuen Sie sich \u00fcber die nahtlose Passform und die hervorragende Qualit\u00e4t Ihres Ger\u00e4ts.<\/p>\n","protected":false},"excerpt":{"rendered":"<p>Ersetzen Sie Ihre gerissene oder besch\u00e4digte LCD-Displayblende durch dieses Originalteil von Lenovo f\u00fcr ThinkPad A485 20MV-S0C300-Laptops. Sorgen Sie f\u00fcr eine nahtlose Passform und stellen Sie die \u00c4sthetik Ihres Ger\u00e4ts wieder her.<\/p>\n","protected":false},"featured_media":12968,"template":"","meta":[],"product_brand":[],"product_cat":[52],"product_tag":[62],"class_list":{"0":"post-12906","1":"product","2":"type-product","3":"status-publish","4":"has-post-thumbnail","6":"product_cat-laptop-housing","7":"product_tag-lenovo","9":"first","10":"instock","11":"taxable","12":"shipping-taxable","13":"purchasable","14":"product-type-simple"},"_links":{"self":[{"href":"https:\/\/boreait.com\/de\/wp-json\/wp\/v2\/product\/12906","targetHints":{"allow":["GET"]}}],"collection":[{"href":"https:\/\/boreait.com\/de\/wp-json\/wp\/v2\/product"}],"about":[{"href":"https:\/\/boreait.com\/de\/wp-json\/wp\/v2\/types\/product"}],"wp:featuredmedia":[{"embeddable":true,"href":"https:\/\/boreait.com\/de\/wp-json\/wp\/v2\/media\/12968"}],"wp:attachment":[{"href":"https:\/\/boreait.com\/de\/wp-json\/wp\/v2\/media?parent=12906"}],"wp:term":[{"taxonomy":"product_brand","embeddable":true,"href":"https:\/\/boreait.com\/de\/wp-json\/wp\/v2\/product_brand?post=12906"},{"taxonomy":"product_cat","embeddable":true,"href":"https:\/\/boreait.com\/de\/wp-json\/wp\/v2\/product_cat?post=12906"},{"taxonomy":"product_tag","embeddable":true,"href":"https:\/\/boreait.com\/de\/wp-json\/wp\/v2\/product_tag?post=12906"}],"curies":[{"name":"wp","href":"https:\/\/api.w.org\/{rel}","templated":true}]}}