{"id":12895,"date":"2025-09-15T16:26:24","date_gmt":"2025-09-15T14:26:24","guid":{"rendered":"https:\/\/boreait.com\/de\/?post_type=product&#038;p=12895"},"modified":"2025-09-16T12:54:54","modified_gmt":"2025-09-16T10:54:54","slug":"lenovo-thinkpad-t480-14-lcd-videokabel-dc02c00bc20-laptop-teile","status":"publish","type":"product","link":"https:\/\/boreait.com\/de\/produkt\/lenovo-thinkpad-t480-14-lcd-videokabel-dc02c00bc20-laptop-teile\/","title":{"rendered":"Lenovo ThinkPad T480 14 LCD-Videokabel DC02C00BC20 Laptop-Teile"},"content":{"rendered":"<p>Verbessern und erhalten Sie die Anzeigequalit\u00e4t Ihres Lenovo ThinkPad T480 mit unserem Original-LCD-Videokabel, Modell DC02C00BC20. Dieses Kabel wurde speziell f\u00fcr das 14-Zoll-Modell ThinkPad T480 entwickelt und gew\u00e4hrleistet eine stabile Verbindung zwischen LCD-Bildschirm und Motherboard. Dies sorgt f\u00fcr gestochen scharfe Bilder und reibungslose Leistung.<\/p>\n<p><strong>Produktmerkmale:<\/strong><\/p>\n<ul>\n<li><strong>Kompatibilit\u00e4t:<\/strong> Entwickelt f\u00fcr Lenovo ThinkPad T480 14-Zoll-Laptops, garantiert es perfekte Passform und Funktionalit\u00e4t.<\/li>\n<li><strong>Originalteil:<\/strong> Dieses LCD-Videokabel ist ein Original-Ersatzteil von Lenovo und garantiert Qualit\u00e4t und Kompatibilit\u00e4t.<\/li>\n<li><strong>Einfache Installation:<\/strong> Ersetzen Sie Ihr altes oder besch\u00e4digtes Videokabel ganz einfach und minimieren Sie so die Ausfallzeiten Ihres Laptops.<\/li>\n<li><strong>Verbesserte Anzeigequalit\u00e4t:<\/strong> Genie\u00dfen Sie scharfe und klare Bilder mit diesem hochwertigen Videokabel f\u00fcr ein optimales Seherlebnis.<\/li>\n<li><strong>Zuverl\u00e4ssige Leistung:<\/strong> Mit diesem Original-Lenovo-Kabel funktioniert Ihr Laptop-Display garantiert reibungslos. Teil.<\/li>\n<\/ul>\n<p><strong>Hinweis f\u00fcr K\u00e4ufer:<\/strong> Der Austausch des LCD-Videokabels erfordert technisches Wissen. Wir stellen zwar keine Installationsanleitung zur Verf\u00fcgung, helfen Ihnen aber gerne bei Fragen und Anliegen weiter. Die angezeigten Produktbilder sind authentisch und zeigen den Artikel, den Sie erhalten.<\/p>\n<p>R\u00fcsten Sie Ihr Lenovo ThinkPad T480 mit unserem Original-LCD-Videokabel auf. Sichern Sie sich optimale Anzeigequalit\u00e4t und Leistung f\u00fcr Ihr Notebook. Bestellen Sie jetzt und erleben Sie den Unterschied!<\/p>\n","protected":false},"excerpt":{"rendered":"<p>Ersetzen Sie das LCD-Videokabel Ihres Lenovo ThinkPad T480 durch dieses Originalmodell DC02C00BC20. Sorgen Sie mit diesem hochwertigen Ersatzteil f\u00fcr ein gestochen scharfes Display und reibungslose Leistung Ihres Laptops.<\/p>\n","protected":false},"featured_media":12965,"template":"","meta":[],"product_brand":[],"product_cat":[56],"product_tag":[62],"class_list":{"0":"post-12895","1":"product","2":"type-product","3":"status-publish","4":"has-post-thumbnail","6":"product_cat-cables","7":"product_tag-lenovo","9":"first","10":"instock","11":"taxable","12":"shipping-taxable","13":"purchasable","14":"product-type-simple"},"_links":{"self":[{"href":"https:\/\/boreait.com\/de\/wp-json\/wp\/v2\/product\/12895","targetHints":{"allow":["GET"]}}],"collection":[{"href":"https:\/\/boreait.com\/de\/wp-json\/wp\/v2\/product"}],"about":[{"href":"https:\/\/boreait.com\/de\/wp-json\/wp\/v2\/types\/product"}],"wp:featuredmedia":[{"embeddable":true,"href":"https:\/\/boreait.com\/de\/wp-json\/wp\/v2\/media\/12965"}],"wp:attachment":[{"href":"https:\/\/boreait.com\/de\/wp-json\/wp\/v2\/media?parent=12895"}],"wp:term":[{"taxonomy":"product_brand","embeddable":true,"href":"https:\/\/boreait.com\/de\/wp-json\/wp\/v2\/product_brand?post=12895"},{"taxonomy":"product_cat","embeddable":true,"href":"https:\/\/boreait.com\/de\/wp-json\/wp\/v2\/product_cat?post=12895"},{"taxonomy":"product_tag","embeddable":true,"href":"https:\/\/boreait.com\/de\/wp-json\/wp\/v2\/product_tag?post=12895"}],"curies":[{"name":"wp","href":"https:\/\/api.w.org\/{rel}","templated":true}]}}