{"id":12858,"date":"2025-09-15T16:25:33","date_gmt":"2025-09-15T14:25:33","guid":{"rendered":"https:\/\/boreait.com\/de\/?post_type=product&#038;p=12858"},"modified":"2025-09-16T12:54:50","modified_gmt":"2025-09-16T10:54:50","slug":"original-dell-latitude-e7250-linke-rechte-scharniere-abdeckkappen-set-07xp3d-09dmm4-laptop-teile","status":"publish","type":"product","link":"https:\/\/boreait.com\/de\/produkt\/original-dell-latitude-e7250-linke-rechte-scharniere-abdeckkappen-set-07xp3d-09dmm4-laptop-teile\/","title":{"rendered":"Original Dell Latitude E7250 Linke &#038; Rechte Scharniere Abdeckkappen Set 07XP3D 09DMM4 &#8211; Laptop-Teile"},"content":{"rendered":"<div class=\"flex-1 overflow-hidden\">\n<div class=\"react-scroll-to-bottom--css-eeydf-79elbk h-full\">\n<div class=\"react-scroll-to-bottom--css-eeydf-1n7m0yu\">\n<div class=\"flex flex-col text-sm pb-9\">\n<div class=\"w-full text-token-text-primary\" data-testid=\"conversation-turn-9\">\n<div class=\"px-4 py-2 justify-center text-base md:gap-6 m-auto\">\n<div class=\"flex flex-1 text-base mx-auto gap-3 md:px-5 lg:px-1 xl:px-5 md:max-w-3xl lg:max-w-[40rem] xl:max-w-[48rem] group final-completion\">\n<div class=\"relative flex w-full flex-col agent-turn\">\n<div class=\"flex-col gap-1 md:gap-3\">\n<div class=\"flex flex-grow flex-col max-w-full\">\n<div class=\"min-h-[20px] text-message flex flex-col items-start gap-3 whitespace-pre-wrap break-words [.text-message+&]:mt-5 overflow-x-auto\" data-message-author-role=\"assistant\" data-message-id=\"548ff5a1-8c52-477f-91f8-b1e924516071\">\n<div class=\"markdown prose w-full break-words dark:prose-invert dark\">\n<p>Verbessern Sie Ihre Dell Latitude E7250 Laptop mit unserem Original-Abdeckkappen-Set f\u00fcr linkes und rechtes Scharnier, bestehend aus den Teilen 07XP3D und 09DMM4. Diese Scharnierabdeckkappen sind auf Kompatibilit\u00e4t und Langlebigkeit ausgelegt und bieten die perfekte L\u00f6sung f\u00fcr den Austausch verschlissener oder besch\u00e4digter Komponenten. <\/p>\n<p><strong>Hauptmerkmale:<\/strong><\/p>\n<ul>\n<li>Originalteile von Dell: Sie k\u00f6nnen sich darauf verlassen, dass Sie Originalkomponenten von Dell f\u00fcr eine zuverl\u00e4ssige und sichere Passform verwenden.<\/li>\n<li>Kompatibilit\u00e4t: Speziell f\u00fcr Dell Latitude E7250 Laptops entwickelt, garantiert perfekte Passform.<\/li>\n<li>Einfache Installation: Tauschen Sie Ihre alten Scharnierabdeckungen m\u00fchelos aus und verleihen Sie Ihrem Laptop ein frisches und funktionales Aussehen.<\/li>\n<li>Qualit\u00e4tssicherung: Strenge Tests und Qualit\u00e4tskontrollen garantieren Leistung und Langlebigkeit.<\/li>\n<\/ul>\n<p><strong>Kompatibilit\u00e4t:<\/strong><\/p>\n<ul>\n<li>Dell Latitude E7250<\/li>\n<\/ul>\n<p><strong>Lieferumfang:<\/strong><\/p>\n<ul>\n<li>1x linke Scharnierabdeckung (07XP3D)<\/li>\n<li>1x Abdeckkappe f\u00fcr rechte Scharniere (09DMM4)<\/li>\n<\/ul>\n<p>Verbessern Sie die Optik und Funktionalit\u00e4t Ihres Laptops mit unserem Original-Abdeckkappenset f\u00fcr linke und rechte Scharniere f\u00fcr das Dell Latitude E7250. Erleben Sie die Zuverl\u00e4ssigkeit originaler Dell-Teile f\u00fcr Ihren Laptop. Bitte beachten Sie, dass keine Installationsanleitung mitgeliefert wird. Bei Fragen oder Unterst\u00fctzung wenden Sie sich gerne an uns.<\/p>\n<p><em>Hinweis: Die Produktfotos in der Auflistung zeigen authentische Abbildungen der Teile, die Sie erhalten, und vermitteln eine transparente und genaue Darstellung unserer hochwertigen Komponenten.<\/em><\/p>\n<\/div>\n<\/div>\n<\/div>\n<div class=\"mt-1 flex justify-start gap-3 empty:hidden\">\n<div class=\"text-gray-400 flex self-end lg:self-center justify-center lg:justify-start mt-0 -ml-1 h-7 visible\">\n<p>\u00a0<\/p>\n<div class=\"flex items-center gap-1.5 text-xs\"><\/div>\n<div class=\"flex\"><\/div>\n<\/div>\n<\/div>\n<div class=\"pr-2 lg:pr-0\"><\/div>\n<\/div>\n<\/div>\n<\/div>\n<\/div>\n<\/div>\n<\/div>\n<\/div>\n<\/div>\n<div class=\"w-full pt-2 md:pt-0 dark:border-white\/20 md:border-transparent md:dark:border-transparent md:w-[calc(100%-.5rem)]\">\n<div class=\"relative flex h-full flex-1 flex-col\">\n<div class=\"flex w-full items-center\"><\/div>\n<\/div>\n<\/div>\n","protected":false},"excerpt":{"rendered":"<p>Erweitern Sie die Funktionalit\u00e4t Ihres Dell Latitude E7250 Laptops mit unserem Original-Abdeckkappen-Set f\u00fcr linkes und rechtes Scharnier. Diese pr\u00e4zise gefertigten Originalteile (Teilenummer 07XP3D und 09DMM4) gew\u00e4hrleisten eine nahtlose Passform f\u00fcr Ihr Ger\u00e4t. Vertrauen Sie auf die Qualit\u00e4t von Originalkomponenten von Dell f\u00fcr optimale Leistung.<\/p>\n","protected":false},"featured_media":12916,"template":"","meta":[],"product_brand":[],"product_cat":[52],"product_tag":[53],"class_list":{"0":"post-12858","1":"product","2":"type-product","3":"status-publish","4":"has-post-thumbnail","6":"product_cat-laptop-housing","7":"product_tag-dell","9":"first","10":"instock","11":"taxable","12":"shipping-taxable","13":"purchasable","14":"product-type-simple"},"_links":{"self":[{"href":"https:\/\/boreait.com\/de\/wp-json\/wp\/v2\/product\/12858","targetHints":{"allow":["GET"]}}],"collection":[{"href":"https:\/\/boreait.com\/de\/wp-json\/wp\/v2\/product"}],"about":[{"href":"https:\/\/boreait.com\/de\/wp-json\/wp\/v2\/types\/product"}],"wp:featuredmedia":[{"embeddable":true,"href":"https:\/\/boreait.com\/de\/wp-json\/wp\/v2\/media\/12916"}],"wp:attachment":[{"href":"https:\/\/boreait.com\/de\/wp-json\/wp\/v2\/media?parent=12858"}],"wp:term":[{"taxonomy":"product_brand","embeddable":true,"href":"https:\/\/boreait.com\/de\/wp-json\/wp\/v2\/product_brand?post=12858"},{"taxonomy":"product_cat","embeddable":true,"href":"https:\/\/boreait.com\/de\/wp-json\/wp\/v2\/product_cat?post=12858"},{"taxonomy":"product_tag","embeddable":true,"href":"https:\/\/boreait.com\/de\/wp-json\/wp\/v2\/product_tag?post=12858"}],"curies":[{"name":"wp","href":"https:\/\/api.w.org\/{rel}","templated":true}]}}