{"id":12799,"date":"2025-09-15T16:23:45","date_gmt":"2025-09-15T14:23:45","guid":{"rendered":"https:\/\/boreait.com\/de\/?post_type=product&#038;p=12799"},"modified":"2025-09-16T12:54:48","modified_gmt":"2025-09-16T10:54:48","slug":"msi-h67ma-e35-b3-motherboard-ms-7680-ver-2-0-1155-ddr3-f53-original-oem-getestet-schneller-versand","status":"publish","type":"product","link":"https:\/\/boreait.com\/de\/produkt\/msi-h67ma-e35-b3-motherboard-ms-7680-ver-2-0-1155-ddr3-f53-original-oem-getestet-schneller-versand\/","title":{"rendered":"MSI H67MA-E35 (B3) Motherboard MS-7680 Ver 2.0 1155 DDR3 F53 \u2013 Original OEM, getestet, schneller Versand!"},"content":{"rendered":"<p>Willkommen bei Siggmo, Ihrer zuverl\u00e4ssigen Quelle f\u00fcr Laptop-Teile! Wir freuen uns, Ihnen das MSI H67MA-E35 (B3) Motherboard MS-7680 Ver 2.0 DDR3 F53 vorstellen zu d\u00fcrfen \u2013 ein Original-OEM-Produkt, das Ihrem Laptop neues Leben einhaucht. <\/p>\n<p><strong>Hauptmerkmale:<\/strong><\/p>\n<ul>\n<li>Modell: MSI H67MA-E35 (B3) Motherboard MS-7680 Ver 2.0 DDR3 F53<\/li>\n<li>Zustand: Original OEM, gr\u00fcndlich auf Qualit\u00e4tssicherung gepr\u00fcft<\/li>\n<li>Kompatibilit\u00e4t: F\u00fcr die nahtlose Integration mit Ihrem Laptop konzipiert<\/li>\n<li>DDR3-Speicher: Unterst\u00fctzt DDR3-RAM f\u00fcr reibungslose und effiziente Leistung<\/li>\n<li>Sockel: 1155 \/ LGA 1155 \/ LGA1155<\/li>\n<li><strong>Ohne I\/O-Blende!<\/strong><\/li>\n<\/ul>\n<p><strong>Schneller und sicherer Versand:<\/strong> Unser Team sorgt f\u00fcr schnellen und sicheren Versand innerhalb Europas und weltweit. Ihre Zufriedenheit ist unsere Priorit\u00e4t.<\/p>\n<p><strong>Echte Fotos, echte Teile:<\/strong> Die Fotos in dieser Auflistung zeigen authentische Abbildungen des MSI H67MA-E35 (B3) Motherboards MS-7680 Ver 2.0 DDR3 F53, das Sie erhalten. Wir legen Wert auf Transparenz, und was Sie sehen, ist genau das, was Sie erhalten.<\/p>\n<p><strong>Ben\u00f6tigen Sie Hilfe?<\/strong> Wir bieten zwar keine Schritt-f\u00fcr-Schritt-Anleitung zum Austausch, aber unser Team hilft Ihnen gerne weiter. Bei Fragen oder f\u00fcr weitere Informationen zum MSI H67MA-E35 (B3) Motherboard schreiben Sie uns gerne.<\/p>\n","protected":false},"excerpt":{"rendered":"<p>Original MSI H67MA-E35 (B3) Motherboard &#8211; MS-7680 Ver 2.0 DDR3 F53. Gepr\u00fcfte Qualit\u00e4t. Schneller und weltweiter Versand m\u00f6glich.<\/p>\n","protected":false},"featured_media":12863,"template":"","meta":[],"product_brand":[],"product_cat":[63],"product_tag":[82],"class_list":{"0":"post-12799","1":"product","2":"type-product","3":"status-publish","4":"has-post-thumbnail","6":"product_cat-motherboards-board-parts","7":"product_tag-msi","9":"first","10":"instock","11":"taxable","12":"shipping-taxable","13":"purchasable","14":"product-type-simple"},"_links":{"self":[{"href":"https:\/\/boreait.com\/de\/wp-json\/wp\/v2\/product\/12799","targetHints":{"allow":["GET"]}}],"collection":[{"href":"https:\/\/boreait.com\/de\/wp-json\/wp\/v2\/product"}],"about":[{"href":"https:\/\/boreait.com\/de\/wp-json\/wp\/v2\/types\/product"}],"wp:featuredmedia":[{"embeddable":true,"href":"https:\/\/boreait.com\/de\/wp-json\/wp\/v2\/media\/12863"}],"wp:attachment":[{"href":"https:\/\/boreait.com\/de\/wp-json\/wp\/v2\/media?parent=12799"}],"wp:term":[{"taxonomy":"product_brand","embeddable":true,"href":"https:\/\/boreait.com\/de\/wp-json\/wp\/v2\/product_brand?post=12799"},{"taxonomy":"product_cat","embeddable":true,"href":"https:\/\/boreait.com\/de\/wp-json\/wp\/v2\/product_cat?post=12799"},{"taxonomy":"product_tag","embeddable":true,"href":"https:\/\/boreait.com\/de\/wp-json\/wp\/v2\/product_tag?post=12799"}],"curies":[{"name":"wp","href":"https:\/\/api.w.org\/{rel}","templated":true}]}}