{"id":12773,"date":"2025-09-15T16:22:56","date_gmt":"2025-09-15T14:22:56","guid":{"rendered":"https:\/\/boreait.com\/de\/?post_type=product&#038;p=12773"},"modified":"2025-09-16T12:54:45","modified_gmt":"2025-09-16T10:54:45","slug":"original-lenovo-thinkpad-z710-power-button-board-dumbo2-power-sw-board-laptop-teile","status":"publish","type":"product","link":"https:\/\/boreait.com\/de\/produkt\/original-lenovo-thinkpad-z710-power-button-board-dumbo2-power-sw-board-laptop-teile\/","title":{"rendered":"Original Lenovo ThinkPad Z710 Power Button Board DUMBO2 Power SW Board Laptop-Teile"},"content":{"rendered":"<p>Erweitern Sie die Funktionalit\u00e4t Ihres Lenovo ThinkPad Z710 mit der originalen DUMBO2 Power SW-Platine, die speziell f\u00fcr die reibungslose Bedienung des Netzschalters entwickelt wurde. Diese Ersatzplatine f\u00fcr die Netzschalterplatine gew\u00e4hrleistet zuverl\u00e4ssige Leistung und ist mit der Lenovo Z710-Serie kompatibel.<\/p>\n<p>Produktmerkmale:<\/p>\n<p>\u2013 Original Lenovo ThinkPad Z710 Power SW-Platine<\/p>\n<p>\u2013 Modell: DUMBO2 Power SW-Platine<\/p>\n<p>\u2013 Kompatibel mit Lenovo Z710-Laptops<\/p>\n<p>\u2013 Unverzichtbar f\u00fcr die Wiederherstellung der ordnungsgem\u00e4\u00dfen Funktion des Netzschalters<\/p>\n<p>\u2013 Hochwertiger Ersatz f\u00fcr besch\u00e4digte oder defekte Netzschalterplatinen<\/p>\n<p>\u2013 Schneller und sicherer Versand innerhalb Europas und weltweit<\/p>\n<p>Einfache Installation:<\/p>\n<p>Ersetzen Sie Ihre Lenovo ThinkPad Z710 Power SW-Platine m\u00fchelos. Wir bieten zwar keine spezifischen Anleitungen zum Austausch, aber der Vorgang ist f\u00fcr alle, die sich mit Laptop-Reparaturen auskennen, im Allgemeinen unkompliziert. Bei Problemen oder Fragen kontaktieren Sie uns gerne.<\/p>\n<p>Echte Fotos, echte Qualit\u00e4t:<\/p>\n<p>Die Fotos in diesem Angebot zeigen die Power Button Board Ihres Lenovo ThinkPad Z710. Kaufen Sie mit der Gewissheit, dass Sie das Produkt erhalten, das Sie sehen.<\/p>\n<p>Erneuern Sie Ihr Notebook mit diesem zuverl\u00e4ssigen Ersatz-Power Button Board. Bestellen Sie jetzt und erleben Sie den Komfort eines voll funktionsf\u00e4higen Lenovo ThinkPad Z710. Bei Fragen kontaktieren Sie uns gerne \u2013 wir helfen Ihnen gerne weiter.<\/p>\n","protected":false},"excerpt":{"rendered":"<p>Ersetzen Sie Ihre defekte <span class=\"hljs-keyword\">oder<\/span> besch\u00e4digte Lenovo ThinkPad Z710 Power Button Board <span class=\"hljs-keyword\">durch<\/span> <span class=\"hljs-keyword\">dieses<\/span> originale DUMBO2 Power SW Board. Sorgen Sie f\u00fcr einen reibungslosen Betrieb <span class=\"hljs-keyword\">Ihres<\/span> Laptops. Dieses hochwertige Ersatzteil ist kompatibel mit <span class=\"hljs-keyword\">den<\/span> Lenovo Z710-Modellen und ein unverzichtbares Bauteil <span class=\"hljs-keyword\">f\u00fcr<\/span> jeden Laptop-Reparatur-Enthusiasten. Schneller Versand nach Europa <span class=\"hljs-keyword\">und<\/span> weltweit. Jetzt bestellen!<\/p>\n","protected":false},"featured_media":12838,"template":"","meta":[],"product_brand":[],"product_cat":[63],"product_tag":[62],"class_list":{"0":"post-12773","1":"product","2":"type-product","3":"status-publish","4":"has-post-thumbnail","6":"product_cat-motherboards-board-parts","7":"product_tag-lenovo","9":"first","10":"instock","11":"taxable","12":"shipping-taxable","13":"purchasable","14":"product-type-simple"},"_links":{"self":[{"href":"https:\/\/boreait.com\/de\/wp-json\/wp\/v2\/product\/12773","targetHints":{"allow":["GET"]}}],"collection":[{"href":"https:\/\/boreait.com\/de\/wp-json\/wp\/v2\/product"}],"about":[{"href":"https:\/\/boreait.com\/de\/wp-json\/wp\/v2\/types\/product"}],"wp:featuredmedia":[{"embeddable":true,"href":"https:\/\/boreait.com\/de\/wp-json\/wp\/v2\/media\/12838"}],"wp:attachment":[{"href":"https:\/\/boreait.com\/de\/wp-json\/wp\/v2\/media?parent=12773"}],"wp:term":[{"taxonomy":"product_brand","embeddable":true,"href":"https:\/\/boreait.com\/de\/wp-json\/wp\/v2\/product_brand?post=12773"},{"taxonomy":"product_cat","embeddable":true,"href":"https:\/\/boreait.com\/de\/wp-json\/wp\/v2\/product_cat?post=12773"},{"taxonomy":"product_tag","embeddable":true,"href":"https:\/\/boreait.com\/de\/wp-json\/wp\/v2\/product_tag?post=12773"}],"curies":[{"name":"wp","href":"https:\/\/api.w.org\/{rel}","templated":true}]}}