{"id":12724,"date":"2025-09-15T16:21:38","date_gmt":"2025-09-15T14:21:38","guid":{"rendered":"https:\/\/boreait.com\/de\/?post_type=product&#038;p=12724"},"modified":"2025-09-16T12:54:43","modified_gmt":"2025-09-16T10:54:43","slug":"original-medion-akoya-p6687-anzeige-led-platine-69n10ae21a01-laptop-teile-weltweit","status":"publish","type":"product","link":"https:\/\/boreait.com\/de\/produkt\/original-medion-akoya-p6687-anzeige-led-platine-69n10ae21a01-laptop-teile-weltweit\/","title":{"rendered":"Original MEDION Akoya P6687 Anzeige LED-Platine 69N10AE21A01 Laptop-Teile weltweit"},"content":{"rendered":"<p>Steigern Sie die Leistung Ihres MEDION Akoya P6687 mit der Original-LED-Anzeigeplatine (Teilenummer: 69N10AE21A01). Dieses pr\u00e4zise gefertigte Original-Laptop-Teil von MEDION garantiert nahtlose Kompatibilit\u00e4t, optimale Leistung und Langlebigkeit.<\/p>\n<p><strong>Hauptmerkmale:<\/strong><\/p>\n<ul>\n<li>Original-LED-Anzeigeplatine f\u00fcr das MEDION Akoya P6687<\/li>\n<li>Teilenummer: 69N10AE21A01<\/li>\n<li>Erweitern Sie die Laptop-Funktionalit\u00e4t mit Originalkomponenten<\/li>\n<li>Weltweiter Versand m\u00f6glich<\/li>\n<\/ul>\n<p><strong>Kompatibilit\u00e4t:<\/strong> Diese speziell f\u00fcr das MEDION Akoya P6687 entwickelte LED-Anzeigeplatine gew\u00e4hrleistet perfekte Passform und Funktionalit\u00e4t und sch\u00fctzt so die Integrit\u00e4t Ihres Laptops.<\/p>\n<p><strong>Installation:<\/strong> Obwohl keine Installationsanleitung beiliegt, kann die LED-Anzeigeplatine von Personen mit technischen Grundkenntnissen problemlos ausgetauscht werden. F\u00fcr detailliertere Anleitungen schreiben Sie uns gerne eine Nachricht.<\/p>\n<p><strong>Qualit\u00e4tssicherung:<\/strong> Bei Siggmo legen wir Wert auf Qualit\u00e4t und Authentizit\u00e4t. Die Fotos in der Auflistung zeigen das Originalprodukt, das Sie erhalten. Sie k\u00f6nnen sicher sein, dass Sie in ein hochwertiges, originales MEDION-Laptopteil investieren.<\/p>\n<p><strong>Versandinformationen:<\/strong> Wir bieten weltweiten Versand und liefern originale MEDION-Laptopteile direkt zu Ihnen nach Hause. Ihre Bestellung wird sicher verpackt und umgehend versandt, um eine schnelle Lieferung zu gew\u00e4hrleisten.<\/p>\n<p><strong>Jetzt bestellen:<\/strong> Schenken Sie Ihrem MEDION Akoya P6687 die Pflege, die es verdient. Kaufen Sie jetzt die Original-LED-Anzeigeplatine MEDION Akoya P6687 (Teilenummer: 69N10AE21A01) und erleben Sie die Zuverl\u00e4ssigkeit von Original-Laptopteilen.<\/p>\n","protected":false},"excerpt":{"rendered":"<p>Werten Sie Ihr MEDION Akoya P6687 mit dieser Original-LED-Anzeigeplatine auf. Sorgen Sie mit Originalteilen f\u00fcr einen Top-Zustand Ihres Laptops. Weltweiter Versand m\u00f6glich. Jetzt kaufen!<\/p>\n","protected":false},"featured_media":12792,"template":"","meta":[],"product_brand":[],"product_cat":[63],"product_tag":[94],"class_list":{"0":"post-12724","1":"product","2":"type-product","3":"status-publish","4":"has-post-thumbnail","6":"product_cat-motherboards-board-parts","7":"product_tag-medion","9":"first","10":"instock","11":"taxable","12":"shipping-taxable","13":"purchasable","14":"product-type-simple"},"_links":{"self":[{"href":"https:\/\/boreait.com\/de\/wp-json\/wp\/v2\/product\/12724","targetHints":{"allow":["GET"]}}],"collection":[{"href":"https:\/\/boreait.com\/de\/wp-json\/wp\/v2\/product"}],"about":[{"href":"https:\/\/boreait.com\/de\/wp-json\/wp\/v2\/types\/product"}],"wp:featuredmedia":[{"embeddable":true,"href":"https:\/\/boreait.com\/de\/wp-json\/wp\/v2\/media\/12792"}],"wp:attachment":[{"href":"https:\/\/boreait.com\/de\/wp-json\/wp\/v2\/media?parent=12724"}],"wp:term":[{"taxonomy":"product_brand","embeddable":true,"href":"https:\/\/boreait.com\/de\/wp-json\/wp\/v2\/product_brand?post=12724"},{"taxonomy":"product_cat","embeddable":true,"href":"https:\/\/boreait.com\/de\/wp-json\/wp\/v2\/product_cat?post=12724"},{"taxonomy":"product_tag","embeddable":true,"href":"https:\/\/boreait.com\/de\/wp-json\/wp\/v2\/product_tag?post=12724"}],"curies":[{"name":"wp","href":"https:\/\/api.w.org\/{rel}","templated":true}]}}