{"id":12637,"date":"2025-09-15T16:19:04","date_gmt":"2025-09-15T14:19:04","guid":{"rendered":"https:\/\/boreait.com\/de\/?post_type=product&#038;p=12637"},"modified":"2026-01-19T15:50:44","modified_gmt":"2026-01-19T14:50:44","slug":"original-fujitsu-lifebook-s935-lcd-kabel-original-ersatzteil-fuer-das-laptop-display","status":"publish","type":"product","link":"https:\/\/boreait.com\/de\/produkt\/original-fujitsu-lifebook-s935-lcd-kabel-original-ersatzteil-fuer-das-laptop-display\/","title":{"rendered":"Original Fujitsu Lifebook S935 LCD-Kabel \u2013 Original-Ersatzteil f\u00fcr das Laptop-Display"},"content":{"rendered":"<p>Verbessern Sie das visuelle Erlebnis Ihres Fujitsu Lifebook S935 mit dem Original-LCD-Kabel. Dieses pr\u00e4zise gefertigte Kabel ersetzt Ihr vorhandenes Kabel nahtlos und sorgt so stets f\u00fcr eine einwandfreie Anzeige.<\/p>\n<p><strong>Hauptmerkmale:<\/strong><\/p>\n<ul>\n<li><em>Originalersatz:<\/em> Dieses LCD-Kabel ist ein Originalteil des Fujitsu Lifebook S935 und gew\u00e4hrleistet Kompatibilit\u00e4t und optimale Leistung.<\/li>\n<li><em>Scharfes Display:<\/em> Schluss mit Anzeigeproblemen. Dieses Kabel bietet eine zuverl\u00e4ssige Verbindung und ein scharfes und klares Bilderlebnis.<\/li>\n<li><em>Einfache Installation:<\/em> Die benutzerfreundliche Installation erfordert keine besonderen technischen Kenntnisse. Sollten Sie dennoch Hilfe ben\u00f6tigen, k\u00f6nnen Sie sich gerne an uns wenden.<\/li>\n<\/ul>\n<p><strong>Kompatible Modelle:<\/strong><\/p>\n<ul>\n<li>Fujitsu Lifebook S935<\/li>\n<\/ul>\n<p><strong>Hinweis f\u00fcr K\u00e4ufer:<\/strong> Wir verstehen, dass Sie w\u00e4hrend des Austauschvorgangs m\u00f6glicherweise Fragen haben oder Unterst\u00fctzung ben\u00f6tigen. Wir bieten zwar keine Schritt-f\u00fcr-Schritt-Anleitung an, bitten Sie jedoch, uns bei Problemen zu kontaktieren. Wir helfen Ihnen gerne weiter.<\/p>\n<p><strong>Echte Fotos, echte Qualit\u00e4t:<\/strong> Die Fotos in dieser Auflistung zeigen das tats\u00e4chliche Produkt, das Sie erhalten. Wir legen Wert auf Transparenz, und diese Bilder zeigen die hohe Qualit\u00e4t unseres Original-LCD-Kabels f\u00fcr das Fujitsu Lifebook S935.<\/p>\n<p>R\u00fcsten Sie Ihr Laptop-Display noch heute mit diesem Original-Ersatzteil auf. Vertrauen Sie auf die Zuverl\u00e4ssigkeit der Komponenten des Fujitsu Lifebook S935. Bestellen Sie jetzt und erleben Sie den Unterschied. <\/p>\n<p><em>Hinweis: Wir arbeiten kontinuierlich an der Verbesserung unserer Produkte und k\u00f6nnen diese ohne vorherige Ank\u00fcndigung \u00e4ndern. Die bereitgestellten Informationen sind zum Zeitpunkt der Ver\u00f6ffentlichung korrekt.<\/em><\/p>\n","protected":false},"excerpt":{"rendered":"<p>Ersetzen Sie Ihr Fujitsu Lifebook S935 LCD-Kabel durch dieses Originalteil. Sorgen Sie f\u00fcr ein gestochen scharfes Display Ihres Laptops. Kaufen Sie jetzt und sichern Sie sich eine zuverl\u00e4ssige und authentische Laptop-Reparaturl\u00f6sung.<\/p>\n","protected":false},"featured_media":12701,"template":"","meta":[],"product_brand":[],"product_cat":[56],"product_tag":[64],"class_list":{"0":"post-12637","1":"product","2":"type-product","3":"status-publish","4":"has-post-thumbnail","6":"product_cat-cables","7":"product_tag-fujitsu","9":"first","10":"instock","11":"taxable","12":"shipping-taxable","13":"purchasable","14":"product-type-simple"},"_links":{"self":[{"href":"https:\/\/boreait.com\/de\/wp-json\/wp\/v2\/product\/12637","targetHints":{"allow":["GET"]}}],"collection":[{"href":"https:\/\/boreait.com\/de\/wp-json\/wp\/v2\/product"}],"about":[{"href":"https:\/\/boreait.com\/de\/wp-json\/wp\/v2\/types\/product"}],"wp:featuredmedia":[{"embeddable":true,"href":"https:\/\/boreait.com\/de\/wp-json\/wp\/v2\/media\/12701"}],"wp:attachment":[{"href":"https:\/\/boreait.com\/de\/wp-json\/wp\/v2\/media?parent=12637"}],"wp:term":[{"taxonomy":"product_brand","embeddable":true,"href":"https:\/\/boreait.com\/de\/wp-json\/wp\/v2\/product_brand?post=12637"},{"taxonomy":"product_cat","embeddable":true,"href":"https:\/\/boreait.com\/de\/wp-json\/wp\/v2\/product_cat?post=12637"},{"taxonomy":"product_tag","embeddable":true,"href":"https:\/\/boreait.com\/de\/wp-json\/wp\/v2\/product_tag?post=12637"}],"curies":[{"name":"wp","href":"https:\/\/api.w.org\/{rel}","templated":true}]}}