{"id":12633,"date":"2025-09-15T16:19:02","date_gmt":"2025-09-15T14:19:02","guid":{"rendered":"https:\/\/boreait.com\/de\/?post_type=product&#038;p=12633"},"modified":"2025-09-16T12:54:34","modified_gmt":"2025-09-16T10:54:34","slug":"original-fujitsu-lifebook-s936-laptop-motherboard-cpu-intel-core-i5-6200u","status":"publish","type":"product","link":"https:\/\/boreait.com\/de\/produkt\/original-fujitsu-lifebook-s936-laptop-motherboard-cpu-intel-core-i5-6200u\/","title":{"rendered":"Original Fujitsu LifeBook S936 Laptop-Motherboard \u2013 CPU Intel Core i5-6200U"},"content":{"rendered":"<p><strong>Vollst\u00e4ndig getestet und funktionsf\u00e4hig!<\/strong><\/p>\n<p>Erneuern Sie Ihr Fujitsu LifeBook S936 mit diesem Original-Laptop-Motherboard mit Intel Core i5-6200U CPU. Dieses gebrauchte Original-Motherboard ist der perfekte Ersatz oder das perfekte Upgrade und garantiert Kompatibilit\u00e4t und optimale Leistung f\u00fcr Ihr Notebook. Sorgf\u00e4ltig auf Zuverl\u00e4ssigkeit getestet, erf\u00fcllt dieses Motherboard Ihre Anforderungen.<\/p>\n<p><strong>Hauptmerkmale:<\/strong><\/p>\n<ul>\n<li><strong>Kompatibilit\u00e4t:<\/strong> Speziell f\u00fcr Fujitsu LifeBook S936 Notebooks entwickelt. Kompatible Teilenummern: CP693470-Z5, CP693504-X5<\/li>\n<li><strong>Prozessor:<\/strong> Angetrieben von einer Intel Core i5-6200U CPU f\u00fcr effizientes Multitasking und reaktionsschnelle Leistung.<\/li>\n<li><strong>Originalqualit\u00e4t:<\/strong> Dieses Motherboard ist ein originales, gebrauchtes Teil, das Authentizit\u00e4t und Zuverl\u00e4ssigkeit garantiert.<\/li>\n<li><strong>Plug-and-Play:<\/strong> Einfache Installation f\u00fcr Nutzer mit technischem Know-how. Wenn Sie Hilfe ben\u00f6tigen, schreiben Sie uns gerne.<\/li>\n<li><strong>Schneller Versand:<\/strong> Mit unseren schnellen Versandoptionen ist Ihr Laptop schnell wieder einsatzbereit.<\/li>\n<\/ul>\n<p>Ob Sie die Originalspezifikationen Ihres Laptops wiederherstellen oder ein Upgrade w\u00fcnschen \u2013 dieses Fujitsu LifeBook S936 Motherboard ist eine kosteng\u00fcnstige L\u00f6sung. Bitte beachten Sie, dass wir keine Anleitungen zum Austausch von Teilen bereitstellen, Ihnen aber bei Fragen gerne weiterhelfen. Die Produktbilder zeigen Originalfotos des Motherboards, das Sie erhalten. Bestellen Sie jetzt und erleben Sie den Komfort zuverl\u00e4ssiger Computertechnik!<\/p>\n","protected":false},"excerpt":{"rendered":"<p>R\u00fcsten Sie Ihr Fujitsu LifeBook S936-Laptop-Motherboard auf oder ersetzen Sie es durch dieses originale, gebrauchte Ger\u00e4t mit Intel Core i5-6200U CPU. Dieses auf Zuverl\u00e4ssigkeit und Leistung getestete Motherboard ist ein Originalteil, das f\u00fcr einen reibungslosen Betrieb Ihres Laptops sorgt. Schneller Versand m\u00f6glich.<\/p>\n","protected":false},"featured_media":12696,"template":"","meta":[],"product_brand":[],"product_cat":[63],"product_tag":[64],"class_list":{"0":"post-12633","1":"product","2":"type-product","3":"status-publish","4":"has-post-thumbnail","6":"product_cat-motherboards-board-parts","7":"product_tag-fujitsu","9":"first","10":"instock","11":"taxable","12":"shipping-taxable","13":"purchasable","14":"product-type-simple"},"_links":{"self":[{"href":"https:\/\/boreait.com\/de\/wp-json\/wp\/v2\/product\/12633","targetHints":{"allow":["GET"]}}],"collection":[{"href":"https:\/\/boreait.com\/de\/wp-json\/wp\/v2\/product"}],"about":[{"href":"https:\/\/boreait.com\/de\/wp-json\/wp\/v2\/types\/product"}],"wp:featuredmedia":[{"embeddable":true,"href":"https:\/\/boreait.com\/de\/wp-json\/wp\/v2\/media\/12696"}],"wp:attachment":[{"href":"https:\/\/boreait.com\/de\/wp-json\/wp\/v2\/media?parent=12633"}],"wp:term":[{"taxonomy":"product_brand","embeddable":true,"href":"https:\/\/boreait.com\/de\/wp-json\/wp\/v2\/product_brand?post=12633"},{"taxonomy":"product_cat","embeddable":true,"href":"https:\/\/boreait.com\/de\/wp-json\/wp\/v2\/product_cat?post=12633"},{"taxonomy":"product_tag","embeddable":true,"href":"https:\/\/boreait.com\/de\/wp-json\/wp\/v2\/product_tag?post=12633"}],"curies":[{"name":"wp","href":"https:\/\/api.w.org\/{rel}","templated":true}]}}