{"id":12619,"date":"2025-09-15T16:18:31","date_gmt":"2025-09-15T14:18:31","guid":{"rendered":"https:\/\/boreait.com\/de\/?post_type=product&#038;p=12619"},"modified":"2025-09-16T12:54:33","modified_gmt":"2025-09-16T10:54:33","slug":"original-tm-03245-001-laptop-touchpad-fuer-hp-probook-430-435-440-445-g4-oem-ersatz","status":"publish","type":"product","link":"https:\/\/boreait.com\/de\/produkt\/original-tm-03245-001-laptop-touchpad-fuer-hp-probook-430-435-440-445-g4-oem-ersatz\/","title":{"rendered":"Original TM-03245-001 Laptop-Touchpad f\u00fcr HP Probook 430 435 440 445 G4 \u2013 OEM-Ersatz"},"content":{"rendered":"<p>Erweitern Sie die Funktionalit\u00e4t Ihres HP Probook 430, 435, 440, 445 G4 Laptops mit dem Original TM-03245-001 Laptop-Touchpad. Dieses Touchpad wurde sorgf\u00e4ltig als OEM-Ersatz entwickelt und passt perfekt zu Ihrem 430, 435, 440, 445 G4 Notebook. Genie\u00dfen Sie pr\u00e4zise Navigation und reaktionsschnelle Touch-Steuerung \u2013 egal, ob Sie an wichtigen Projekten arbeiten oder einfach im Internet surfen. <\/p>\n<p><strong>Hauptmerkmale:<\/strong><\/p>\n<ul>\n<li><strong>Original-OEM-Ersatz:<\/strong> Das TM-03245-001 ist ein originales Touchpad, das speziell f\u00fcr HP Probook 430, 435, 440 und 445 G4 Laptops entwickelt wurde.<\/li>\n<li><strong>Kompatibilit\u00e4t:<\/strong> Gew\u00e4hrleisten Sie eine nahtlose Integration mit Ihrem HP 430 G4 Notebook f\u00fcr zuverl\u00e4ssige Leistung.<\/li>\n<li><strong>Reaktionsschnelle Touch-Steuerung:<\/strong> Erleben Sie pr\u00e4zise und reibungslose Navigation mit diesem hochwertigen Touchpad.<\/li>\n<li><strong>Einfache Installation:<\/strong> R\u00fcsten oder ersetzen Sie Ihr Touchpad mit Zuversicht. Sollten bei der Installation Probleme auftreten, wenden Sie sich bitte an uns.<\/li>\n<\/ul>\n<p><strong>Kompatibles Modell:<\/strong><\/p>\n<ul>\n<li>HP Probook 430, 435, 440 & 445 G4<\/li>\n<\/ul>\n<p><strong>Hinweis:<\/strong><\/p>\n<ul>\n<li>Eine Anleitung zum Austausch des Touchpads liegt nicht bei. Sollten Sie Hilfe ben\u00f6tigen, schreiben Sie uns bitte eine Nachricht. Unser engagiertes Support-Team hilft Ihnen gerne weiter.<\/li>\n<\/ul>\n<p><strong>Qualit\u00e4tssicherung:<\/strong> Bei Siggmo legen wir Wert auf Qualit\u00e4t und Authentizit\u00e4t. Die Fotos in diesem Angebot zeigen das TM-03245-001 Laptop-Touchpad, das Sie erhalten. Vertrauen Sie auf Originalteile, um die Leistung Ihres HP Probook 430, 435, 440 und 445 G4 zu optimieren.<\/p>\n","protected":false},"excerpt":{"rendered":"<p>R\u00fcsten Sie Ihr HP Probook 430 435 440 445 G4 Laptop-Touchpad auf oder ersetzen Sie es durch das Originalmodell TM-03245-001. Dieses Touchpad passt perfekt zu Ihrem 430 G4 Notebook und sorgt f\u00fcr eine reaktionsschnelle und pr\u00e4zise Navigation. Hergestellt nach OEM-Spezifikationen garantiert es nahtlose Kompatibilit\u00e4t. Vertrauen Sie auf die Qualit\u00e4t originaler Teile f\u00fcr Ihr HP Notebook. Bestellen Sie jetzt ein zuverl\u00e4ssiges Touchpad-Ersatzteil.<\/p>\n","protected":false},"featured_media":12678,"template":"","meta":[],"product_brand":[],"product_cat":[63,78],"product_tag":[61],"class_list":{"0":"post-12619","1":"product","2":"type-product","3":"status-publish","4":"has-post-thumbnail","6":"product_cat-motherboards-board-parts","7":"product_cat-laptop-touchpads","8":"product_tag-hp","10":"first","11":"instock","12":"taxable","13":"shipping-taxable","14":"purchasable","15":"product-type-simple"},"_links":{"self":[{"href":"https:\/\/boreait.com\/de\/wp-json\/wp\/v2\/product\/12619","targetHints":{"allow":["GET"]}}],"collection":[{"href":"https:\/\/boreait.com\/de\/wp-json\/wp\/v2\/product"}],"about":[{"href":"https:\/\/boreait.com\/de\/wp-json\/wp\/v2\/types\/product"}],"wp:featuredmedia":[{"embeddable":true,"href":"https:\/\/boreait.com\/de\/wp-json\/wp\/v2\/media\/12678"}],"wp:attachment":[{"href":"https:\/\/boreait.com\/de\/wp-json\/wp\/v2\/media?parent=12619"}],"wp:term":[{"taxonomy":"product_brand","embeddable":true,"href":"https:\/\/boreait.com\/de\/wp-json\/wp\/v2\/product_brand?post=12619"},{"taxonomy":"product_cat","embeddable":true,"href":"https:\/\/boreait.com\/de\/wp-json\/wp\/v2\/product_cat?post=12619"},{"taxonomy":"product_tag","embeddable":true,"href":"https:\/\/boreait.com\/de\/wp-json\/wp\/v2\/product_tag?post=12619"}],"curies":[{"name":"wp","href":"https:\/\/api.w.org\/{rel}","templated":true}]}}