{"id":12423,"date":"2025-09-15T16:12:48","date_gmt":"2025-09-15T14:12:48","guid":{"rendered":"https:\/\/boreait.com\/de\/?post_type=product&#038;p=12423"},"modified":"2026-01-19T14:53:01","modified_gmt":"2026-01-19T13:53:01","slug":"original-hp-pavilion-15-dc-stromanschlusskabel-730932-sd1-laptop-teileersatz","status":"publish","type":"product","link":"https:\/\/boreait.com\/de\/produkt\/original-hp-pavilion-15-dc-stromanschlusskabel-730932-sd1-laptop-teileersatz\/","title":{"rendered":"Original HP Pavilion 15 DC-Stromanschlusskabel 730932-SD1 \u2013 Laptop-Teileersatz"},"content":{"rendered":"<p>R\u00fcsten Sie Ihr HP Pavilion 15-Notebook mit dem originalen DC-Stromanschluss-Flexkabel (Teilenummer 730932-SD1) auf. Bei Ladeproblemen oder zeitweiligen Stromausf\u00e4llen ist dieses Ersatzkabel die L\u00f6sung.<\/p>\n<p><strong>Hauptmerkmale:<\/strong><\/p>\n<ul>\n<li>Original HP Pavilion 15 DC-Stromanschlusskabel<\/li>\n<li>Teilenummer 730932-SD1 f\u00fcr pr\u00e4zise Kompatibilit\u00e4t<\/li>\n<li>Hochwertige Materialien f\u00fcr Langlebigkeit<\/li>\n<li>Zuverl\u00e4ssige Stromversorgung f\u00fcr unterbrechungsfreien Laptop-Betrieb<\/li>\n<\/ul>\n<p><strong>Kompatibilit\u00e4t:<\/strong> Dieses speziell f\u00fcr HP Pavilion 15-Notebooks entwickelte DC-Stromanschlusskabel gew\u00e4hrleistet eine nahtlose Passform und einwandfreie Funktionalit\u00e4t. \u00dcberpr\u00fcfen Sie die Teilenummer 730932-SD1, um die Kompatibilit\u00e4t mit Ihrem Ger\u00e4t zu gew\u00e4hrleisten.<\/p>\n<p><strong>Einfache Installation:<\/strong> Obwohl wir keine Schritt-f\u00fcr-Schritt-Anleitung bieten, ist der Austausch des DC-Stromanschlusskabels unkompliziert. Sollten Sie Hilfe ben\u00f6tigen, kontaktieren Sie uns gerne. Wir begleiten Sie gerne durch die Installation und beantworten Ihre Fragen.<\/p>\n<p><strong>Originalfotos:<\/strong> Sie k\u00f6nnen sicher sein, dass das Produkt, das Sie erhalten, mit den Originalfotos in der Auflistung \u00fcbereinstimmt. Wir legen Wert auf Transparenz, und die Bilder zeigen das DC-Stromanschlusskabel, das Sie erhalten, genau.<\/p>\n<p>R\u00fcsten Sie Ihren Laptop noch heute mit diesem originalen HP Pavilion 15 DC-Stromanschluss-Dock-Anschluss-Flexkabel auf. Vertrauen Sie auf die Qualit\u00e4t originaler Laptop-Teile f\u00fcr ein zuverl\u00e4ssiges und effizientes Computererlebnis.<\/p>\n","protected":false},"excerpt":{"rendered":"<p>Ersetzen Sie die DC-Strombuchse Ihres Laptops durch dieses originale HP Pavilion 15 DC-Strombuchsen-Dock-Anschluss-Flexkabel (Teilenummer 730932-SD1). Sorgen Sie mit diesem hochwertigen Ersatzteil f\u00fcr eine zuverl\u00e4ssige Stromversorgung und stellen Sie die Ladefunktion Ihres Laptops wieder her.<\/p>\n","protected":false},"featured_media":12484,"template":"","meta":[],"product_brand":[],"product_cat":[56],"product_tag":[61],"class_list":{"0":"post-12423","1":"product","2":"type-product","3":"status-publish","4":"has-post-thumbnail","6":"product_cat-cables","7":"product_tag-hp","9":"first","10":"instock","11":"taxable","12":"shipping-taxable","13":"purchasable","14":"product-type-simple"},"_links":{"self":[{"href":"https:\/\/boreait.com\/de\/wp-json\/wp\/v2\/product\/12423","targetHints":{"allow":["GET"]}}],"collection":[{"href":"https:\/\/boreait.com\/de\/wp-json\/wp\/v2\/product"}],"about":[{"href":"https:\/\/boreait.com\/de\/wp-json\/wp\/v2\/types\/product"}],"wp:featuredmedia":[{"embeddable":true,"href":"https:\/\/boreait.com\/de\/wp-json\/wp\/v2\/media\/12484"}],"wp:attachment":[{"href":"https:\/\/boreait.com\/de\/wp-json\/wp\/v2\/media?parent=12423"}],"wp:term":[{"taxonomy":"product_brand","embeddable":true,"href":"https:\/\/boreait.com\/de\/wp-json\/wp\/v2\/product_brand?post=12423"},{"taxonomy":"product_cat","embeddable":true,"href":"https:\/\/boreait.com\/de\/wp-json\/wp\/v2\/product_cat?post=12423"},{"taxonomy":"product_tag","embeddable":true,"href":"https:\/\/boreait.com\/de\/wp-json\/wp\/v2\/product_tag?post=12423"}],"curies":[{"name":"wp","href":"https:\/\/api.w.org\/{rel}","templated":true}]}}