{"id":12422,"date":"2025-09-15T16:12:48","date_gmt":"2025-09-15T14:12:48","guid":{"rendered":"https:\/\/boreait.com\/de\/?post_type=product&#038;p=12422"},"modified":"2026-01-19T14:52:44","modified_gmt":"2026-01-19T13:52:44","slug":"sunon-laptop-luefter-ef60070s1-c140-g9a-fuer-hp-dell-laptops-leise-kuehlloesung","status":"publish","type":"product","link":"https:\/\/boreait.com\/de\/produkt\/sunon-laptop-luefter-ef60070s1-c140-g9a-fuer-hp-dell-laptops-leise-kuehlloesung\/","title":{"rendered":"Sunon Laptop-L\u00fcfter EF60070S1-C140-G9A f\u00fcr HP DELL Laptops \u2013 Leise K\u00fchll\u00f6sung"},"content":{"rendered":"<p>R\u00fcsten Sie das K\u00fchlsystem Ihres Laptops mit dem Sunon Laptop-L\u00fcfter Modell EF60070S1-C140-G9A auf, einer hochwertigen L\u00f6sung, die mit HP- und DELL-Laptops kompatibel ist. Dieser originale Sunon-L\u00fcfter sorgt f\u00fcr effiziente und leise K\u00fchlung und gew\u00e4hrleistet, dass Ihr Laptop auch bei anspruchsvollen Aufgaben optimale Leistung liefert. <\/p>\n<p><strong>Hauptmerkmale:<\/strong><\/p>\n<ul>\n<li><strong>Kompatibilit\u00e4t:<\/strong> Speziell f\u00fcr HP- und DELL-Laptops entwickelt, garantiert er perfekte Passform und zuverl\u00e4ssige Leistung.<\/li>\n<li><strong>Effiziente K\u00fchlung:<\/strong> Sorgen Sie mit der au\u00dfergew\u00f6hnlichen K\u00fchlleistung dieses L\u00fcfters f\u00fcr optimale Leistung Ihres Laptops und verhindern Sie \u00dcberhitzung und m\u00f6gliche Sch\u00e4den.<\/li>\n<li><strong>Leiser Betrieb:<\/strong> Der Sunon EF60070S1-C140-G9A arbeitet leise, sodass Sie ohne st\u00f6rende L\u00fcfterger\u00e4usche arbeiten oder spielen k\u00f6nnen.<\/li>\n<li><strong>Einfache Installation:<\/strong> Dank der benutzerfreundlichen Installation k\u00f6nnen Sie Ihr K\u00fchlsystem m\u00fchelos aufr\u00fcsten.<\/li>\n<\/ul>\n<p>Ob Sie Probleme mit der K\u00fchlung haben oder diese vermeiden m\u00f6chten \u2013 dieser Sunon-Laptopl\u00fcfter ist eine kluge Investition. Verbessern Sie die Lebensdauer und Leistung Ihres Laptops, indem Sie Ihren abgenutzten oder defekten L\u00fcfter durch dieses zuverl\u00e4ssige Originalprodukt von Sunon ersetzen.<\/p>\n","protected":false},"excerpt":{"rendered":"<p>Sorgen Sie mit dem Sunon Laptop-L\u00fcfter Modell EF60070S1-C140-G9A f\u00fcr optimale Leistung und Langlebigkeit Ihres HP- oder DELL-Laptops. Dieser Original-L\u00fcfter der Marke Sunon sorgt f\u00fcr effiziente K\u00fchlung und sorgt daf\u00fcr, dass Ihr Laptop auch bei intensiven Aufgaben k\u00fchl bleibt. Einfach zu installieren und au\u00dfergew\u00f6hnlich leise, ist dieser L\u00fcfter ein zuverl\u00e4ssiger Ersatz f\u00fcr verschlissene oder defekte Laptop-L\u00fcfter. Kaufen Sie jetzt und erleben Sie verbesserte Laptop-K\u00fchlung.<\/p>\n","protected":false},"featured_media":12483,"template":"","meta":[],"product_brand":[],"product_cat":[69],"product_tag":[],"class_list":{"0":"post-12422","1":"product","2":"type-product","3":"status-publish","4":"has-post-thumbnail","6":"product_cat-cpu-fans-heatsinks","8":"first","9":"instock","10":"taxable","11":"shipping-taxable","12":"purchasable","13":"product-type-simple"},"_links":{"self":[{"href":"https:\/\/boreait.com\/de\/wp-json\/wp\/v2\/product\/12422","targetHints":{"allow":["GET"]}}],"collection":[{"href":"https:\/\/boreait.com\/de\/wp-json\/wp\/v2\/product"}],"about":[{"href":"https:\/\/boreait.com\/de\/wp-json\/wp\/v2\/types\/product"}],"wp:featuredmedia":[{"embeddable":true,"href":"https:\/\/boreait.com\/de\/wp-json\/wp\/v2\/media\/12483"}],"wp:attachment":[{"href":"https:\/\/boreait.com\/de\/wp-json\/wp\/v2\/media?parent=12422"}],"wp:term":[{"taxonomy":"product_brand","embeddable":true,"href":"https:\/\/boreait.com\/de\/wp-json\/wp\/v2\/product_brand?post=12422"},{"taxonomy":"product_cat","embeddable":true,"href":"https:\/\/boreait.com\/de\/wp-json\/wp\/v2\/product_cat?post=12422"},{"taxonomy":"product_tag","embeddable":true,"href":"https:\/\/boreait.com\/de\/wp-json\/wp\/v2\/product_tag?post=12422"}],"curies":[{"name":"wp","href":"https:\/\/api.w.org\/{rel}","templated":true}]}}