{"id":12385,"date":"2025-09-15T16:11:30","date_gmt":"2025-09-15T14:11:30","guid":{"rendered":"https:\/\/boreait.com\/de\/?post_type=product&#038;p=12385"},"modified":"2025-09-16T12:54:17","modified_gmt":"2025-09-16T10:54:17","slug":"hitachi-gma-4082n-y-lenovo-3000-n200-dvd-rw-laufwerk-fru-43n7629-laptop-teile","status":"publish","type":"product","link":"https:\/\/boreait.com\/de\/produkt\/hitachi-gma-4082n-y-lenovo-3000-n200-dvd-rw-laufwerk-fru-43n7629-laptop-teile\/","title":{"rendered":"Hitachi GMA-4082N-Y Lenovo 3000 N200 DVD-RW-Laufwerk FRU 43N7629 Laptop-Teile"},"content":{"rendered":"<p>Steigern Sie die Leistung Ihres Lenovo 3000 N200 Laptops mit dem Hitachi GMA-4082N-Y Super Multi DVD-RW-Laufwerk (FRU 43N7629). Dieses originale DVD-RW-Laufwerk ist ein Originalersatzteil und bietet Kompatibilit\u00e4t und Zuverl\u00e4ssigkeit f\u00fcr Ihren Laptop. <\/p>\n<p><strong>Produktmerkmale:<\/strong><\/p>\n<ul>\n<li><strong>Modell:<\/strong> Hitachi GMA-4082N-Y<\/li>\n<li><strong>Kompatibilit\u00e4t:<\/strong> Lenovo 3000 N200, FRU 43N7629<\/li>\n<li><strong>Typ:<\/strong> Super Multi DVD-RW<\/li>\n<li><strong>Qualit\u00e4tssicherung:<\/strong> Originalteil f\u00fcr optimale Leistung<\/li>\n<li><strong>Plug-and-Play:<\/strong> Einfacher Austausch oder Upgrade des optischen Laufwerks Ihres Laptops<\/li>\n<li><strong>Funktionale Exzellenz:<\/strong> Genie\u00dfen Sie nahtlose DVD- und CD-Wiedergabe<\/li>\n<li><strong>Weltweiter Versand:<\/strong> Lieferung innerhalb Europas und weltweit m\u00f6glich<\/li>\n<\/ul>\n<p>Upgraden Sie Ihren Laptop mit der Gewissheit, dass die Fotos in der Auflistung das Produkt, das Sie erhalten, genau darstellen. Bei Fragen oder Unterst\u00fctzung bei der Installation schreiben Sie uns gerne eine Nachricht. Wir bieten zwar keine detaillierten Anleitungen, unterst\u00fctzen Sie aber gerne dabei, das Beste aus Ihrem Kauf herauszuholen.<\/p>\n<p>Erneuern Sie Ihr Lenovo 3000 N200 mit diesem Hitachi GMA-4082N-Y Super Multi DVD-RW-Laufwerk. Bestellen Sie jetzt f\u00fcr ein zuverl\u00e4ssiges und effizientes Computererlebnis.<\/p>\n","protected":false},"excerpt":{"rendered":"<p>R\u00fcsten Sie Ihr optisches Laufwerk mit dem Hitachi GMA-4082N-Y Lenovo 3000 N200 Super Multi DVD-RW auf oder ersetzen Sie es. Dieses Originalteil (FRU 43N7629) gew\u00e4hrleistet Kompatibilit\u00e4t und Zuverl\u00e4ssigkeit. Jetzt kaufen und nahtlose DVD- und CD-Funktionalit\u00e4t genie\u00dfen.<\/p>\n","protected":false},"featured_media":12448,"template":"","meta":[],"product_brand":[],"product_cat":[63],"product_tag":[62],"class_list":{"0":"post-12385","1":"product","2":"type-product","3":"status-publish","4":"has-post-thumbnail","6":"product_cat-motherboards-board-parts","7":"product_tag-lenovo","9":"first","10":"instock","11":"taxable","12":"shipping-taxable","13":"purchasable","14":"product-type-simple"},"_links":{"self":[{"href":"https:\/\/boreait.com\/de\/wp-json\/wp\/v2\/product\/12385","targetHints":{"allow":["GET"]}}],"collection":[{"href":"https:\/\/boreait.com\/de\/wp-json\/wp\/v2\/product"}],"about":[{"href":"https:\/\/boreait.com\/de\/wp-json\/wp\/v2\/types\/product"}],"wp:featuredmedia":[{"embeddable":true,"href":"https:\/\/boreait.com\/de\/wp-json\/wp\/v2\/media\/12448"}],"wp:attachment":[{"href":"https:\/\/boreait.com\/de\/wp-json\/wp\/v2\/media?parent=12385"}],"wp:term":[{"taxonomy":"product_brand","embeddable":true,"href":"https:\/\/boreait.com\/de\/wp-json\/wp\/v2\/product_brand?post=12385"},{"taxonomy":"product_cat","embeddable":true,"href":"https:\/\/boreait.com\/de\/wp-json\/wp\/v2\/product_cat?post=12385"},{"taxonomy":"product_tag","embeddable":true,"href":"https:\/\/boreait.com\/de\/wp-json\/wp\/v2\/product_tag?post=12385"}],"curies":[{"name":"wp","href":"https:\/\/api.w.org\/{rel}","templated":true}]}}