{"id":12341,"date":"2025-09-15T16:10:14","date_gmt":"2025-09-15T14:10:14","guid":{"rendered":"https:\/\/boreait.com\/de\/?post_type=product&#038;p=12341"},"modified":"2026-01-19T11:25:07","modified_gmt":"2026-01-19T10:25:07","slug":"original-usb-audio-board-karte-fuer-lenovo-3000-n200-0769-mit-flachkabel","status":"publish","type":"product","link":"https:\/\/boreait.com\/de\/produkt\/original-usb-audio-board-karte-fuer-lenovo-3000-n200-0769-mit-flachkabel\/","title":{"rendered":"Original USB-Audio-Board-Karte f\u00fcr LENOVO 3000 N200 \u2013 0769 mit Flachkabel"},"content":{"rendered":"<p>Optimieren Sie Ihr LENOVO 3000 N200 \u2013 0769 Notebook mit unserer Original USB-Audiokarte. Komplett mit Flachbandkabel f\u00fcr eine einfache Installation. Dieses hochwertige Ersatzteil garantiert Kompatibilit\u00e4t und optimale Leistung.<\/p>\n<p><strong>Hauptmerkmale:<\/strong><\/p>\n<ul>\n<li><strong>Kompatibilit\u00e4t:<\/strong> Speziell f\u00fcr LENOVO 3000 N200 \u2013 0769 Notebooks entwickelt.<\/li>\n<li><strong>Einfache Installation:<\/strong> Das mitgelieferte Flachbandkabel vereinfacht den Austausch und sorgt f\u00fcr ein problemloses Upgrade.<\/li>\n<li><strong>Audioverbesserung:<\/strong> Genie\u00dfen Sie verbesserte Audioqualit\u00e4t f\u00fcr ein optimiertes Multimedia-Erlebnis.<\/li>\n<li><strong>Originalqualit\u00e4t:<\/strong> Vertrauen Sie auf eine Original USB-Audiokarte, die den Herstellerspezifikationen entspricht.<\/li>\n<\/ul>\n<p>Upgraden Sie Ihr Notebook m\u00fchelos und bringen Sie seine Audiofunktionen zur\u00fcck. Diese USB-Audiokarte ist ideal f\u00fcr den privaten Gebrauch und professionelle Techniker und steht f\u00fcr unser Qualit\u00e4tsversprechen.<\/p>\n<p><em>Hinweis:<\/em> Wir stellen keine Installationsanleitung zur Verf\u00fcgung, helfen Ihnen aber gerne weiter. Kontaktieren Sie uns gerne, wenn Sie Hilfe ben\u00f6tigen.<\/p>\n<p>[F\u00fcgen Sie alle zus\u00e4tzlichen Informationen hinzu, die Sie angeben m\u00f6chten, z. B. Garantiedetails, Kundensupport oder andere relevante Details.]<\/p>\n<p>Vergessen Sie nicht, Ihren Angeboten klare, hochwertige Bilder der USB-Audiokarte f\u00fcr LENOVO 3000 N200 \u2013 0769 hinzuzuf\u00fcgen, um das Vertrauen der K\u00e4ufer zu st\u00e4rken.<\/p>\n","protected":false},"excerpt":{"rendered":"<p>R\u00fcsten Sie Ihr LENOVO 3000 N200 &#8211; 0769 Notebook mit dieser originalen USB-Audiokarte auf. Das mitgelieferte Flachkabel sorgt f\u00fcr eine einfache Installation. Verbessern Sie Ihr Audioerlebnis und sorgen Sie daf\u00fcr, dass Ihr Notebook wieder wie neu l\u00e4uft. Weltweiter Versand m\u00f6glich<\/p>\n","protected":false},"featured_media":12397,"template":"","meta":[],"product_brand":[],"product_cat":[63],"product_tag":[62],"class_list":{"0":"post-12341","1":"product","2":"type-product","3":"status-publish","4":"has-post-thumbnail","6":"product_cat-motherboards-board-parts","7":"product_tag-lenovo","9":"first","10":"instock","11":"taxable","12":"shipping-taxable","13":"purchasable","14":"product-type-simple"},"_links":{"self":[{"href":"https:\/\/boreait.com\/de\/wp-json\/wp\/v2\/product\/12341","targetHints":{"allow":["GET"]}}],"collection":[{"href":"https:\/\/boreait.com\/de\/wp-json\/wp\/v2\/product"}],"about":[{"href":"https:\/\/boreait.com\/de\/wp-json\/wp\/v2\/types\/product"}],"wp:featuredmedia":[{"embeddable":true,"href":"https:\/\/boreait.com\/de\/wp-json\/wp\/v2\/media\/12397"}],"wp:attachment":[{"href":"https:\/\/boreait.com\/de\/wp-json\/wp\/v2\/media?parent=12341"}],"wp:term":[{"taxonomy":"product_brand","embeddable":true,"href":"https:\/\/boreait.com\/de\/wp-json\/wp\/v2\/product_brand?post=12341"},{"taxonomy":"product_cat","embeddable":true,"href":"https:\/\/boreait.com\/de\/wp-json\/wp\/v2\/product_cat?post=12341"},{"taxonomy":"product_tag","embeddable":true,"href":"https:\/\/boreait.com\/de\/wp-json\/wp\/v2\/product_tag?post=12341"}],"curies":[{"name":"wp","href":"https:\/\/api.w.org\/{rel}","templated":true}]}}