{"id":12300,"date":"2025-09-15T16:09:16","date_gmt":"2025-09-15T14:09:16","guid":{"rendered":"https:\/\/boreait.com\/de\/?post_type=product&#038;p=12300"},"modified":"2025-09-16T12:54:09","modified_gmt":"2025-09-16T10:54:09","slug":"original-touchpad-maus-kabel-fuer-medion-e6439-md-61188-04a1-00k6100","status":"publish","type":"product","link":"https:\/\/boreait.com\/de\/produkt\/original-touchpad-maus-kabel-fuer-medion-e6439-md-61188-04a1-00k6100\/","title":{"rendered":"Original Touchpad Maus + Kabel f\u00fcr MEDION E6439 MD 61188 04A1-00K6100"},"content":{"rendered":"<p>Ersetzen oder r\u00fcsten Sie Touchpad, Maus und Kabel Ihres MEDION E6439 MD 61188 04A1-00K6100 Laptops mit diesem Originalteil auf. Stellen Sie die reibungslose Navigation und pr\u00e4zise Cursorsteuerung Ihres Ger\u00e4ts wieder her und sorgen Sie f\u00fcr ein optimales Benutzererlebnis. Diese nach h\u00f6chsten Standards gefertigte Kombination aus Touchpad, Maus und Kabel garantiert Kompatibilit\u00e4t und Zuverl\u00e4ssigkeit. Die Installation ist unkompliziert, sodass Ihr Laptop schnell und unkompliziert wieder einsatzbereit ist. Geben Sie sich nicht mit Aftermarket-Alternativen zufrieden \u2013 entscheiden Sie sich f\u00fcr Originalteile von MEDION f\u00fcr \u00fcberlegene Leistung und ein sicheres Gef\u00fchl.<\/p>\n","protected":false},"excerpt":{"rendered":"<p>Mit dieser Original-Touchpad-Maus und dem passenden Kabel erhalten Sie die reibungslose Navigation und pr\u00e4zise Cursorsteuerung Ihres MEDION E6439 MD 61188 04A1-00K6100 Laptops zur\u00fcck. Einfach zu installieren und nach h\u00f6chsten Standards gefertigt, sorgt es f\u00fcr ein optimales Benutzererlebnis.<\/p>\n","protected":false},"featured_media":12355,"template":"","meta":[],"product_brand":[],"product_cat":[78],"product_tag":[94],"class_list":{"0":"post-12300","1":"product","2":"type-product","3":"status-publish","4":"has-post-thumbnail","6":"product_cat-laptop-touchpads","7":"product_tag-medion","9":"first","10":"instock","11":"taxable","12":"shipping-taxable","13":"purchasable","14":"product-type-simple"},"_links":{"self":[{"href":"https:\/\/boreait.com\/de\/wp-json\/wp\/v2\/product\/12300","targetHints":{"allow":["GET"]}}],"collection":[{"href":"https:\/\/boreait.com\/de\/wp-json\/wp\/v2\/product"}],"about":[{"href":"https:\/\/boreait.com\/de\/wp-json\/wp\/v2\/types\/product"}],"wp:featuredmedia":[{"embeddable":true,"href":"https:\/\/boreait.com\/de\/wp-json\/wp\/v2\/media\/12355"}],"wp:attachment":[{"href":"https:\/\/boreait.com\/de\/wp-json\/wp\/v2\/media?parent=12300"}],"wp:term":[{"taxonomy":"product_brand","embeddable":true,"href":"https:\/\/boreait.com\/de\/wp-json\/wp\/v2\/product_brand?post=12300"},{"taxonomy":"product_cat","embeddable":true,"href":"https:\/\/boreait.com\/de\/wp-json\/wp\/v2\/product_cat?post=12300"},{"taxonomy":"product_tag","embeddable":true,"href":"https:\/\/boreait.com\/de\/wp-json\/wp\/v2\/product_tag?post=12300"}],"curies":[{"name":"wp","href":"https:\/\/api.w.org\/{rel}","templated":true}]}}