{"id":12298,"date":"2025-09-15T16:09:15","date_gmt":"2025-09-15T14:09:15","guid":{"rendered":"https:\/\/boreait.com\/de\/?post_type=product&#038;p=12298"},"modified":"2026-01-19T11:08:44","modified_gmt":"2026-01-19T10:08:44","slug":"laptop-wlan-wlan-kartenmodul-fuer-emachines-e528-2325","status":"publish","type":"product","link":"https:\/\/boreait.com\/de\/produkt\/laptop-wlan-wlan-kartenmodul-fuer-emachines-e528-2325\/","title":{"rendered":"Laptop-WLAN-WLAN-Kartenmodul f\u00fcr eMachines E528-2325"},"content":{"rendered":"<p>Verbessern Sie die WLAN-Konnektivit\u00e4t Ihres eMachines E528-2325 Laptops mit diesem WLAN-Kartenmodul. Freuen Sie sich \u00fcber schnellere Internetgeschwindigkeiten und verbesserte Zuverl\u00e4ssigkeit bei Ihren Online-Aktivit\u00e4ten \u2013 egal ob beim Surfen, Streamen oder Spielen. Dieses speziell f\u00fcr das eMachines E528-2325 entwickelte WLAN-Kartenmodul gew\u00e4hrleistet nahtlose Kompatibilit\u00e4t und einfache Installation. Verabschieden Sie sich von Verbindungsproblemen und erleben Sie mit diesem zuverl\u00e4ssigen Upgrade eine reibungslosere WLAN-Performance. Investieren Sie noch heute in die Konnektivit\u00e4t Ihres Laptops und bleiben Sie \u00fcberall verbunden!<\/p>\n","protected":false},"excerpt":{"rendered":"<p>Verbessern Sie die drahtlose Konnektivit\u00e4t Ihres eMachines E528-2325 Laptops mit diesem WLAN-Kartenmodul. Erleben Sie schnellere Internetgeschwindigkeiten und verbesserte Zuverl\u00e4ssigkeit f\u00fcr Ihre Online-Aktivit\u00e4ten. Kompatibel und einfach zu installieren, sorgt dieses Upgrade f\u00fcr nahtlose WLAN-Performance. Bleiben Sie nahtlos verbunden mit diesem zuverl\u00e4ssigen WLAN-Kartenmodul-Upgrade!<\/p>\n","protected":false},"featured_media":12352,"template":"","meta":[],"product_brand":[],"product_cat":[63],"product_tag":[93],"class_list":{"0":"post-12298","1":"product","2":"type-product","3":"status-publish","4":"has-post-thumbnail","6":"product_cat-motherboards-board-parts","7":"product_tag-emachines","9":"first","10":"instock","11":"taxable","12":"shipping-taxable","13":"purchasable","14":"product-type-simple"},"_links":{"self":[{"href":"https:\/\/boreait.com\/de\/wp-json\/wp\/v2\/product\/12298","targetHints":{"allow":["GET"]}}],"collection":[{"href":"https:\/\/boreait.com\/de\/wp-json\/wp\/v2\/product"}],"about":[{"href":"https:\/\/boreait.com\/de\/wp-json\/wp\/v2\/types\/product"}],"wp:featuredmedia":[{"embeddable":true,"href":"https:\/\/boreait.com\/de\/wp-json\/wp\/v2\/media\/12352"}],"wp:attachment":[{"href":"https:\/\/boreait.com\/de\/wp-json\/wp\/v2\/media?parent=12298"}],"wp:term":[{"taxonomy":"product_brand","embeddable":true,"href":"https:\/\/boreait.com\/de\/wp-json\/wp\/v2\/product_brand?post=12298"},{"taxonomy":"product_cat","embeddable":true,"href":"https:\/\/boreait.com\/de\/wp-json\/wp\/v2\/product_cat?post=12298"},{"taxonomy":"product_tag","embeddable":true,"href":"https:\/\/boreait.com\/de\/wp-json\/wp\/v2\/product_tag?post=12298"}],"curies":[{"name":"wp","href":"https:\/\/api.w.org\/{rel}","templated":true}]}}