{"id":12297,"date":"2025-09-15T16:09:15","date_gmt":"2025-09-15T14:09:15","guid":{"rendered":"https:\/\/boreait.com\/de\/?post_type=product&#038;p=12297"},"modified":"2025-09-16T12:54:08","modified_gmt":"2025-09-16T10:54:08","slug":"broadcom-bcm92070md-bluetooth-karte-kabel-fuer-dell-e6420-e6430-0g9m5x","status":"publish","type":"product","link":"https:\/\/boreait.com\/de\/produkt\/broadcom-bcm92070md-bluetooth-karte-kabel-fuer-dell-e6420-e6430-0g9m5x\/","title":{"rendered":"Broadcom BCM92070MD Bluetooth-Karte + Kabel f\u00fcr Dell E6420 E6430 0G9M5X"},"content":{"rendered":"<p>R\u00fcsten Sie Ihr Dell E6420 oder E6430 Notebook mit der Broadcom BCM92070MD Bluetooth-Karte + Kabel f\u00fcr nahtlose drahtlose Konnektivit\u00e4t auf. Dieses Original-Ersatzteil von Dell gew\u00e4hrleistet Kompatibilit\u00e4t und zuverl\u00e4ssige Leistung und erm\u00f6glicht Ihnen die einfache Verbindung Ihres Notebooks mit Bluetooth-f\u00e4higen Ger\u00e4ten wie Lautsprechern, Kopfh\u00f6rern und Smartphones. Das mitgelieferte Kabel vereinfacht die Installation und macht sie f\u00fcr Anwender aller technischen Vorkenntnisse problemlos. Steigern Sie Ihre Produktivit\u00e4t und Ihren Komfort mit der Bluetooth-Funktionalit\u00e4t Ihres Dell Notebooks. Investieren Sie noch heute in die Broadcom BCM92070MD Bluetooth-Karte + Kabel!<\/p>\n","protected":false},"excerpt":{"rendered":"<p>R\u00fcsten Sie Ihr Dell E6420 oder E6430 Notebook mit der Broadcom BCM92070MD Bluetooth-Karte inklusive Kabel f\u00fcr nahtlose WLAN-Konnektivit\u00e4t auf. Ein Original-Ersatzteil von Dell gew\u00e4hrleistet Kompatibilit\u00e4t und zuverl\u00e4ssige Leistung. Einfache Installation mit dem mitgelieferten Kabel. Steigern Sie Produktivit\u00e4t und Komfort durch die Bluetooth-Funktionalit\u00e4t Ihres Dell Notebooks.<\/p>\n","protected":false},"featured_media":12351,"template":"","meta":[],"product_brand":[],"product_cat":[63],"product_tag":[53],"class_list":{"0":"post-12297","1":"product","2":"type-product","3":"status-publish","4":"has-post-thumbnail","6":"product_cat-motherboards-board-parts","7":"product_tag-dell","9":"first","10":"instock","11":"taxable","12":"shipping-taxable","13":"purchasable","14":"product-type-simple"},"_links":{"self":[{"href":"https:\/\/boreait.com\/de\/wp-json\/wp\/v2\/product\/12297","targetHints":{"allow":["GET"]}}],"collection":[{"href":"https:\/\/boreait.com\/de\/wp-json\/wp\/v2\/product"}],"about":[{"href":"https:\/\/boreait.com\/de\/wp-json\/wp\/v2\/types\/product"}],"wp:featuredmedia":[{"embeddable":true,"href":"https:\/\/boreait.com\/de\/wp-json\/wp\/v2\/media\/12351"}],"wp:attachment":[{"href":"https:\/\/boreait.com\/de\/wp-json\/wp\/v2\/media?parent=12297"}],"wp:term":[{"taxonomy":"product_brand","embeddable":true,"href":"https:\/\/boreait.com\/de\/wp-json\/wp\/v2\/product_brand?post=12297"},{"taxonomy":"product_cat","embeddable":true,"href":"https:\/\/boreait.com\/de\/wp-json\/wp\/v2\/product_cat?post=12297"},{"taxonomy":"product_tag","embeddable":true,"href":"https:\/\/boreait.com\/de\/wp-json\/wp\/v2\/product_tag?post=12297"}],"curies":[{"name":"wp","href":"https:\/\/api.w.org\/{rel}","templated":true}]}}