{"id":12286,"date":"2025-09-15T16:08:51","date_gmt":"2025-09-15T14:08:51","guid":{"rendered":"https:\/\/boreait.com\/de\/?post_type=product&#038;p=12286"},"modified":"2026-01-19T11:08:28","modified_gmt":"2026-01-19T10:08:28","slug":"gebrauchter-emachines-e642-g-kuehlkoerper-at0g3002dr0-original-kuehlkomponente","status":"publish","type":"product","link":"https:\/\/boreait.com\/de\/produkt\/gebrauchter-emachines-e642-g-kuehlkoerper-at0g3002dr0-original-kuehlkomponente\/","title":{"rendered":"Gebrauchter eMachines E642 G K\u00fchlk\u00f6rper AT0G3002DR0 &#8211; Original K\u00fchlkomponente"},"content":{"rendered":"<p>R\u00fcsten Sie das K\u00fchlsystem Ihres eMachines E642 G Laptops mit diesem Original-K\u00fchlk\u00f6rper, Modell AT0G3002DR0, auf. Dieser K\u00fchlk\u00f6rper leitet die von CPU, GPU und anderen Komponenten Ihres Laptops erzeugte W\u00e4rme effizient ab und sorgt f\u00fcr optimale Leistung und Zuverl\u00e4ssigkeit. Der gebrauchte K\u00fchlk\u00f6rper besteht aus hochwertigen Materialien, wurde auf Funktionalit\u00e4t gepr\u00fcft und ist einbaufertig. Sorgen Sie mit dieser wichtigen Komponente f\u00fcr einen reibungslosen Betrieb Ihres Laptops und vermeiden Sie \u00dcberhitzungsprobleme.<\/p>\n","protected":false},"excerpt":{"rendered":"<p>Original gebrauchter K\u00fchlk\u00f6rper AT0G3002DR0 f\u00fcr eMachines E642 G Laptop. Leitet W\u00e4rme effizient ab und sorgt so f\u00fcr optimale Leistung und Zuverl\u00e4ssigkeit. Funktionsgepr\u00fcft und einbaufertig.<\/p>\n","protected":false},"featured_media":12334,"template":"","meta":[],"product_brand":[],"product_cat":[69],"product_tag":[93],"class_list":{"0":"post-12286","1":"product","2":"type-product","3":"status-publish","4":"has-post-thumbnail","6":"product_cat-cpu-fans-heatsinks","7":"product_tag-emachines","9":"first","10":"instock","11":"taxable","12":"shipping-taxable","13":"purchasable","14":"product-type-simple"},"_links":{"self":[{"href":"https:\/\/boreait.com\/de\/wp-json\/wp\/v2\/product\/12286","targetHints":{"allow":["GET"]}}],"collection":[{"href":"https:\/\/boreait.com\/de\/wp-json\/wp\/v2\/product"}],"about":[{"href":"https:\/\/boreait.com\/de\/wp-json\/wp\/v2\/types\/product"}],"wp:featuredmedia":[{"embeddable":true,"href":"https:\/\/boreait.com\/de\/wp-json\/wp\/v2\/media\/12334"}],"wp:attachment":[{"href":"https:\/\/boreait.com\/de\/wp-json\/wp\/v2\/media?parent=12286"}],"wp:term":[{"taxonomy":"product_brand","embeddable":true,"href":"https:\/\/boreait.com\/de\/wp-json\/wp\/v2\/product_brand?post=12286"},{"taxonomy":"product_cat","embeddable":true,"href":"https:\/\/boreait.com\/de\/wp-json\/wp\/v2\/product_cat?post=12286"},{"taxonomy":"product_tag","embeddable":true,"href":"https:\/\/boreait.com\/de\/wp-json\/wp\/v2\/product_tag?post=12286"}],"curies":[{"name":"wp","href":"https:\/\/api.w.org\/{rel}","templated":true}]}}