{"id":12275,"date":"2025-09-15T16:08:27","date_gmt":"2025-09-15T14:08:27","guid":{"rendered":"https:\/\/boreait.com\/de\/?post_type=product&#038;p=12275"},"modified":"2026-01-19T11:07:35","modified_gmt":"2026-01-19T10:07:35","slug":"emachines-e642-netzschalter-e642g-schalterkarte-power-board-karte","status":"publish","type":"product","link":"https:\/\/boreait.com\/de\/produkt\/emachines-e642-netzschalter-e642g-schalterkarte-power-board-karte\/","title":{"rendered":"eMachines E642 Netzschalter &#8211; E642G Schalterkarte Power Board Karte"},"content":{"rendered":"<p>R\u00fcsten oder ersetzen Sie die Netzschalterkarte Ihres eMachines E642 oder E642G Laptops mit diesem hochwertigen Ersatzteil. Diese Netzschalterkarte wurde entwickelt, um die Funktionalit\u00e4t Ihres Ger\u00e4ts wiederherzustellen und sorgt f\u00fcr zuverl\u00e4ssiges Energiemanagement, sodass Sie Ihren Laptop problemlos ein- und ausschalten k\u00f6nnen. Diese pr\u00e4zise und langlebige Schalterkarte ist auf Langlebigkeit ausgelegt und bietet Ihnen lang anhaltende Leistung. Stellen Sie mit diesem Original-Ersatzteil die Funktionalit\u00e4t und die Energiesteuerung Ihres Laptops wieder her. Diese einfach zu installierende und mit den eMachines E642 und E642G Modellen kompatibele Schalterkarte ist die perfekte L\u00f6sung f\u00fcr Ihre Laptop-Reparatur.<\/p>\n","protected":false},"excerpt":{"rendered":"<p>Ersetzen Sie die Netzschalterkarte Ihres eMachines E642 oder E642G Laptops durch dieses hochwertige Ersatzteil. Sorgen Sie mit dieser Original-Schalterkarte f\u00fcr zuverl\u00e4ssiges Energiemanagement und einfache Bedienung. Dieses einfach zu installierende und langlebige Ersatzteil stellt die Funktionalit\u00e4t Ihres Ger\u00e4ts wieder her und erm\u00f6glicht Ihnen ein problemloses Ein- und Ausschalten.<\/p>\n","protected":false},"featured_media":12330,"template":"","meta":[],"product_brand":[],"product_cat":[63],"product_tag":[93],"class_list":{"0":"post-12275","1":"product","2":"type-product","3":"status-publish","4":"has-post-thumbnail","6":"product_cat-motherboards-board-parts","7":"product_tag-emachines","9":"first","10":"instock","11":"taxable","12":"shipping-taxable","13":"purchasable","14":"product-type-simple"},"_links":{"self":[{"href":"https:\/\/boreait.com\/de\/wp-json\/wp\/v2\/product\/12275","targetHints":{"allow":["GET"]}}],"collection":[{"href":"https:\/\/boreait.com\/de\/wp-json\/wp\/v2\/product"}],"about":[{"href":"https:\/\/boreait.com\/de\/wp-json\/wp\/v2\/types\/product"}],"wp:featuredmedia":[{"embeddable":true,"href":"https:\/\/boreait.com\/de\/wp-json\/wp\/v2\/media\/12330"}],"wp:attachment":[{"href":"https:\/\/boreait.com\/de\/wp-json\/wp\/v2\/media?parent=12275"}],"wp:term":[{"taxonomy":"product_brand","embeddable":true,"href":"https:\/\/boreait.com\/de\/wp-json\/wp\/v2\/product_brand?post=12275"},{"taxonomy":"product_cat","embeddable":true,"href":"https:\/\/boreait.com\/de\/wp-json\/wp\/v2\/product_cat?post=12275"},{"taxonomy":"product_tag","embeddable":true,"href":"https:\/\/boreait.com\/de\/wp-json\/wp\/v2\/product_tag?post=12275"}],"curies":[{"name":"wp","href":"https:\/\/api.w.org\/{rel}","templated":true}]}}