{"id":12270,"date":"2025-09-15T16:08:26","date_gmt":"2025-09-15T14:08:26","guid":{"rendered":"https:\/\/boreait.com\/de\/?post_type=product&#038;p=12270"},"modified":"2026-01-19T10:55:10","modified_gmt":"2026-01-19T09:55:10","slug":"flaches-vga-kabel-acer-e1-521-e1-531-e1-571-led-dc02001fo10","status":"publish","type":"product","link":"https:\/\/boreait.com\/de\/produkt\/flaches-vga-kabel-acer-e1-521-e1-531-e1-571-led-dc02001fo10\/","title":{"rendered":"FLACHES VGA-KABEL ACER E1-521 E1-531 E1-571 LED DC02001FO10"},"content":{"rendered":"<p>Beleben Sie Ihr Acer Aspire-Notebook mit diesem unverzichtbaren Ersatzteilpaket, bestehend aus dem LCD-Kabel DC02001FO10 und der Webcam 11P2SF168E. Das LCD-Kabel sorgt f\u00fcr eine nahtlose Verbindung zwischen Bildschirm und Mainboard und sorgt so f\u00fcr gestochen scharfe Bilder und einen reibungslosen Betrieb. Die hochwertige Webcam garantiert klare Videoanrufe und Konferenzen. Diese auf Kompatibilit\u00e4t und Langlebigkeit ausgelegten Originalteile von Acer gew\u00e4hrleisten optimale Leistung und Zuverl\u00e4ssigkeit. R\u00fcsten Sie Ihr Notebook noch heute mit diesem praktischen Paket auf und profitieren Sie von verbesserter Funktionalit\u00e4t und Benutzerfreundlichkeit.<\/p>\n","protected":false},"excerpt":{"rendered":"<p>Erneuern und verbessern Sie Ihren Acer Aspire Laptop mit diesem unverzichtbaren Paket bestehend aus dem LCD-Kabel DC02001FO10 und der Webcam 11P2SF168E. Sorgen Sie mit diesen originalen Acer-Ersatzteilen f\u00fcr gestochen scharfe Bilder und klare Videoanrufe. Einfach zu installieren und langlebig \u2013 dieses Paket ist perfekt, um die Leistung Ihres Laptops wiederherzustellen.<\/p>\n","protected":false},"featured_media":12325,"template":"","meta":[],"product_brand":[],"product_cat":[56],"product_tag":[65],"class_list":{"0":"post-12270","1":"product","2":"type-product","3":"status-publish","4":"has-post-thumbnail","6":"product_cat-cables","7":"product_tag-acer","9":"first","10":"instock","11":"taxable","12":"shipping-taxable","13":"purchasable","14":"product-type-simple"},"_links":{"self":[{"href":"https:\/\/boreait.com\/de\/wp-json\/wp\/v2\/product\/12270","targetHints":{"allow":["GET"]}}],"collection":[{"href":"https:\/\/boreait.com\/de\/wp-json\/wp\/v2\/product"}],"about":[{"href":"https:\/\/boreait.com\/de\/wp-json\/wp\/v2\/types\/product"}],"wp:featuredmedia":[{"embeddable":true,"href":"https:\/\/boreait.com\/de\/wp-json\/wp\/v2\/media\/12325"}],"wp:attachment":[{"href":"https:\/\/boreait.com\/de\/wp-json\/wp\/v2\/media?parent=12270"}],"wp:term":[{"taxonomy":"product_brand","embeddable":true,"href":"https:\/\/boreait.com\/de\/wp-json\/wp\/v2\/product_brand?post=12270"},{"taxonomy":"product_cat","embeddable":true,"href":"https:\/\/boreait.com\/de\/wp-json\/wp\/v2\/product_cat?post=12270"},{"taxonomy":"product_tag","embeddable":true,"href":"https:\/\/boreait.com\/de\/wp-json\/wp\/v2\/product_tag?post=12270"}],"curies":[{"name":"wp","href":"https:\/\/api.w.org\/{rel}","templated":true}]}}