{"id":12259,"date":"2025-09-15T16:07:58","date_gmt":"2025-09-15T14:07:58","guid":{"rendered":"https:\/\/boreait.com\/de\/?post_type=product&#038;p=12259"},"modified":"2025-09-16T12:54:05","modified_gmt":"2025-09-16T10:54:05","slug":"emachines-e644-e644g-e442-e642g-ap0c9000210-display-rahmen-luenette-lcd-abdeckung","status":"publish","type":"product","link":"https:\/\/boreait.com\/de\/produkt\/emachines-e644-e644g-e442-e642g-ap0c9000210-display-rahmen-luenette-lcd-abdeckung\/","title":{"rendered":"EMACHINES E644 E644G E442 E642G AP0c9000210 Display Rahmen L\u00fcnette LCD Abdeckung"},"content":{"rendered":"<p>Ersetzen Sie Ihre besch\u00e4digte oder abgenutzte Displayblende und LCD-Abdeckung durch dieses Original-Ersatzteil AP0c9000210, kompatibel mit den Laptops EMACHINES E644, E644G, E442 und E642G. Diese pr\u00e4zise und langlebig gefertigte Displayblende und LCD-Abdeckung passt perfekt und integriert sich nahtlos in den Bildschirm Ihres Laptops. So bleiben Struktur und \u00c4sthetik erhalten. Hergestellt aus hochwertigen Materialien, ist dieses Ersatzteil f\u00fcr den t\u00e4glichen Gebrauch und dauerhafte Leistung ausgelegt. Die einfach zu installierende Displayblende und LCD-Abdeckung erm\u00f6glicht einen problemlosen Austausch und spart Ihnen Zeit und M\u00fche. Versetzen Sie Ihren EMACHINES-Laptop mit diesem Original-Ersatzteil wieder in seinen Originalzustand und genie\u00dfen Sie ununterbrochene Produktivit\u00e4t und klare Sicht.<\/p>\n","protected":false},"excerpt":{"rendered":"<p>Ersetzen Sie Ihre besch\u00e4digte oder abgenutzte Displayblende und LCD-Abdeckung durch dieses Original-Ersatzteil AP0c9000210, kompatibel mit den Laptops EMACHINES E644, E644G, E442 und E642G. Pr\u00e4zise und langlebig gefertigt, gew\u00e4hrleisten diese Displayblende und LCD-Abdeckung eine perfekte Passform und nahtlose Integration mit dem Bildschirm Ihres Laptops. So bleiben dessen strukturelle Integrit\u00e4t und \u00c4sthetik erhalten. Hergestellt aus hochwertigen Materialien, ist dieses Ersatzteil f\u00fcr den t\u00e4glichen Gebrauch und eine lang anhaltende Leistung ausgelegt. Die einfach zu installierende Displayblende und LCD-Abdeckung erm\u00f6glicht einen problemlosen Austausch und spart Ihnen Zeit und M\u00fche.<\/p>\n","protected":false},"featured_media":12311,"template":"","meta":[],"product_brand":[],"product_cat":[52],"product_tag":[93],"class_list":{"0":"post-12259","1":"product","2":"type-product","3":"status-publish","4":"has-post-thumbnail","6":"product_cat-laptop-housing","7":"product_tag-emachines","9":"first","10":"instock","11":"taxable","12":"shipping-taxable","13":"purchasable","14":"product-type-simple"},"_links":{"self":[{"href":"https:\/\/boreait.com\/de\/wp-json\/wp\/v2\/product\/12259","targetHints":{"allow":["GET"]}}],"collection":[{"href":"https:\/\/boreait.com\/de\/wp-json\/wp\/v2\/product"}],"about":[{"href":"https:\/\/boreait.com\/de\/wp-json\/wp\/v2\/types\/product"}],"wp:featuredmedia":[{"embeddable":true,"href":"https:\/\/boreait.com\/de\/wp-json\/wp\/v2\/media\/12311"}],"wp:attachment":[{"href":"https:\/\/boreait.com\/de\/wp-json\/wp\/v2\/media?parent=12259"}],"wp:term":[{"taxonomy":"product_brand","embeddable":true,"href":"https:\/\/boreait.com\/de\/wp-json\/wp\/v2\/product_brand?post=12259"},{"taxonomy":"product_cat","embeddable":true,"href":"https:\/\/boreait.com\/de\/wp-json\/wp\/v2\/product_cat?post=12259"},{"taxonomy":"product_tag","embeddable":true,"href":"https:\/\/boreait.com\/de\/wp-json\/wp\/v2\/product_tag?post=12259"}],"curies":[{"name":"wp","href":"https:\/\/api.w.org\/{rel}","templated":true}]}}