{"id":12238,"date":"2025-09-15T16:07:34","date_gmt":"2025-09-15T14:07:34","guid":{"rendered":"https:\/\/boreait.com\/de\/?post_type=product&#038;p=12238"},"modified":"2025-09-16T12:54:03","modified_gmt":"2025-09-16T10:54:03","slug":"sierra-airprime-em8805-qualcomm-4g-hspa-cp699547-01-mobile-breitband-mini-pci-express-karte","status":"publish","type":"product","link":"https:\/\/boreait.com\/de\/produkt\/sierra-airprime-em8805-qualcomm-4g-hspa-cp699547-01-mobile-breitband-mini-pci-express-karte\/","title":{"rendered":"Sierra AirPrime EM8805 Qualcomm 4G HSPA+ CP699547-01 Mobile Breitband-Mini-PCI-Express-Karte"},"content":{"rendered":"<p>Erleben Sie mobile Hochgeschwindigkeits-Breitbandverbindungen mit der Sierra AirPrime EM8805 Qualcomm 4G HSPA+ CP699547-01 Mini-PCI-Express-Karte. Diese Karte wurde f\u00fcr die nahtlose Integration in kompatible Ger\u00e4te entwickelt und bietet zuverl\u00e4ssige 4G HSPA+-Konnektivit\u00e4t f\u00fcr schnellen Internetzugang unterwegs. Ob gesch\u00e4ftlich oder privat, bleiben Sie mit dieser kompakten und effizienten Breitbandl\u00f6sung in Verbindung. Diese Mini-PCI-Express-Karte ist mit einer Vielzahl von Ger\u00e4ten kompatibel, einfach zu installieren und bietet konstante Leistung f\u00fcr alle Ihre mobilen Verbindungsanforderungen. Aktualisieren Sie Ihr Ger\u00e4t noch heute und genie\u00dfen Sie schnelles und zuverl\u00e4ssiges 4G-Internet, wo immer Sie sind.<\/p>\n","protected":false},"excerpt":{"rendered":"<p>R\u00fcsten Sie Ihr Ger\u00e4t mit der Sierra AirPrime EM8805 Qualcomm 4G HSPA+ CP699547-01 Mini-PCI-Express-Karte f\u00fcr mobile Hochgeschwindigkeits-Breitbandverbindungen auf. Bleiben Sie auch unterwegs mit zuverl\u00e4ssigem 4G HSPA+-Internetzugang verbunden. Einfach zu installieren und mit einer Vielzahl von Ger\u00e4ten kompatibel.<\/p>\n","protected":false},"featured_media":12290,"template":"","meta":[],"product_brand":[],"product_cat":[63],"product_tag":[],"class_list":{"0":"post-12238","1":"product","2":"type-product","3":"status-publish","4":"has-post-thumbnail","6":"product_cat-motherboards-board-parts","8":"first","9":"instock","10":"taxable","11":"shipping-taxable","12":"purchasable","13":"product-type-simple"},"_links":{"self":[{"href":"https:\/\/boreait.com\/de\/wp-json\/wp\/v2\/product\/12238","targetHints":{"allow":["GET"]}}],"collection":[{"href":"https:\/\/boreait.com\/de\/wp-json\/wp\/v2\/product"}],"about":[{"href":"https:\/\/boreait.com\/de\/wp-json\/wp\/v2\/types\/product"}],"wp:featuredmedia":[{"embeddable":true,"href":"https:\/\/boreait.com\/de\/wp-json\/wp\/v2\/media\/12290"}],"wp:attachment":[{"href":"https:\/\/boreait.com\/de\/wp-json\/wp\/v2\/media?parent=12238"}],"wp:term":[{"taxonomy":"product_brand","embeddable":true,"href":"https:\/\/boreait.com\/de\/wp-json\/wp\/v2\/product_brand?post=12238"},{"taxonomy":"product_cat","embeddable":true,"href":"https:\/\/boreait.com\/de\/wp-json\/wp\/v2\/product_cat?post=12238"},{"taxonomy":"product_tag","embeddable":true,"href":"https:\/\/boreait.com\/de\/wp-json\/wp\/v2\/product_tag?post=12238"}],"curies":[{"name":"wp","href":"https:\/\/api.w.org\/{rel}","templated":true}]}}