{"id":12228,"date":"2025-09-15T16:07:10","date_gmt":"2025-09-15T14:07:10","guid":{"rendered":"https:\/\/boreait.com\/de\/?post_type=product&#038;p=12228"},"modified":"2026-01-19T10:53:26","modified_gmt":"2026-01-19T09:53:26","slug":"fujitsu-lifebook-e754-usb-hdmi-board-cp642205-z1","status":"publish","type":"product","link":"https:\/\/boreait.com\/de\/produkt\/fujitsu-lifebook-e754-usb-hdmi-board-cp642205-z1\/","title":{"rendered":"Fujitsu LifeBook E754 USB HDMI Board CP642205-Z1"},"content":{"rendered":"<p>Verleihen Sie Ihrem Fujitsu LifeBook E754 Laptop mit diesem unverzichtbaren Ersatzteil f\u00fcr die USB-HDMI-Karte neuen Schwung. Diese Karte wurde entwickelt, um Funktionalit\u00e4t und Konnektivit\u00e4t wiederherzustellen und gew\u00e4hrleistet die nahtlose Integration von USB- und HDMI-Anschl\u00fcssen, sodass Sie die M\u00f6glichkeiten Ihres Laptops erweitern k\u00f6nnen. Pr\u00e4zise gefertigt und mit hochwertigen Materialien versehen, garantiert diese Ersatzkarte zuverl\u00e4ssige Leistung und Langlebigkeit. Ob Sie externe Displays, Peripherieger\u00e4te oder Speicherger\u00e4te anschlie\u00dfen \u2013 diese Karte bietet die wichtigsten Schnittstellen f\u00fcr mehr Produktivit\u00e4t. R\u00fcsten Sie Ihren Laptop m\u00fchelos mit diesem Original-Ersatzteil auf und erleben Sie den Komfort voll funktionsf\u00e4higer USB- und HDMI-Konnektivit\u00e4t.<\/p>\n<p>Teilenummer: CP642205-Z1<\/p>\n","protected":false},"excerpt":{"rendered":"<p>Stellen Sie mit dieser hochwertigen Ersatzplatine die USB- und HDMI-Konnektivit\u00e4t Ihres Fujitsu LifeBook E754 Laptops wieder her. Sorgen Sie f\u00fcr eine nahtlose Integration externer Ger\u00e4te und Displays und steigern Sie so die Produktivit\u00e4t.<\/p>\n","protected":false},"featured_media":12282,"template":"","meta":[],"product_brand":[],"product_cat":[63],"product_tag":[64],"class_list":{"0":"post-12228","1":"product","2":"type-product","3":"status-publish","4":"has-post-thumbnail","6":"product_cat-motherboards-board-parts","7":"product_tag-fujitsu","9":"first","10":"instock","11":"taxable","12":"shipping-taxable","13":"purchasable","14":"product-type-simple"},"_links":{"self":[{"href":"https:\/\/boreait.com\/de\/wp-json\/wp\/v2\/product\/12228","targetHints":{"allow":["GET"]}}],"collection":[{"href":"https:\/\/boreait.com\/de\/wp-json\/wp\/v2\/product"}],"about":[{"href":"https:\/\/boreait.com\/de\/wp-json\/wp\/v2\/types\/product"}],"wp:featuredmedia":[{"embeddable":true,"href":"https:\/\/boreait.com\/de\/wp-json\/wp\/v2\/media\/12282"}],"wp:attachment":[{"href":"https:\/\/boreait.com\/de\/wp-json\/wp\/v2\/media?parent=12228"}],"wp:term":[{"taxonomy":"product_brand","embeddable":true,"href":"https:\/\/boreait.com\/de\/wp-json\/wp\/v2\/product_brand?post=12228"},{"taxonomy":"product_cat","embeddable":true,"href":"https:\/\/boreait.com\/de\/wp-json\/wp\/v2\/product_cat?post=12228"},{"taxonomy":"product_tag","embeddable":true,"href":"https:\/\/boreait.com\/de\/wp-json\/wp\/v2\/product_tag?post=12228"}],"curies":[{"name":"wp","href":"https:\/\/api.w.org\/{rel}","templated":true}]}}