{"id":12204,"date":"2025-09-15T16:06:15","date_gmt":"2025-09-15T14:06:15","guid":{"rendered":"https:\/\/boreait.com\/de\/?post_type=product&#038;p=12204"},"modified":"2025-09-16T12:53:59","modified_gmt":"2025-09-16T10:53:59","slug":"lcd-scharniere-fuer-samsung-np-r60s-r60plus-scharniere-bildschirm-monitor-video-display-2","status":"publish","type":"product","link":"https:\/\/boreait.com\/de\/produkt\/lcd-scharniere-fuer-samsung-np-r60s-r60plus-scharniere-bildschirm-monitor-video-display-2\/","title":{"rendered":"LCD-Scharniere f\u00fcr Samsung NP-R60S &#8211; R60plus Scharniere Bildschirm Monitor Video Display"},"content":{"rendered":"<p>Verbessern Sie die Stabilit\u00e4t und Funktionalit\u00e4t Ihres Samsung NP-R60S oder R60plus Laptops mit diesen LCD-Scharnieren f\u00fcr die Monitorhalterung. Diese Scharniere gew\u00e4hrleisten einen reibungslosen Betrieb und erm\u00f6glichen ein einfaches \u00d6ffnen und Schlie\u00dfen des Laptopdeckels. Die hochwertigen Materialien sorgen f\u00fcr Langlebigkeit und dauerhafte Leistung. Kompatibel mit den Modellen Samsung NP-R60S und R60plus garantieren diese Scharniere eine perfekte Passform und eine einfache Installation. Ersetzen Sie m\u00fchelos Ihre alten Scharniere und stellen Sie die Funktionalit\u00e4t und Optik Ihres Laptops wieder her. Investieren Sie noch heute in diese LCD-Scharniere und profitieren Sie von verbesserter Stabilit\u00e4t, Funktionalit\u00e4t und \u00c4sthetik f\u00fcr Ihren Samsung Laptop.<\/p>\n","protected":false},"excerpt":{"rendered":"<p>Werten Sie Ihr Samsung NP-R60S oder R60plus Laptop mit diesen LCD-Scharnieren f\u00fcr die Monitorhalterung auf. Sorgen Sie mit diesen langlebigen Scharnieren f\u00fcr ein reibungsloses \u00d6ffnen und Schlie\u00dfen Ihres Laptopdeckels und \u00fcberzeugen Sie mit Funktionalit\u00e4t und \u00c4sthetik. Diese Scharniere sind einfach zu installieren und mit bestimmten Samsung-Modellen kompatibel. Verbessern Sie die Leistung Ihres Laptops noch heute!<\/p>\n","protected":false},"featured_media":12263,"template":"","meta":[],"product_brand":[],"product_cat":[55],"product_tag":[84],"class_list":{"0":"post-12204","1":"product","2":"type-product","3":"status-publish","4":"has-post-thumbnail","6":"product_cat-screen-hinge","7":"product_tag-samsung","9":"first","10":"instock","11":"taxable","12":"shipping-taxable","13":"purchasable","14":"product-type-simple"},"_links":{"self":[{"href":"https:\/\/boreait.com\/de\/wp-json\/wp\/v2\/product\/12204","targetHints":{"allow":["GET"]}}],"collection":[{"href":"https:\/\/boreait.com\/de\/wp-json\/wp\/v2\/product"}],"about":[{"href":"https:\/\/boreait.com\/de\/wp-json\/wp\/v2\/types\/product"}],"wp:featuredmedia":[{"embeddable":true,"href":"https:\/\/boreait.com\/de\/wp-json\/wp\/v2\/media\/12263"}],"wp:attachment":[{"href":"https:\/\/boreait.com\/de\/wp-json\/wp\/v2\/media?parent=12204"}],"wp:term":[{"taxonomy":"product_brand","embeddable":true,"href":"https:\/\/boreait.com\/de\/wp-json\/wp\/v2\/product_brand?post=12204"},{"taxonomy":"product_cat","embeddable":true,"href":"https:\/\/boreait.com\/de\/wp-json\/wp\/v2\/product_cat?post=12204"},{"taxonomy":"product_tag","embeddable":true,"href":"https:\/\/boreait.com\/de\/wp-json\/wp\/v2\/product_tag?post=12204"}],"curies":[{"name":"wp","href":"https:\/\/api.w.org\/{rel}","templated":true}]}}