{"id":12193,"date":"2025-09-15T16:05:44","date_gmt":"2025-09-15T14:05:44","guid":{"rendered":"https:\/\/boreait.com\/de\/?post_type=product&#038;p=12193"},"modified":"2026-01-19T10:52:47","modified_gmt":"2026-01-19T09:52:47","slug":"samsung-r60-plus-videokabel-displaykabel-ba39-00658a-ersatz-oem-teil","status":"publish","type":"product","link":"https:\/\/boreait.com\/de\/produkt\/samsung-r60-plus-videokabel-displaykabel-ba39-00658a-ersatz-oem-teil\/","title":{"rendered":"Samsung R60 Plus Videokabel Displaykabel BA39-00658A Ersatz OEM-Teil"},"content":{"rendered":"<p>Erleben Sie gestochen scharfe und lebendige Bilder auf Ihrem Samsung R60 Plus Laptop mit dem originalen Samsung Videokabel BA39-00658A. Dieses OEM-Ersatzteil gew\u00e4hrleistet eine nahtlose Verbindung zwischen Motherboard und Display Ihres Laptops und liefert hochwertige Videoausgabe f\u00fcr ein beeindruckendes Seherlebnis. Dieses pr\u00e4zise und langlebige Videokabel erf\u00fcllt die strengen Qualit\u00e4tsstandards von Samsung und garantiert optimale Leistung und Zuverl\u00e4ssigkeit. Verabschieden Sie sich von flimmernden Bildschirmen und verzerrten Bildern \u2013 r\u00fcsten Sie noch heute auf das Samsung Videokabel BA39-00658A auf und genie\u00dfen Sie kristallklare Displayqualit\u00e4t wie nie zuvor!<\/p>\n","protected":false},"excerpt":{"rendered":"<p>Verbessern Sie Ihr Seherlebnis auf dem Samsung R60 Plus Laptop mit dem OEM Samsung Videokabel BA39-00658A. Genie\u00dfen Sie hochwertige Videoausgabe und zuverl\u00e4ssige Verbindung zwischen Motherboard und Display Ihres Laptops. Jetzt upgraden f\u00fcr kristallklare Displayqualit\u00e4t!<\/p>\n","protected":false},"featured_media":12252,"template":"","meta":[],"product_brand":[],"product_cat":[56],"product_tag":[84],"class_list":{"0":"post-12193","1":"product","2":"type-product","3":"status-publish","4":"has-post-thumbnail","6":"product_cat-cables","7":"product_tag-samsung","9":"first","10":"instock","11":"taxable","12":"shipping-taxable","13":"purchasable","14":"product-type-simple"},"_links":{"self":[{"href":"https:\/\/boreait.com\/de\/wp-json\/wp\/v2\/product\/12193","targetHints":{"allow":["GET"]}}],"collection":[{"href":"https:\/\/boreait.com\/de\/wp-json\/wp\/v2\/product"}],"about":[{"href":"https:\/\/boreait.com\/de\/wp-json\/wp\/v2\/types\/product"}],"wp:featuredmedia":[{"embeddable":true,"href":"https:\/\/boreait.com\/de\/wp-json\/wp\/v2\/media\/12252"}],"wp:attachment":[{"href":"https:\/\/boreait.com\/de\/wp-json\/wp\/v2\/media?parent=12193"}],"wp:term":[{"taxonomy":"product_brand","embeddable":true,"href":"https:\/\/boreait.com\/de\/wp-json\/wp\/v2\/product_brand?post=12193"},{"taxonomy":"product_cat","embeddable":true,"href":"https:\/\/boreait.com\/de\/wp-json\/wp\/v2\/product_cat?post=12193"},{"taxonomy":"product_tag","embeddable":true,"href":"https:\/\/boreait.com\/de\/wp-json\/wp\/v2\/product_tag?post=12193"}],"curies":[{"name":"wp","href":"https:\/\/api.w.org\/{rel}","templated":true}]}}