{"id":12118,"date":"2025-09-15T16:01:53","date_gmt":"2025-09-15T14:01:53","guid":{"rendered":"https:\/\/boreait.com\/de\/?post_type=product&#038;p=12118"},"modified":"2025-09-16T12:53:53","modified_gmt":"2025-09-16T10:53:53","slug":"hp-atheros-ar5bxb63h-459339-001-459339-003-laptop-wlan-karte-hp-g60","status":"publish","type":"product","link":"https:\/\/boreait.com\/de\/produkt\/hp-atheros-ar5bxb63h-459339-001-459339-003-laptop-wlan-karte-hp-g60\/","title":{"rendered":"HP Atheros AR5BXB63H 459339-001 459339-003 Laptop-WLAN-Karte HP G60"},"content":{"rendered":"<p>Verbessern Sie die WLAN-Konnektivit\u00e4t Ihres HP G60 Laptops mit der HP\/Atheros AR5BXB63H 459339-001 459339-003 Laptop-WLAN-Karte. Dieses Originalprodukt von HP ist f\u00fcr eine nahtlose Integration konzipiert und gew\u00e4hrleistet optimale Leistung f\u00fcr das WLAN Ihres Laptops.<\/p>\n<p><strong>Kompatibilit\u00e4t:<\/strong> Diese WLAN-Karte ist mit verschiedenen HP G60 Modellen kompatibel und eine zuverl\u00e4ssige Wahl f\u00fcr alle, die die WLAN-Funktionen ihres Laptops verbessern m\u00f6chten. Das Modell AR5BXB63H und die Teilenummern 459339-001 und 459339-003 gew\u00e4hrleisten die Kompatibilit\u00e4t mit Ihrem HP G60 Ger\u00e4t.<\/p>\n<p><strong>Einfache Installation:<\/strong> Die Installation der HP\/Atheros WLAN-Karte ist unkompliziert und sorgt im Handumdrehen f\u00fcr eine verbesserte WLAN-Leistung. Wir bieten zwar keine spezifischen Austauschanweisungen, aber bei Problemen oder Fragen w\u00e4hrend der Installation k\u00f6nnen Sie sich gerne an uns wenden. <\/p>\n<p><strong>Weltweiter Versand:<\/strong> Wir wissen, dass Ihr Bedarf an zuverl\u00e4ssigen Laptop-Ersatzteilen \u00fcber Grenzen hinausgeht. Deshalb bieten wir weltweiten Versand an, damit Sie die WLAN-Karte Ihres HP G60 \u00fcberall aufr\u00fcsten k\u00f6nnen.<\/p>\n<p><strong>Originalprodukt, Originalfotos:<\/strong> Die Produktbilder in dieser Auflistung sind Originalfotos der HP\/Atheros AR5BXB63H 459339-001 459339-003 WLAN-Karte, die Sie erhalten. Wir legen Wert auf Transparenz und m\u00f6chten, dass Sie genau sehen, was Sie erhalten.<\/p>\n<p>Steigern Sie die Leistung Ihres HP G60 Laptops mit dieser originalen HP\/Atheros WLAN-Karte. Verbessern Sie Ihre WLAN-Konnektivit\u00e4t m\u00fchelos und profitieren Sie von einer schnelleren und zuverl\u00e4ssigeren Netzwerkverbindung. Bei Fragen oder f\u00fcr weitere Unterst\u00fctzung schreiben Sie uns gerne. Kaufen Sie vertrauensvoll bei siggmo \u2013 Ihrem zuverl\u00e4ssigen Anbieter f\u00fcr hochwertige Laptop-Ersatzteile.<\/p>\n","protected":false},"excerpt":{"rendered":"<p>Verbessern Sie die Konnektivit\u00e4t Ihres HP G60 Laptops mit der HP\/Atheros AR5BXB63H 459339-001 459339-003 WLAN-Karte. Dieser originale WLAN-Adapter sorgt f\u00fcr schnelle und zuverl\u00e4ssige Leistung. Er ist einfach zu installieren und mit verschiedenen HP G60 Modellen kompatibel. Upgraden Sie noch heute f\u00fcr verbesserte WLAN-Funktionen.<\/p>\n","protected":false},"featured_media":12172,"template":"","meta":[],"product_brand":[],"product_cat":[63],"product_tag":[61],"class_list":{"0":"post-12118","1":"product","2":"type-product","3":"status-publish","4":"has-post-thumbnail","6":"product_cat-motherboards-board-parts","7":"product_tag-hp","9":"first","10":"instock","11":"taxable","12":"shipping-taxable","13":"purchasable","14":"product-type-simple"},"_links":{"self":[{"href":"https:\/\/boreait.com\/de\/wp-json\/wp\/v2\/product\/12118","targetHints":{"allow":["GET"]}}],"collection":[{"href":"https:\/\/boreait.com\/de\/wp-json\/wp\/v2\/product"}],"about":[{"href":"https:\/\/boreait.com\/de\/wp-json\/wp\/v2\/types\/product"}],"wp:featuredmedia":[{"embeddable":true,"href":"https:\/\/boreait.com\/de\/wp-json\/wp\/v2\/media\/12172"}],"wp:attachment":[{"href":"https:\/\/boreait.com\/de\/wp-json\/wp\/v2\/media?parent=12118"}],"wp:term":[{"taxonomy":"product_brand","embeddable":true,"href":"https:\/\/boreait.com\/de\/wp-json\/wp\/v2\/product_brand?post=12118"},{"taxonomy":"product_cat","embeddable":true,"href":"https:\/\/boreait.com\/de\/wp-json\/wp\/v2\/product_cat?post=12118"},{"taxonomy":"product_tag","embeddable":true,"href":"https:\/\/boreait.com\/de\/wp-json\/wp\/v2\/product_tag?post=12118"}],"curies":[{"name":"wp","href":"https:\/\/api.w.org\/{rel}","templated":true}]}}