{"id":12032,"date":"2025-09-15T15:58:18","date_gmt":"2025-09-15T13:58:18","guid":{"rendered":"https:\/\/boreait.com\/de\/?post_type=product&#038;p=12032"},"modified":"2025-09-16T12:53:46","modified_gmt":"2025-09-16T10:53:46","slug":"original-hp-proliant-ml350-g6-motherboard-511775-001-4k1035-461317-001-getestet-und-zuverlaessig","status":"publish","type":"product","link":"https:\/\/boreait.com\/de\/produkt\/original-hp-proliant-ml350-g6-motherboard-511775-001-4k1035-461317-001-getestet-und-zuverlaessig\/","title":{"rendered":"Original HP Proliant ML350 G6 Motherboard 511775-001 4K1035 461317-001 \u2013 Getestet und zuverl\u00e4ssig"},"content":{"rendered":"<p>Steigern Sie die Leistung Ihres HP Proliant ML350 G6 Servers mit dem Original HP Proliant ML350 G6 Motherboard. Dieses Motherboard mit der Modellnummer 511775-001, der Teilenummer 4K1035 und der Alternativnummer 461317-001 ist eine zuverl\u00e4ssige und getestete Komponente f\u00fcr Ihre Serverinfrastruktur. <\/p>\n<p><strong>Hauptmerkmale:<\/strong><\/p>\n<ul>\n<li><strong>Original HP Komponente:<\/strong> Dieses Mainboard ist ein Original HP Produkt und garantiert Kompatibilit\u00e4t und Leistung.<\/li>\n<li><strong>Auf Zuverl\u00e4ssigkeit getestet:<\/strong> Professionell getestet, um optimale Leistung und Zuverl\u00e4ssigkeit f\u00fcr Ihren Server zu gew\u00e4hrleisten.<\/li>\n<li><strong>Modelldetails:<\/strong> Modellnummer 511775-001, Teilenummer 4K1035 und alternative Nummer 461317-001 zur einfachen Identifizierung.<\/li>\n<\/ul>\n<p><strong>Kompatibilit\u00e4t:<\/strong> Dieses Mainboard wurde speziell f\u00fcr HP Proliant ML350 G6 Server entwickelt. Stellen Sie die Kompatibilit\u00e4t mit Ihrer vorhandenen Hardware sicher, um ein reibungsloses Upgrade oder einen reibungslosen Austausch zu gew\u00e4hrleisten.<\/p>\n<p><strong>Server-Upgrade:<\/strong> Ersetzen Sie Ihr aktuelles Mainboard durch dieses Original HP Teil, um die Gesamtfunktionalit\u00e4t und Effizienz Ihres Servers zu verbessern. Profitieren Sie von der neuesten Technologie und sorgen Sie f\u00fcr einen reibungslosen Betrieb \u2013 egal ob gesch\u00e4ftlich oder privat.<\/p>\n<p><strong>Einfache Installation:<\/strong> Wir bieten zwar keine Schritt-f\u00fcr-Schritt-Installationsanleitung, aber wenn Sie Fragen haben oder w\u00e4hrend der Installation Hilfe ben\u00f6tigen, k\u00f6nnen Sie sich gerne an uns wenden. Wir helfen Ihnen gerne weiter.<\/p>\n<p><strong>Echte Fotos, echte Teile:<\/strong> Die Abbildungen in der Auflistung zeigen das tats\u00e4chliche Motherboard, das Sie erhalten. Kaufen Sie mit Vertrauen \u2013 Sie erhalten, was Sie sehen.<\/p>\n<p>R\u00fcsten Sie Ihren HP Proliant ML350 G6 Server mit diesem Original HP Proliant ML350 G6 Motherboard auf \u2013 getestet, zuverl\u00e4ssig und bereit, die Anforderungen Ihres Servers zu erf\u00fcllen. Kaufen Sie jetzt und erleben Sie den Leistungsunterschied. Bei Fragen oder f\u00fcr weitere Unterst\u00fctzung kontaktieren Sie uns gerne.<\/p>\n","protected":false},"excerpt":{"rendered":"<p>R\u00fcsten Sie Ihren HP Proliant ML350 G6 mit diesem Original-Motherboard auf oder ersetzen Sie ihn. Modell 511775-001, Teilenummer 4K1035, Alternativnummer 461317-001. Professionell auf Zuverl\u00e4ssigkeit getestet. Sorgen Sie mit diesem originalen HP-Motherboard f\u00fcr optimale Leistung Ihres Servers.<\/p>\n","protected":false},"featured_media":12095,"template":"","meta":[],"product_brand":[],"product_cat":[63],"product_tag":[61],"class_list":{"0":"post-12032","1":"product","2":"type-product","3":"status-publish","4":"has-post-thumbnail","6":"product_cat-motherboards-board-parts","7":"product_tag-hp","9":"first","10":"instock","11":"taxable","12":"shipping-taxable","13":"purchasable","14":"product-type-simple"},"_links":{"self":[{"href":"https:\/\/boreait.com\/de\/wp-json\/wp\/v2\/product\/12032","targetHints":{"allow":["GET"]}}],"collection":[{"href":"https:\/\/boreait.com\/de\/wp-json\/wp\/v2\/product"}],"about":[{"href":"https:\/\/boreait.com\/de\/wp-json\/wp\/v2\/types\/product"}],"wp:featuredmedia":[{"embeddable":true,"href":"https:\/\/boreait.com\/de\/wp-json\/wp\/v2\/media\/12095"}],"wp:attachment":[{"href":"https:\/\/boreait.com\/de\/wp-json\/wp\/v2\/media?parent=12032"}],"wp:term":[{"taxonomy":"product_brand","embeddable":true,"href":"https:\/\/boreait.com\/de\/wp-json\/wp\/v2\/product_brand?post=12032"},{"taxonomy":"product_cat","embeddable":true,"href":"https:\/\/boreait.com\/de\/wp-json\/wp\/v2\/product_cat?post=12032"},{"taxonomy":"product_tag","embeddable":true,"href":"https:\/\/boreait.com\/de\/wp-json\/wp\/v2\/product_tag?post=12032"}],"curies":[{"name":"wp","href":"https:\/\/api.w.org\/{rel}","templated":true}]}}