{"id":11944,"date":"2025-09-15T15:56:30","date_gmt":"2025-09-15T13:56:30","guid":{"rendered":"https:\/\/boreait.com\/de\/?post_type=product&#038;p=11944"},"modified":"2025-09-16T12:53:34","modified_gmt":"2025-09-16T10:53:34","slug":"original-dell-latitude-e5580-laptop-interner-lautsprecher-cn-04vhn4-pk23000uq00","status":"publish","type":"product","link":"https:\/\/boreait.com\/de\/produkt\/original-dell-latitude-e5580-laptop-interner-lautsprecher-cn-04vhn4-pk23000uq00\/","title":{"rendered":"Original Dell Latitude E5580 Laptop Interner Lautsprecher CN-04VHN4 PK23000UQ00"},"content":{"rendered":"<p>Verbessern Sie das Klangerlebnis Ihres Dell Latitude E5580-Laptops mit dem originalen internen Dell-Lautsprecher, Modell CN-04VHN4 PK23000UQ00. Dieser neue Originallautsprecher sorgt f\u00fcr eine hochwertige Klangwiedergabe Ihres Laptops und ein klares und beeindruckendes Klangerlebnis. <\/p>\n<p><strong>Hauptmerkmale:<\/strong><\/p>\n<ul>\n<li><strong>Kompatibilit\u00e4t:<\/strong> Speziell f\u00fcr Dell Latitude E5580 Laptops entwickelt.<\/li>\n<li><strong>Authentizit\u00e4t:<\/strong> Original Dell-Produkt f\u00fcr Zuverl\u00e4ssigkeit und Kompatibilit\u00e4t.<\/li>\n<li><strong>Einfache Installation:<\/strong> Benutzerfreundliche Installation, keine professionelle Unterst\u00fctzung erforderlich.<\/li>\n<li><strong>Klangqualit\u00e4t:<\/strong> Genie\u00dfen Sie verbesserte Audioqualit\u00e4t f\u00fcr Musik, Videos und Telefonkonferenzen.<\/li>\n<\/ul>\n<p><strong>Hinweis f\u00fcr K\u00e4ufer:<\/strong><\/p>\n<ul>\n<li>Dieses Angebot enth\u00e4lt einen neuen, originalen internen Laptop-Lautsprecher f\u00fcr Dell Latitude E5580 (Modell CN-04VHN4 PK23000UQ00).<\/li>\n<li>Bei Fragen oder Unterst\u00fctzung bei der Installation schreiben Sie uns gerne eine Nachricht. Wir stellen zwar keine spezifischen Installationsanweisungen zur Verf\u00fcgung, unterst\u00fctzen Sie aber gerne durch den Vorgang.<\/li>\n<\/ul>\n<p><strong>Hinweis:<\/strong><\/p>\n<ul>\n<li>Die Fotos in dieser Auflistung zeigen das tats\u00e4chliche Produkt, das Sie erhalten.<\/li>\n<li>Stellen Sie vor dem Kauf sicher, dass es mit Ihrem Laptop-Modell kompatibel ist.<\/li>\n<\/ul>\n<p>R\u00fcsten Sie Ihr Dell Latitude E5580 mit diesem originalen internen Dell-Lautsprecher auf und genie\u00dfen Sie ein \u00fcberragendes Klangerlebnis. Bestellen Sie jetzt und profitieren Sie von schnellem und zuverl\u00e4ssigem weltweiten Versand.<\/p>\n","protected":false},"excerpt":{"rendered":"<p>Verbessern Sie den Klang Ihres Dell Latitude E5580 Laptops mit dem originalen internen Lautsprecher von Dell. Modell CN-04VHN4 PK23000UQ00. Einfach zu installieren und sorgt f\u00fcr klaren und deutlichen Klang auf Ihrem Laptop.<\/p>\n","protected":false},"featured_media":11994,"template":"","meta":[],"product_brand":[],"product_cat":[54],"product_tag":[53],"class_list":{"0":"post-11944","1":"product","2":"type-product","3":"status-publish","4":"has-post-thumbnail","6":"product_cat-laptop-speakers","7":"product_tag-dell","9":"first","10":"instock","11":"taxable","12":"shipping-taxable","13":"purchasable","14":"product-type-simple"},"_links":{"self":[{"href":"https:\/\/boreait.com\/de\/wp-json\/wp\/v2\/product\/11944","targetHints":{"allow":["GET"]}}],"collection":[{"href":"https:\/\/boreait.com\/de\/wp-json\/wp\/v2\/product"}],"about":[{"href":"https:\/\/boreait.com\/de\/wp-json\/wp\/v2\/types\/product"}],"wp:featuredmedia":[{"embeddable":true,"href":"https:\/\/boreait.com\/de\/wp-json\/wp\/v2\/media\/11994"}],"wp:attachment":[{"href":"https:\/\/boreait.com\/de\/wp-json\/wp\/v2\/media?parent=11944"}],"wp:term":[{"taxonomy":"product_brand","embeddable":true,"href":"https:\/\/boreait.com\/de\/wp-json\/wp\/v2\/product_brand?post=11944"},{"taxonomy":"product_cat","embeddable":true,"href":"https:\/\/boreait.com\/de\/wp-json\/wp\/v2\/product_cat?post=11944"},{"taxonomy":"product_tag","embeddable":true,"href":"https:\/\/boreait.com\/de\/wp-json\/wp\/v2\/product_tag?post=11944"}],"curies":[{"name":"wp","href":"https:\/\/api.w.org\/{rel}","templated":true}]}}