{"id":11930,"date":"2025-09-15T15:56:06","date_gmt":"2025-09-15T13:56:06","guid":{"rendered":"https:\/\/boreait.com\/de\/?post_type=product&#038;p=11930"},"modified":"2025-09-16T12:53:33","modified_gmt":"2025-09-16T10:53:33","slug":"lenovo-thinkpad-t480s-scharniere-rl-01en970-01en971-original-oem-laptop-teile","status":"publish","type":"product","link":"https:\/\/boreait.com\/de\/produkt\/lenovo-thinkpad-t480s-scharniere-rl-01en970-01en971-original-oem-laptop-teile\/","title":{"rendered":"LENOVO Thinkpad T480S SCHARNIERE R+L 01EN970 01EN971 Original OEM Laptop-Teile"},"content":{"rendered":"<p>am16q000b10<\/p>\n<p>Verbessern und verbessern Sie die Funktionalit\u00e4t Ihres LENOVO Thinkpad T480S mit unseren Original-Scharnieren (R+L) \u2013 Teilenummern 01EN970 und 01EN971. Diese pr\u00e4zise gefertigten Scharniere gew\u00e4hrleisten die Langlebigkeit und Stabilit\u00e4t Ihres Laptop-Displays.<\/p>\n<p><strong>Kompatibilit\u00e4t:<\/strong> Diese speziell f\u00fcr LENOVO Thinkpad T480S-Modelle entwickelten Scharniere garantieren eine perfekte Passform und stellen die volle Bewegungsfreiheit Ihres Laptops wieder her.<\/p>\n<p><strong>Qualit\u00e4t, der Sie vertrauen k\u00f6nnen:<\/strong> Unsere Scharniere sind Original-OEM-Teile und bieten die gleiche Qualit\u00e4t und Zuverl\u00e4ssigkeit wie die Originalkomponenten. GTSZ ist eine vertrauensw\u00fcrdige Marke f\u00fcr Laptop-Teile und wir sind stolz darauf, Produkte zu liefern, die den OEM-Standards entsprechen oder diese \u00fcbertreffen.<\/p>\n<p><strong>Einfache Installation:<\/strong> Obwohl wir keine spezifischen Austauschanweisungen bereitstellen, sind unsere Scharniere f\u00fcr eine benutzerfreundliche Installation konzipiert. Sollten w\u00e4hrend des Vorgangs Probleme oder Fragen auftreten, schreiben Sie uns gerne.<\/p>\n<p><strong>Weltweiter Versand:<\/strong> Egal, wo Sie sich befinden, wir bieten weltweiten Versand an, um Ihnen Zugang zu hochwertigen Laptop-Teilen zu gew\u00e4hrleisten. Vertrauen Sie auf unseren zuverl\u00e4ssigen Service und erhalten Sie Ihre Original-Scharniere schnell und zuverl\u00e4ssig.<\/p>\n<p><strong>Echte Fotos, echte Teile:<\/strong> Die Fotos in dieser Auflistung zeigen authentische Abbildungen der Scharniere, die Sie erhalten. Wir legen Wert auf Transparenz. Was Sie sehen, ist das, was Sie bekommen \u2013 hochwertige Original-Laptop-Teile.<\/p>\n<p>Erh\u00f6hen Sie Ihr Laptop-Erlebnis mit unseren Original-Scharnieren. R\u00fcsten Sie Ihr Ger\u00e4t mit dem sicheren Gef\u00fchl auf, die besten Laptop-Teile zu erhalten. Bestellen Sie jetzt und erleben Sie den GTSZ-Unterschied. Bei Fragen oder f\u00fcr weitere Unterst\u00fctzung schreiben Sie uns gerne.<\/p>\n","protected":false},"excerpt":{"rendered":"<p>Werten Sie Ihr LENOVO Thinkpad T480S mit unseren Original OEM-Scharnieren (R+L) auf \u2013 Teilenummern 01EN970 und 01EN971. Sichern Sie sich einen reibungslosen, langlebigen Scharnierersatz f\u00fcr Ihr Notebook. Vertrauen Sie auf Markenqualit\u00e4t von GTSZ. Kompatibel mit LENOVO Thinkpad T480S Modellen. Weltweiter Versand m\u00f6glich.<\/p>\n","protected":false},"featured_media":11991,"template":"","meta":[],"product_brand":[],"product_cat":[55],"product_tag":[62],"class_list":{"0":"post-11930","1":"product","2":"type-product","3":"status-publish","4":"has-post-thumbnail","6":"product_cat-screen-hinge","7":"product_tag-lenovo","9":"first","10":"instock","11":"taxable","12":"shipping-taxable","13":"purchasable","14":"product-type-simple"},"_links":{"self":[{"href":"https:\/\/boreait.com\/de\/wp-json\/wp\/v2\/product\/11930","targetHints":{"allow":["GET"]}}],"collection":[{"href":"https:\/\/boreait.com\/de\/wp-json\/wp\/v2\/product"}],"about":[{"href":"https:\/\/boreait.com\/de\/wp-json\/wp\/v2\/types\/product"}],"wp:featuredmedia":[{"embeddable":true,"href":"https:\/\/boreait.com\/de\/wp-json\/wp\/v2\/media\/11991"}],"wp:attachment":[{"href":"https:\/\/boreait.com\/de\/wp-json\/wp\/v2\/media?parent=11930"}],"wp:term":[{"taxonomy":"product_brand","embeddable":true,"href":"https:\/\/boreait.com\/de\/wp-json\/wp\/v2\/product_brand?post=11930"},{"taxonomy":"product_cat","embeddable":true,"href":"https:\/\/boreait.com\/de\/wp-json\/wp\/v2\/product_cat?post=11930"},{"taxonomy":"product_tag","embeddable":true,"href":"https:\/\/boreait.com\/de\/wp-json\/wp\/v2\/product_tag?post=11930"}],"curies":[{"name":"wp","href":"https:\/\/api.w.org\/{rel}","templated":true}]}}