{"id":11926,"date":"2025-09-15T15:56:05","date_gmt":"2025-09-15T13:56:05","guid":{"rendered":"https:\/\/boreait.com\/de\/?post_type=product&#038;p=11926"},"modified":"2025-09-16T12:53:33","modified_gmt":"2025-09-16T10:53:33","slug":"original-lenovo-thinkpad-x260-x270-strom-dc-buchse-ladekabel-dc30100qv00","status":"publish","type":"product","link":"https:\/\/boreait.com\/de\/produkt\/original-lenovo-thinkpad-x260-x270-strom-dc-buchse-ladekabel-dc30100qv00\/","title":{"rendered":"Original Lenovo Thinkpad X260 X270 Strom-DC-Buchse Ladekabel DC30100QV00"},"content":{"rendered":"<p>Steigern Sie die Lebensdauer und Funktionalit\u00e4t Ihres Lenovo Thinkpad X260 oder X270 Laptops mit dem Original Lenovo Thinkpad X260 X270 DC-Ladekabel (Teilenummer: DC30100QV00). Dieses hochwertige Ersatzkabel behebt Probleme mit der Stromversorgung und sorgt f\u00fcr ein effizientes Laden Ihres Laptops. <\/p>\n<p><strong>Hauptmerkmale:<\/strong><\/p>\n<ul>\n<li><strong>Original Lenovo-Teil:<\/strong> Vertrauen Sie auf die Echtheit und Zuverl\u00e4ssigkeit des originalen Lenovo-Stromkabels.<\/li>\n<li><strong>Kompatibilit\u00e4t:<\/strong> Speziell f\u00fcr die Thinkpad-Modelle X260 und X270 entwickelt, garantiert perfekte Passform.<\/li>\n<li><strong>Optimale Leistung:<\/strong> Ersetzen Sie Ihr abgenutztes oder besch\u00e4digtes Kabel, um eine stabile Stromverbindung f\u00fcr unterbrechungsfreie Laptop-Funktionalit\u00e4t zu gew\u00e4hrleisten.<\/li>\n<li><strong>Einfache Installation:<\/strong> Obwohl wir keine Schritt-f\u00fcr-Schritt-Anleitungen bereitstellen, ist unser Kabel f\u00fcr eine unkomplizierte Installation konzipiert. Wenn Sie Hilfe ben\u00f6tigen, kontaktieren Sie uns gerne.<\/li>\n<li><strong>Weltweiter Versand:<\/strong> Wir versenden unsere Original-Lenovo-Laptop-Teile innerhalb Europas und weltweit.<\/li>\n<\/ul>\n<p>Investieren Sie in die Langlebigkeit Ihres Laptops und erhalten Sie seine optimale Leistung, indem Sie das DC-Anschlusskabel austauschen. Vertrauen Sie auf Original-Lenovo-Qualit\u00e4t f\u00fcr eine sichere und zuverl\u00e4ssige Stromverbindung. Bei Fragen oder f\u00fcr weitere Unterst\u00fctzung schreiben Sie uns gerne.<\/p>\n<p>Bitte beachten Sie, dass die angezeigten Produktfotos die tats\u00e4chlichen Abbildungen des Kabels zeigen, das Sie erhalten. Kaufen Sie mit Vertrauen und sorgen Sie mit diesem Original-Lenovo-Laptop-Teil f\u00fcr einen reibungslosen Betrieb Ihres Lenovo Thinkpads.<\/p>\n","protected":false},"excerpt":{"rendered":"<p>Ersetzen Sie Ihr abgenutztes oder besch\u00e4digtes DC-Ladekabel durch dieses Original Lenovo Thinkpad X260 X270 DC-Ladekabel (Teilenummer: DC30100QV00). Sorgen Sie daf\u00fcr, dass Ihr Laptop stets mit Strom versorgt und geladen ist und optimale Leistung liefert. Original Lenovo-Qualit\u00e4t garantiert eine zuverl\u00e4ssige und sichere Verbindung. Kompatibel mit den Thinkpad-Modellen X260 und X270. Kaufen Sie jetzt und erleben Sie eine problemlose Laptop-Reparatur!<\/p>\n","protected":false},"featured_media":11987,"template":"","meta":[],"product_brand":[],"product_cat":[56],"product_tag":[62],"class_list":{"0":"post-11926","1":"product","2":"type-product","3":"status-publish","4":"has-post-thumbnail","6":"product_cat-cables","7":"product_tag-lenovo","9":"first","10":"instock","11":"taxable","12":"shipping-taxable","13":"purchasable","14":"product-type-simple"},"_links":{"self":[{"href":"https:\/\/boreait.com\/de\/wp-json\/wp\/v2\/product\/11926","targetHints":{"allow":["GET"]}}],"collection":[{"href":"https:\/\/boreait.com\/de\/wp-json\/wp\/v2\/product"}],"about":[{"href":"https:\/\/boreait.com\/de\/wp-json\/wp\/v2\/types\/product"}],"wp:featuredmedia":[{"embeddable":true,"href":"https:\/\/boreait.com\/de\/wp-json\/wp\/v2\/media\/11987"}],"wp:attachment":[{"href":"https:\/\/boreait.com\/de\/wp-json\/wp\/v2\/media?parent=11926"}],"wp:term":[{"taxonomy":"product_brand","embeddable":true,"href":"https:\/\/boreait.com\/de\/wp-json\/wp\/v2\/product_brand?post=11926"},{"taxonomy":"product_cat","embeddable":true,"href":"https:\/\/boreait.com\/de\/wp-json\/wp\/v2\/product_cat?post=11926"},{"taxonomy":"product_tag","embeddable":true,"href":"https:\/\/boreait.com\/de\/wp-json\/wp\/v2\/product_tag?post=11926"}],"curies":[{"name":"wp","href":"https:\/\/api.w.org\/{rel}","templated":true}]}}