{"id":11906,"date":"2025-09-15T15:55:35","date_gmt":"2025-09-15T13:55:35","guid":{"rendered":"https:\/\/boreait.com\/de\/?post_type=product&#038;p=11906"},"modified":"2025-09-16T12:53:32","modified_gmt":"2025-09-16T10:53:32","slug":"original-lenovo-thinkpad-x260-handauflage-ap0zk000200-rahmen-laptop-teile","status":"publish","type":"product","link":"https:\/\/boreait.com\/de\/produkt\/original-lenovo-thinkpad-x260-handauflage-ap0zk000200-rahmen-laptop-teile\/","title":{"rendered":"Original Lenovo ThinkPad X260 Handauflage AP0ZK000200 Rahmen Laptop-Teile"},"content":{"rendered":"<p>Verbessern Sie die Leistung und das Erscheinungsbild Ihres Lenovo ThinkPad X260 mit dem originalen Handballenauflagenrahmen AP0ZK000200. Dieses originale Lenovo-Laptopteil wird sorgf\u00e4ltig gefertigt, um eine perfekte Passform zu gew\u00e4hrleisten und bietet sowohl Langlebigkeit als auch ein elegantes Design.<\/p>\n<p><strong>Kompatibilit\u00e4t:<\/strong><\/p>\n<ul>\n<li>Speziell f\u00fcr Lenovo ThinkPad X260 Laptops entwickelt.<\/li>\n<\/ul>\n<p><strong>Funktionen:<\/strong><\/p>\n<ul>\n<li>Original Lenovo Produkt f\u00fcr zuverl\u00e4ssigen und sicheren Sitz.<\/li>\n<li>Verbessert die Gesamt\u00e4sthetik Ihres Laptops.<\/li>\n<li>Pr\u00e4zisionsgefertigt f\u00fcr lange Haltbarkeit.<\/li>\n<li>Weltweiter Versand f\u00fcr Ihre Bequemlichkeit.<\/li>\n<\/ul>\n<p><strong>Installation:<\/strong><\/p>\n<ul>\n<li>Einfache Installation mit minimalen technischen Kenntnissen.<\/li>\n<li>Wir bieten zwar keine Schritt-f\u00fcr-Schritt-Anleitungen an, aber bei Fragen oder Bedarf k\u00f6nnen Sie sich gerne an uns wenden. Unterst\u00fctzung.<\/li>\n<\/ul>\n<p><strong>Hinweis:<\/strong><\/p>\n<ul>\n<li>Dieses Angebot gilt nur f\u00fcr den Handballenauflagenrahmen AP0ZK000200. Weitere auf den Fotos abgebildete Komponenten dienen der Veranschaulichung.<\/li>\n<li>Echte Fotos sorgen f\u00fcr Transparenz \u2013 was Sie sehen, ist das, was Sie bekommen.<\/li>\n<\/ul>\n<p>R\u00fcsten Sie Ihr Notebook noch heute mit dem Lenovo ThinkPad X260 Handballenauflagenrahmen AP0ZK000200 auf \u2013 eine unverzichtbare Komponente f\u00fcr nahtlose Funktionalit\u00e4t und ein elegantes Erscheinungsbild. Bei Fragen oder f\u00fcr weitere Unterst\u00fctzung kontaktieren Sie uns gerne. Wir helfen Ihnen, das Beste aus Ihrem Notebook herauszuholen.<\/p>\n","protected":false},"excerpt":{"rendered":"<p>R\u00fcsten Sie Ihr Lenovo ThinkPad X260 mit diesem originalen Handballenauflagenrahmen (Teilenummer AP0ZK000200) auf. Dieser hochwertige Rahmen ist ein authentisches Lenovo-Produkt und wurde perfekt verarbeitet. Verbessern Sie die \u00c4sthetik und Funktionalit\u00e4t Ihres Laptops mit diesem Original-Ersatzteil. Weltweiter Versand m\u00f6glich.<\/p>\n","protected":false},"featured_media":11957,"template":"","meta":[],"product_brand":[],"product_cat":[52],"product_tag":[62],"class_list":{"0":"post-11906","1":"product","2":"type-product","3":"status-publish","4":"has-post-thumbnail","6":"product_cat-laptop-housing","7":"product_tag-lenovo","9":"first","10":"instock","11":"taxable","12":"shipping-taxable","13":"purchasable","14":"product-type-simple"},"_links":{"self":[{"href":"https:\/\/boreait.com\/de\/wp-json\/wp\/v2\/product\/11906","targetHints":{"allow":["GET"]}}],"collection":[{"href":"https:\/\/boreait.com\/de\/wp-json\/wp\/v2\/product"}],"about":[{"href":"https:\/\/boreait.com\/de\/wp-json\/wp\/v2\/types\/product"}],"wp:featuredmedia":[{"embeddable":true,"href":"https:\/\/boreait.com\/de\/wp-json\/wp\/v2\/media\/11957"}],"wp:attachment":[{"href":"https:\/\/boreait.com\/de\/wp-json\/wp\/v2\/media?parent=11906"}],"wp:term":[{"taxonomy":"product_brand","embeddable":true,"href":"https:\/\/boreait.com\/de\/wp-json\/wp\/v2\/product_brand?post=11906"},{"taxonomy":"product_cat","embeddable":true,"href":"https:\/\/boreait.com\/de\/wp-json\/wp\/v2\/product_cat?post=11906"},{"taxonomy":"product_tag","embeddable":true,"href":"https:\/\/boreait.com\/de\/wp-json\/wp\/v2\/product_tag?post=11906"}],"curies":[{"name":"wp","href":"https:\/\/api.w.org\/{rel}","templated":true}]}}