{"id":11784,"date":"2025-09-15T15:52:45","date_gmt":"2025-09-15T13:52:45","guid":{"rendered":"https:\/\/boreait.com\/de\/?post_type=product&#038;p=11784"},"modified":"2025-09-16T12:53:20","modified_gmt":"2025-09-16T10:53:20","slug":"verbessern-sie-die-konnektivitaet-kompatibel-mit-cn-0xvv0p-dell-wireless-karte-fuer-inspiron-5502-laptop-teile","status":"publish","type":"product","link":"https:\/\/boreait.com\/de\/produkt\/verbessern-sie-die-konnektivitaet-kompatibel-mit-cn-0xvv0p-dell-wireless-karte-fuer-inspiron-5502-laptop-teile\/","title":{"rendered":"Verbessern Sie die Konnektivit\u00e4t! Kompatibel mit CN-0XVV0P Dell Wireless-Karte f\u00fcr INSPIRON 5502 Laptop-Teile"},"content":{"rendered":"<p>Steigern Sie die WLAN-Leistung Ihres Dell INSPIRON 5502-Laptops mit unserer kompatiblen Dell Wireless-Karte CN-0XVV0P. Dieses Original-Laptop-Teil von Siggmo sorgt f\u00fcr nahtlose Konnektivit\u00e4t und ein verbessertes Online-Erlebnis. <\/p>\n<p><strong>Hauptmerkmale:<\/strong><\/p>\n<ul>\n<li><strong>Kompatibilit\u00e4t:<\/strong> Speziell f\u00fcr das Modell INSPIRON 5502 I7-1165G7 entwickelt.<\/li>\n<li><strong>Qualit\u00e4tssicherung:<\/strong> Diese originale und zuverl\u00e4ssige WLAN-Karte erf\u00fcllt h\u00f6chste Standards.<\/li>\n<li><strong>Einfache Installation:<\/strong> R\u00fcsten Sie Ihr Notebook m\u00fchelos mit unserer benutzerfreundlichen WLAN-Karte auf.<\/li>\n<li><strong>Verbesserte Konnektivit\u00e4t:<\/strong> Genie\u00dfen Sie schnellere und zuverl\u00e4ssigere WLAN-Verbindungen.<\/li>\n<\/ul>\n<p>Ob Sie eine defekte Karte ersetzen oder die Leistung Ihres Notebooks verbessern m\u00f6chten \u2013 unsere Dell WLAN-Karte CN-0XVV0P ist die ideale Wahl. Bleiben Sie kompromisslos verbunden.<\/p>\n<p><strong>Hinweis:<\/strong><\/p>\n<ul>\n<li>Dieses Produkt ist mit dem angegebenen Dell-Laptop-Modell kompatibel.<\/li>\n<li>Eine Installationsanleitung liegt nicht bei. Kontaktieren Sie uns jedoch gerne, wenn Sie Hilfe ben\u00f6tigen.<\/li>\n<li>Alle Produktbilder sind echte Fotos und gew\u00e4hrleisten Transparenz und Vertrauen in Ihren Kauf.<\/li>\n<\/ul>\n<p>Erweitern Sie die WLAN-Funktionen Ihres Laptops noch heute mit unserer Dell Wireless-Karte CN-0XVV0P. Vertrauen Sie Siggmo f\u00fcr Original-Laptop-Teile und au\u00dfergew\u00f6hnliche Leistung.<\/p>\n","protected":false},"excerpt":{"rendered":"<p>Erweitern Sie die WLAN-Funktionen Ihres Dell INSPIRON 5502 Laptops mit der Dell Wireless-Karte CN-0XVV0P. Genie\u00dfen Sie schnellere, zuverl\u00e4ssigere Verbindungen f\u00fcr nahtloses Online-Erlebnis. Diese einfach zu installierende und mit Ihrem Laptopmodell kompatible WLAN-Karte sorgt f\u00fcr erstklassige Leistung. Werten Sie Ihr Notebook mit Originalteilen von Siggmo auf!<\/p>\n","protected":false},"featured_media":11841,"template":"","meta":[],"product_brand":[],"product_cat":[63],"product_tag":[53],"class_list":{"0":"post-11784","1":"product","2":"type-product","3":"status-publish","4":"has-post-thumbnail","6":"product_cat-motherboards-board-parts","7":"product_tag-dell","9":"first","10":"instock","11":"taxable","12":"shipping-taxable","13":"purchasable","14":"product-type-simple"},"_links":{"self":[{"href":"https:\/\/boreait.com\/de\/wp-json\/wp\/v2\/product\/11784","targetHints":{"allow":["GET"]}}],"collection":[{"href":"https:\/\/boreait.com\/de\/wp-json\/wp\/v2\/product"}],"about":[{"href":"https:\/\/boreait.com\/de\/wp-json\/wp\/v2\/types\/product"}],"wp:featuredmedia":[{"embeddable":true,"href":"https:\/\/boreait.com\/de\/wp-json\/wp\/v2\/media\/11841"}],"wp:attachment":[{"href":"https:\/\/boreait.com\/de\/wp-json\/wp\/v2\/media?parent=11784"}],"wp:term":[{"taxonomy":"product_brand","embeddable":true,"href":"https:\/\/boreait.com\/de\/wp-json\/wp\/v2\/product_brand?post=11784"},{"taxonomy":"product_cat","embeddable":true,"href":"https:\/\/boreait.com\/de\/wp-json\/wp\/v2\/product_cat?post=11784"},{"taxonomy":"product_tag","embeddable":true,"href":"https:\/\/boreait.com\/de\/wp-json\/wp\/v2\/product_tag?post=11784"}],"curies":[{"name":"wp","href":"https:\/\/api.w.org\/{rel}","templated":true}]}}