{"id":11680,"date":"2025-09-15T15:50:08","date_gmt":"2025-09-15T13:50:08","guid":{"rendered":"https:\/\/boreait.com\/de\/?post_type=product&#038;p=11680"},"modified":"2026-01-19T10:12:24","modified_gmt":"2026-01-19T09:12:24","slug":"original-hp-compaq-nx7400-speicherabdeckung-tuer-panel-6070b0088301-laptop-teile","status":"publish","type":"product","link":"https:\/\/boreait.com\/de\/produkt\/original-hp-compaq-nx7400-speicherabdeckung-tuer-panel-6070b0088301-laptop-teile\/","title":{"rendered":"Original HP Compaq nx7400 Speicherabdeckung T\u00fcr Panel 6070B0088301 Laptop-Teile"},"content":{"rendered":"<p>R\u00fcsten Sie Ihren HP Compaq nx7400 Laptop mit der Original-Speicherabdeckung (Teilenummer: 6070B0088301) auf. Dieses Originalteil garantiert perfekte Passform und erm\u00f6glicht einfachen Zugriff zum Aufr\u00fcsten oder Austauschen des Arbeitsspeichers. Die pr\u00e4zise gefertigte Abdeckung entspricht den HP Qualit\u00e4tsstandards.<\/p>\n<p><strong>Hauptmerkmale:<\/strong><\/p>\n<ul>\n<li><strong>Kompatibilit\u00e4t:<\/strong> Speziell f\u00fcr HP Compaq nx7400 Laptops entwickelt.<\/li>\n<li><strong>Qualit\u00e4tssicherung:<\/strong> Original HP Produkt f\u00fcr Zuverl\u00e4ssigkeit und Leistung.<\/li>\n<li><strong>Einfache Installation:<\/strong> R\u00fcsten Sie den Arbeitsspeicher Ihres Laptops m\u00fchelos auf \u2013 dank benutzerfreundlicher Installation.<\/li>\n<li><strong>Schneller Versand:<\/strong> Wir wissen, wie wichtig schnelle Upgrades sind. Schneller und sicherer Versand m\u00f6glich.<\/li>\n<\/ul>\n<p>Diese Speicherabdeckung ist ein unverzichtbares Bauteil f\u00fcr die Wartung und Optimierung der Leistung Ihres Laptops. Egal, ob Sie Ihr System aufr\u00fcsten oder ein verschlissenes Teil ersetzen m\u00f6chten \u2013 dieses Originalprodukt von HP garantiert Kompatibilit\u00e4t und Leistung.<\/p>\n<p><strong>Hinweis:<\/strong> Wir stellen Ihnen Fotos des Originalteils zur Verf\u00fcgung. Wir bieten keine spezifischen Installationsanweisungen an, aber Sie k\u00f6nnen uns gerne kontaktieren, wenn Sie Hilfe ben\u00f6tigen. R\u00fcsten Sie Ihren HP Compaq nx7400 noch heute mit dieser zuverl\u00e4ssigen Speicherabdeckung auf. Bestellen Sie jetzt f\u00fcr ein reibungsloses und effizientes Upgrade-Erlebnis!<\/p>\n<p>Wenn Sie Fragen haben oder weitere Unterst\u00fctzung ben\u00f6tigen, z\u00f6gern Sie nicht, uns zu kontaktieren. Wir helfen Ihnen, das Beste aus Ihrem Laptop herauszuholen.<\/p>\n","protected":false},"excerpt":{"rendered":"<p>Verbessern Sie die Leistung Ihres HP Compaq nx7400 mit dieser originalen Speicherabdeckung (Teilenummer: 6070B0088301). Qualit\u00e4tssicherung und einfache Installation. Schneller Versand m\u00f6glich. R\u00fcsten Sie Ihren Laptop m\u00fchelos auf!<\/p>\n","protected":false},"featured_media":11727,"template":"","meta":[],"product_brand":[],"product_cat":[52],"product_tag":[61],"class_list":{"0":"post-11680","1":"product","2":"type-product","3":"status-publish","4":"has-post-thumbnail","6":"product_cat-laptop-housing","7":"product_tag-hp","9":"first","10":"instock","11":"taxable","12":"shipping-taxable","13":"purchasable","14":"product-type-simple"},"_links":{"self":[{"href":"https:\/\/boreait.com\/de\/wp-json\/wp\/v2\/product\/11680","targetHints":{"allow":["GET"]}}],"collection":[{"href":"https:\/\/boreait.com\/de\/wp-json\/wp\/v2\/product"}],"about":[{"href":"https:\/\/boreait.com\/de\/wp-json\/wp\/v2\/types\/product"}],"wp:featuredmedia":[{"embeddable":true,"href":"https:\/\/boreait.com\/de\/wp-json\/wp\/v2\/media\/11727"}],"wp:attachment":[{"href":"https:\/\/boreait.com\/de\/wp-json\/wp\/v2\/media?parent=11680"}],"wp:term":[{"taxonomy":"product_brand","embeddable":true,"href":"https:\/\/boreait.com\/de\/wp-json\/wp\/v2\/product_brand?post=11680"},{"taxonomy":"product_cat","embeddable":true,"href":"https:\/\/boreait.com\/de\/wp-json\/wp\/v2\/product_cat?post=11680"},{"taxonomy":"product_tag","embeddable":true,"href":"https:\/\/boreait.com\/de\/wp-json\/wp\/v2\/product_tag?post=11680"}],"curies":[{"name":"wp","href":"https:\/\/api.w.org\/{rel}","templated":true}]}}