{"id":11614,"date":"2025-09-15T15:48:50","date_gmt":"2025-09-15T13:48:50","guid":{"rendered":"https:\/\/boreait.com\/de\/?post_type=product&#038;p=11614"},"modified":"2025-09-16T12:53:04","modified_gmt":"2025-09-16T10:53:04","slug":"fujitsu-lifebook-e736-smart-card-reader-cp692850-x1-cp692840-z1-laptop-teile","status":"publish","type":"product","link":"https:\/\/boreait.com\/de\/produkt\/fujitsu-lifebook-e736-smart-card-reader-cp692850-x1-cp692840-z1-laptop-teile\/","title":{"rendered":"Fujitsu Lifebook E736 Smart Card Reader CP692850-X1 CP692840-Z1 Laptop-Teile"},"content":{"rendered":"<p>R\u00fcsten Sie Ihr Fujitsu Lifebook E736 mit unserem Original-Smartcard-Leseger\u00e4t (Modell: CP692850-X1 CP692840-Z1) f\u00fcr ein verbessertes Computererlebnis auf. Dieses Originalteil von Fujitsu gew\u00e4hrleistet Kompatibilit\u00e4t und optimale Leistung. <\/p>\n<p><strong>Hauptmerkmale:<\/strong><\/p>\n<ul>\n<li><strong>Modell:<\/strong> CP692850-X1 CP692840-Z1<\/li>\n<li><strong>Kompatibilit\u00e4t:<\/strong> Fujitsu Lifebook E736<\/li>\n<li><strong>Erh\u00f6hte Sicherheit:<\/strong> Der Smartcard-Leser bietet Ihrem Laptop zus\u00e4tzliche Sicherheit \u2013 ideal f\u00fcr professionelle Anwender und sicherheitsbewusste Nutzer.<\/li>\n<li><strong>Original Fujitsu-Ersatzteil:<\/strong> Vertrauen Sie auf die Zuverl\u00e4ssigkeit und Qualit\u00e4t eines originalen Fujitsu-Ersatzteils.<\/li>\n<li><strong>Weltweiter Versand:<\/strong> Wir versenden weltweit, sodass Sie \u00fcberall auf Original Fujitsu-Ersatzteile zugreifen k\u00f6nnen.<\/li>\n<\/ul>\n<p><strong>Installation:<\/strong> Obwohl wir keine spezifischen Installationsanweisungen bereitstellen, ist der Austausch des Smartcard-Lesers im Allgemeinen unkompliziert. Sollten w\u00e4hrend des Vorgangs Probleme oder Fragen auftreten, schreiben Sie uns gerne eine Nachricht.<\/p>\n<p><strong>Hinweis f\u00fcr K\u00e4ufer:<\/strong><\/p>\n<ul>\n<li>Die Fotos in diesem Angebot sind originalgetreu und zeigen den Smartcard-Leser, den Sie erhalten.<\/li>\n<li>Bei weiteren Fragen oder wenn Sie Hilfe bei der Installation ben\u00f6tigen, kontaktieren Sie uns gerne.<\/li>\n<\/ul>\n<p>R\u00fcsten Sie Ihr Fujitsu Lifebook E736 mit Zuversicht auf. Bestellen Sie jetzt den Original-Smartcard-Leser f\u00fcr mehr Sicherheit und Funktionalit\u00e4t.<\/p>\n","protected":false},"excerpt":{"rendered":"<p>Erweitern Sie Ihr Fujitsu Lifebook E736 mit diesem originalen Smartcard-Leseger\u00e4t (Modell: CP692850-X1 CP692840-Z1). Einfaches Upgrade f\u00fcr mehr Sicherheit und Funktionalit\u00e4t. Original Fujitsu-Teil f\u00fcr perfekte Passform. Weltweiter Versand m\u00f6glich.<\/p>\n","protected":false},"featured_media":11665,"template":"","meta":[],"product_brand":[],"product_cat":[63],"product_tag":[64],"class_list":{"0":"post-11614","1":"product","2":"type-product","3":"status-publish","4":"has-post-thumbnail","6":"product_cat-motherboards-board-parts","7":"product_tag-fujitsu","9":"first","10":"instock","11":"taxable","12":"shipping-taxable","13":"purchasable","14":"product-type-simple"},"_links":{"self":[{"href":"https:\/\/boreait.com\/de\/wp-json\/wp\/v2\/product\/11614","targetHints":{"allow":["GET"]}}],"collection":[{"href":"https:\/\/boreait.com\/de\/wp-json\/wp\/v2\/product"}],"about":[{"href":"https:\/\/boreait.com\/de\/wp-json\/wp\/v2\/types\/product"}],"wp:featuredmedia":[{"embeddable":true,"href":"https:\/\/boreait.com\/de\/wp-json\/wp\/v2\/media\/11665"}],"wp:attachment":[{"href":"https:\/\/boreait.com\/de\/wp-json\/wp\/v2\/media?parent=11614"}],"wp:term":[{"taxonomy":"product_brand","embeddable":true,"href":"https:\/\/boreait.com\/de\/wp-json\/wp\/v2\/product_brand?post=11614"},{"taxonomy":"product_cat","embeddable":true,"href":"https:\/\/boreait.com\/de\/wp-json\/wp\/v2\/product_cat?post=11614"},{"taxonomy":"product_tag","embeddable":true,"href":"https:\/\/boreait.com\/de\/wp-json\/wp\/v2\/product_tag?post=11614"}],"curies":[{"name":"wp","href":"https:\/\/api.w.org\/{rel}","templated":true}]}}