{"id":11485,"date":"2025-09-15T15:45:35","date_gmt":"2025-09-15T13:45:35","guid":{"rendered":"https:\/\/boreait.com\/de\/?post_type=product&#038;p=11485"},"modified":"2025-09-16T12:52:49","modified_gmt":"2025-09-16T10:52:49","slug":"individuelle-laptop-tastaturtaste-fuer-hp-15-ef-15s-eq-15-dy-serie-us-layout-teil-l63578-001","status":"publish","type":"product","link":"https:\/\/boreait.com\/de\/produkt\/individuelle-laptop-tastaturtaste-fuer-hp-15-ef-15s-eq-15-dy-serie-us-layout-teil-l63578-001\/","title":{"rendered":"Individuelle Laptop-Tastaturtaste f\u00fcr HP 15-EF, 15S-EQ, 15-DY-Serie \u2013 US-Layout \u2013 Teil L63578-001"},"content":{"rendered":"<div class=\"w-full text-token-text-primary\" data-testid=\"conversation-turn-7\">\n<div class=\"px-4 py-2 justify-center text-base md:gap-6 m-auto\">\n<div class=\"flex flex-1 text-base mx-auto gap-3 md:px-5 lg:px-1 xl:px-5 md:max-w-3xl lg:max-w-[40rem] xl:max-w-[48rem] group\">\n<div class=\"relative flex w-full flex-col lg:w-[calc(100%-115px)] agent-turn\">\n<div class=\"flex-col gap-1 md:gap-3\">\n<div class=\"flex flex-grow flex-col max-w-full\">\n<div class=\"min-h-[20px] text-message flex flex-col items-start gap-3 whitespace-pre-wrap break-words [.text-message+&]:mt-5 overflow-x-auto\" data-message-author-role=\"assistant\" data-message-id=\"42575e8b-b6da-4748-a5d3-20e792bc98e8\">\n<div class=\"markdown prose w-full break-words dark:prose-invert light\">\n<p><strong>VERF\u00dcGBARE TASTEN FINDEN SIE AUF DEM FOTO IN DER ANGEBOTSLISTE!<\/strong><\/p>\n<p>Bitte senden Sie uns nach Ihrer Bestellung eine Nachricht und teilen Sie uns mit, welche Taste(n) Sie ben\u00f6tigen.<\/p>\n<p>Optimieren Sie Ihr HP 15-EF-, 15S-EQ- oder 15-DY-Laptop-Erlebnis mit unserer individuellen US-Tastatur. Dieses Angebot eignet sich perfekt zum Ersetzen fehlender oder besch\u00e4digter Tasten. Es enth\u00e4lt die Tastaturtaste und die erforderlichen Tastaturclips (Scharniere) f\u00fcr einen problemlosen Austausch.<\/p>\n<p>Dieses Original-HP-Laptop-Teil ist kompatibel mit den Modellen 15-EF0023DX, 15S-EQ und 15-DY1024WM und garantiert eine pr\u00e4zise Passform f\u00fcr Ihr Ger\u00e4t. Als Anbieter hochwertiger Laptop-Teile bieten wir Ihnen in unserem Angebot echte Fotos, damit Sie genau sehen, welche Teile Sie erhalten.<\/p>\n<p>Zur Vereinfachung werden alle verf\u00fcgbaren Tastaturtasten in den Fotos angezeigt, sodass Sie die ben\u00f6tigten Tasten sicher ausw\u00e4hlen k\u00f6nnen. Als SEO-bewusster Verk\u00e4ufer priorisieren wir Schl\u00fcsselw\u00f6rter wie \u201eLaptop-Teile\u201c, damit Sie die ben\u00f6tigten Komponenten m\u00fchelos finden.<\/p>\n<p>Bitte beachten Sie, dass der Tastaturtaste keine Anleitung beiliegt. Sollten Sie dennoch Unterst\u00fctzung beim Austausch ben\u00f6tigen, k\u00f6nnen Sie uns gerne per Nachricht kontaktieren. Unser Support-Team hilft Ihnen gerne weiter.<\/p>\n<p>Gehen Sie beim Einsetzen der neuen Taste vorsichtig vor und vermeiden Sie es, sie mit Gewalt einzusetzen, da die Scharniere empfindlich sind. \u00dcberpr\u00fcfen Sie die angegebenen Teilenummern (L63578-001, L60341-001, L63678-001, M17184-001) und passen Sie die Anschl\u00fcsse an Ihre vorhandene Tastatur an, um die Kompatibilit\u00e4t sicherzustellen.<\/p>\n<p>Sorgen Sie f\u00fcr ein nahtloses Upgrade Ihres HP Laptops mit unseren hochwertigen individuellen Tastaturtasten \u2013 bestellen Sie noch heute!<\/p>\n<\/div>\n<\/div>\n<\/div>\n<div class=\"mt-1 flex justify-start gap-3 empty:hidden\">\n<div class=\"text-gray-400 flex self-end lg:self-center justify-center lg:justify-start mt-0 gap-1 visible\">\n<p>\u00a0<\/p>\n<div class=\"flex gap-1\"><\/div>\n<\/div>\n<\/div>\n<\/div>\n<\/div>\n<\/div>\n<\/div>\n<\/div>\n<div class=\"w-full text-token-text-primary\" data-testid=\"conversation-turn-8\">\n<div class=\"px-4 py-2 justify-center text-base md:gap-6 m-auto\">\n<div class=\"flex flex-1 text-base mx-auto gap-3 md:px-5 lg:px-1 xl:px-5 md:max-w-3xl lg:max-w-[40rem] xl:max-w-[48rem] group\">\n<div class=\"flex-shrink-0 flex flex-col relative items-end\">\n<div>\n<div class=\"pt-0.5\">\n<div class=\"gizmo-shadow-stroke flex h-6 w-6 items-center justify-center overflow-hidden rounded-full\"><\/div>\n<\/div>\n<\/div>\n<\/div>\n<\/div>\n<\/div>\n<\/div>\n","protected":false},"excerpt":{"rendered":"<p>Ersetzen Sie fehlende oder besch\u00e4digte Tasten Ihres HP 15-EF, 15S-EQ oder 15-DY Laptops durch unsere individuelle US-Tastatur. Die Fotos in der Auflistung zeigen die Teile, die Sie erhalten. Im Lieferumfang sind die Taste und die notwendigen Tastaturclips (Scharniere) enthalten. Hinweis: Keine Anleitung beigef\u00fcgt; Hilfe ist nur eine Nachricht entfernt. Empfindliche Scharniere \u2013 Vorsicht!<\/p>\n","protected":false},"featured_media":11549,"template":"","meta":[],"product_brand":[],"product_cat":[60],"product_tag":[61],"class_list":{"0":"post-11485","1":"product","2":"type-product","3":"status-publish","4":"has-post-thumbnail","6":"product_cat-individual-keyboard-keys","7":"product_tag-hp","9":"first","10":"instock","11":"taxable","12":"shipping-taxable","13":"purchasable","14":"product-type-simple"},"_links":{"self":[{"href":"https:\/\/boreait.com\/de\/wp-json\/wp\/v2\/product\/11485","targetHints":{"allow":["GET"]}}],"collection":[{"href":"https:\/\/boreait.com\/de\/wp-json\/wp\/v2\/product"}],"about":[{"href":"https:\/\/boreait.com\/de\/wp-json\/wp\/v2\/types\/product"}],"wp:featuredmedia":[{"embeddable":true,"href":"https:\/\/boreait.com\/de\/wp-json\/wp\/v2\/media\/11549"}],"wp:attachment":[{"href":"https:\/\/boreait.com\/de\/wp-json\/wp\/v2\/media?parent=11485"}],"wp:term":[{"taxonomy":"product_brand","embeddable":true,"href":"https:\/\/boreait.com\/de\/wp-json\/wp\/v2\/product_brand?post=11485"},{"taxonomy":"product_cat","embeddable":true,"href":"https:\/\/boreait.com\/de\/wp-json\/wp\/v2\/product_cat?post=11485"},{"taxonomy":"product_tag","embeddable":true,"href":"https:\/\/boreait.com\/de\/wp-json\/wp\/v2\/product_tag?post=11485"}],"curies":[{"name":"wp","href":"https:\/\/api.w.org\/{rel}","templated":true}]}}