{"id":11472,"date":"2025-09-15T15:45:12","date_gmt":"2025-09-15T13:45:12","guid":{"rendered":"https:\/\/boreait.com\/de\/?post_type=product&#038;p=11472"},"modified":"2025-09-16T12:52:49","modified_gmt":"2025-09-16T10:52:49","slug":"individuelle-laptop-tastaturtaste-fuer-dell-latitude-e5550-precision-3510-7510-hintergrundbeleuchtung-teil-0hyrf9","status":"publish","type":"product","link":"https:\/\/boreait.com\/de\/produkt\/individuelle-laptop-tastaturtaste-fuer-dell-latitude-e5550-precision-3510-7510-hintergrundbeleuchtung-teil-0hyrf9\/","title":{"rendered":"Individuelle Laptop-Tastaturtaste f\u00fcr Dell Latitude E5550, Precision 3510\/7510 \u2013 Hintergrundbeleuchtung \u2013 Teil 0HYRF9"},"content":{"rendered":"<div class=\"w-full text-token-text-primary\" data-testid=\"conversation-turn-9\">\n<div class=\"px-4 py-2 justify-center text-base md:gap-6 m-auto\">\n<div class=\"flex flex-1 text-base mx-auto gap-3 md:px-5 lg:px-1 xl:px-5 md:max-w-3xl lg:max-w-[40rem] xl:max-w-[48rem] group final-completion\">\n<div class=\"relative flex w-full flex-col lg:w-[calc(100%-115px)] agent-turn\">\n<div class=\"flex-col gap-1 md:gap-3\">\n<div class=\"flex flex-grow flex-col max-w-full\">\n<div class=\"min-h-[20px] text-message flex flex-col items-start gap-3 whitespace-pre-wrap break-words [.text-message+&]:mt-5 overflow-x-auto\" data-message-author-role=\"assistant\" data-message-id=\"6e18d573-4a56-411b-923f-00c661d65afb\">\n<div class=\"markdown prose w-full break-words dark:prose-invert light\">\n<p><strong>VERF\u00dcGBARE SCHL\u00dcSSEL FINDEN SIE AUF DEM FOTO IN DER ANGEBOTSLISTE!<\/strong><\/p>\n<p>Bitte senden Sie uns nach Ihrer Bestellung eine Nachricht und teilen Sie uns mit, welchen\/welche Schl\u00fcssel Sie ben\u00f6tigen.<\/p>\n<p>Verwandeln Sie Ihr Dell Latitude E5550 oder Precision 3510\/7510 Notebook mit unserer individuellen beleuchteten Tastaturtaste. Dieses Original-Ersatzteil von Dell mit der Teilenummer 0HYRF9 ist die perfekte L\u00f6sung f\u00fcr den Ersatz fehlender oder besch\u00e4digter Tasten.<\/p>\n<p>Unsere Transparenz spiegelt sich in den Fotos in der Anzeige wider, die Ihnen einen klaren \u00dcberblick \u00fcber das Teil geben, das Sie erhalten. Als spezialisierter Verk\u00e4ufer von hochwertigen Laptop-Teilen wissen wir, wie wichtig eine pr\u00e4zise Pr\u00e4sentation unserer Produkte ist.<\/p>\n<p>Diese Anzeige richtet sich an SEO-bewusste K\u00e4ufer und hebt Schl\u00fcsselw\u00f6rter wie \u201eLaptop-Teile\u201c hervor, um Ihnen die Suche nach den ben\u00f6tigten Komponenten zu erleichtern. Das Paket enth\u00e4lt die einzelne Tastaturtaste und die erforderlichen Tastaturclips (Scharniere) f\u00fcr eine umfassende Ersatzl\u00f6sung.<\/p>\n<p>Bitte beachten Sie, dass der Tastaturtaste keine Anleitung beiliegt. Sollten Sie beim Austausch Unterst\u00fctzung ben\u00f6tigen, steht Ihnen unser engagiertes Support-Team gerne zur Verf\u00fcgung.<\/p>\n<p>Gehen Sie beim Einsetzen der neuen Taste vorsichtig vor und vermeiden Sie es, sie mit Gewalt einzusetzen, da die Scharniere empfindlich sind. Um die Kompatibilit\u00e4t sicherzustellen, \u00fcberpr\u00fcfen Sie die angegebene Teilenummer (0HYRF9) und vergleichen Sie die Halterungen mit Ihrer vorhandenen Tastatur.<\/p>\n<p>Alle verf\u00fcgbaren Tastaturtasten sind in den Produktfotos abgebildet, sodass Sie die ben\u00f6tigten Tasten sicher ausw\u00e4hlen k\u00f6nnen. R\u00fcsten Sie Ihr Dell-Notebook mit unseren hochwertigen individuellen Tastaturtasten auf \u2013 bestellen Sie noch heute!<\/p>\n<\/div>\n<\/div>\n<\/div>\n<div class=\"mt-1 flex justify-start gap-3 empty:hidden\">\n<div class=\"text-gray-400 flex self-end lg:self-center justify-center lg:justify-start mt-0 gap-1 visible\">\n<p>\u00a0<\/p>\n<div class=\"flex gap-1\"><\/div>\n<div class=\"flex items-center gap-1.5 text-xs\"><\/div>\n<\/div>\n<\/div>\n<\/div>\n<\/div>\n<\/div>\n<\/div>\n<\/div>\n<div class=\"mx-auto\">\n<div data-projection-id=\"56\">\n<div class=\"mx-auto mt-2 inline-flex rounded-xl border border-gray-100 dark:border-gray-700\"><\/div>\n<\/div>\n<\/div>\n","protected":false},"excerpt":{"rendered":"<p>R\u00fcsten Sie Ihr Dell Latitude E5550 oder Precision 3510\/7510 Notebook mit unserer individuellen hintergrundbeleuchteten Tastatur auf. Die Fotos in der Auflistung zeigen das genaue Teil, das Sie erhalten, einschlie\u00dflich Tastaturclips (Scharniere). Im Lieferumfang ist der Schl\u00fcssel f\u00fcr einen reibungslosen Austausch enthalten. Hinweis: Es liegen keine Anweisungen bei, aber Hilfe ist nur eine Nachricht entfernt. Empfindliche Scharniere \u2013 vorsichtig behandeln!<\/p>\n","protected":false},"featured_media":11546,"template":"","meta":[],"product_brand":[],"product_cat":[60],"product_tag":[53],"class_list":{"0":"post-11472","1":"product","2":"type-product","3":"status-publish","4":"has-post-thumbnail","6":"product_cat-individual-keyboard-keys","7":"product_tag-dell","9":"first","10":"instock","11":"taxable","12":"shipping-taxable","13":"purchasable","14":"product-type-simple"},"_links":{"self":[{"href":"https:\/\/boreait.com\/de\/wp-json\/wp\/v2\/product\/11472","targetHints":{"allow":["GET"]}}],"collection":[{"href":"https:\/\/boreait.com\/de\/wp-json\/wp\/v2\/product"}],"about":[{"href":"https:\/\/boreait.com\/de\/wp-json\/wp\/v2\/types\/product"}],"wp:featuredmedia":[{"embeddable":true,"href":"https:\/\/boreait.com\/de\/wp-json\/wp\/v2\/media\/11546"}],"wp:attachment":[{"href":"https:\/\/boreait.com\/de\/wp-json\/wp\/v2\/media?parent=11472"}],"wp:term":[{"taxonomy":"product_brand","embeddable":true,"href":"https:\/\/boreait.com\/de\/wp-json\/wp\/v2\/product_brand?post=11472"},{"taxonomy":"product_cat","embeddable":true,"href":"https:\/\/boreait.com\/de\/wp-json\/wp\/v2\/product_cat?post=11472"},{"taxonomy":"product_tag","embeddable":true,"href":"https:\/\/boreait.com\/de\/wp-json\/wp\/v2\/product_tag?post=11472"}],"curies":[{"name":"wp","href":"https:\/\/api.w.org\/{rel}","templated":true}]}}