{"id":11471,"date":"2025-09-15T15:45:12","date_gmt":"2025-09-15T13:45:12","guid":{"rendered":"https:\/\/boreait.com\/de\/?post_type=product&#038;p=11471"},"modified":"2025-09-16T12:52:49","modified_gmt":"2025-09-16T10:52:49","slug":"individuelle-laptop-tastaturtaste-fuer-die-asus-f552-serie-uk-layout-keine-hintergrundbeleuchtung-teil-oknbo-612bwb00","status":"publish","type":"product","link":"https:\/\/boreait.com\/de\/produkt\/individuelle-laptop-tastaturtaste-fuer-die-asus-f552-serie-uk-layout-keine-hintergrundbeleuchtung-teil-oknbo-612bwb00\/","title":{"rendered":"Individuelle Laptop-Tastaturtaste f\u00fcr die Asus F552-Serie \u2013 UK-Layout, keine Hintergrundbeleuchtung \u2013 Teil OKNBO-612BWB00"},"content":{"rendered":"<div class=\"flex-1 overflow-hidden\">\n<div class=\"react-scroll-to-bottom--css-ecnvr-79elbk h-full\">\n<div class=\"react-scroll-to-bottom--css-ecnvr-1n7m0yu\">\n<div class=\"flex flex-col pb-9 text-sm\">\n<div class=\"w-full text-token-text-primary\" data-testid=\"conversation-turn-5\">\n<div class=\"px-4 py-2 justify-center text-base md:gap-6 m-auto\">\n<div class=\"flex flex-1 text-base mx-auto gap-3 md:px-5 lg:px-1 xl:px-5 md:max-w-3xl lg:max-w-[40rem] xl:max-w-[48rem] Gruppe endg\u00fcltige Vervollst\u00e4ndigung\">\n<div class=\"relative flex w-full flex-col lg:w-[calc(100%-115px)] agent-turn\">\n<div class=\"flex-col gap-1 md:gap-3\">\n<div class=\"flex flex-grow flex-col max-w-full\">\n<div class=\"min-h-[20px] Textnachricht flex flex-col Elemente-Start gap-3 Leerzeichen-Vor-Umbruch Wortumbr\u00fcche [.text-message+&]:mt-5 \u00dcberlauf-x-Auto\" Datennachricht-Autor-Rolle=\"Assistent\" Datennachricht-ID=\"5d27c772-5e7e-4da0-a38f-e66a3e17acf7\">\n<div class=\"Markdown-Prosa w-full break-words dark:prose-invert light\">\n<p><strong>VERF\u00dcGBARE TASTEN FINDEN SIE AUF DEM FOTO IN DER ANGEBOTSLISTE!<\/strong><\/p>\n<p>Bitte senden Sie uns nach Ihrer Bestellung eine Nachricht und teilen Sie uns mit, welche Taste(n) Sie ben\u00f6tigen.<\/p>\n<p>Verleihen Sie Ihrem Laptop der Asus F552-Serie mit unserer individuellen Tastatur mit UK-Layout neuen Schwung. Unsere Tastaturtaste ist kompatibel mit den Modellen F552L, F552LAV, F552LD, F552M, F552MD, F552MJ, F552V, F552VL und F552W und die ideale L\u00f6sung f\u00fcr den Ersatz besch\u00e4digter oder fehlender Tasten.<\/p>\n<p>Dieses Angebot enth\u00e4lt Fotos der genauen Teile, die Sie erhalten \u2013 f\u00fcr eine transparente und genaue Darstellung unseres Produkts. Als Anbieter hochwertiger Laptop-Teile m\u00f6chten wir Ihnen eine fundierte Entscheidung erm\u00f6glichen.<\/p>\n<p>Bitte beachten Sie, dass der Tastaturtaste keine Anleitung beiliegt. Sollten Sie dennoch Unterst\u00fctzung beim Austausch ben\u00f6tigen, kontaktieren Sie uns gerne per Nachricht. Unser engagiertes Support-Team hilft Ihnen gerne weiter.<\/p>\n<p>Das Paket enth\u00e4lt die einzelne Tastaturtaste und die erforderlichen Tastaturclips (Scharniere) f\u00fcr einen reibungslosen Austausch. Alle verf\u00fcgbaren Tastaturtasten sind in den Fotos der Artikelliste zu sehen, sodass Sie die ben\u00f6tigten Tasten sicher ausw\u00e4hlen k\u00f6nnen.<\/p>\n<p>Als SEO-bewusster Verk\u00e4ufer wissen wir, wie wichtig die Verwendung von Schl\u00fcsselw\u00f6rtern wie \u201eLaptop-Teile\u201c ist. Unsere Original-Asus-Tastaturtasten bieten nicht nur einen Ersatz, sondern eine L\u00f6sung, um die Funktionalit\u00e4t und \u00c4sthetik Ihres Laptops zu erhalten.<\/p>\n<p>Gehen Sie beim Einsetzen der neuen Taste vorsichtig vor und vermeiden Sie Gewalteinwirkung, da die Scharniere empfindlich sind. Um eine perfekte \u00dcbereinstimmung zu gew\u00e4hrleisten, \u00fcberpr\u00fcfen Sie die angegebene Teilenummer (OKNBO-612BWB00) und vergleichen Sie die Anschl\u00fcsse mit Ihrer vorhandenen Tastatur.<\/p>\n<p>Schauen Sie sich die Produktfotos an und achten Sie besonders auf den Tastenmechanismus, um die Kompatibilit\u00e4t mit Ihrem Asus F552-Laptop zu gew\u00e4hrleisten. Verbessern Sie Ihr Laptop-Erlebnis mit unseren hochwertigen individuellen Tastaturtasten \u2013 bestellen Sie noch heute!<\/p>\n<\/div>\n<\/div>\n<\/div>\n<div class=\"mt-1 flex justify-start gap-3 empty:hidden\">\n<div class=\"text-gray-400 flex self-end lg:self-center justify-center lg:justify-start mt-0 gap-1 visible\">\n<p>\u00a0<\/p>\n<div class=\"flex gap-1\"><\/div>\n<div class=\"flex items-center gap-1.5 text-xs\"><\/div>\n<\/div>\n<\/div>\n<\/div>\n<\/div>\n<\/div>\n<\/div>\n<\/div>\n<\/div>\n<\/div>\n<\/div>\n<\/div>\n<div class=\"w-full pt-2 md:pt-0 dark:border-white\/20 md:border-transparent md:dark:border-transparent md:w-[calc(100%-.5rem)]\">\n<div class=\"relative flex h-full flex-1 items-stretch md:flex-col\">\n<div class=\"flex w-full items-center\">\n<div class=\"overflow-hidden [&:hat(Textbereich:Fokus)]:Rahmen-Token-Rahmen-xschwer [&:hat(Textbereich:Fokus)]:Schatten-[0_2px_6px_rgba(0,0,0,05)] Flex Flex-Col w-voll Dunkel:Rahmen-Token-Rahmen-schwer Flex-Grow relativer Rahmen Rahmen-Token-Rahmen-schwer Dunkel:Text-wei\u00df gerundet-2xl Hintergrund-wei\u00df Dunkel:Hintergrund-grau-800 Schatten-[0_0_0_2px_rgba(255,255,255,0,95)] Dunkel:Schatten-[0_0_0_2px_rgba(52,53,65,0,95)]\">\n<div data-grammarly-part=\"button\">\n<div>\n<div>\n<div class=\"amkYk\">\n<div>\n<div class=\"ptGJG\"><\/div>\n<\/div>\n<\/div>\n<\/div>\n<\/div>\n<\/div>\n<\/div>\n<\/div>\n<\/div>\n<\/div>\n","protected":false},"excerpt":{"rendered":"<p>Werten Sie Ihr Asus F552-Notebook mit unserer individuellen Tastatur mit UK-Layout auf \u2013 ein perfekter Ersatz f\u00fcr besch\u00e4digte oder fehlende Tasten. Echte Fotos in der Auflistung sorgen f\u00fcr Transparenz. Im Lieferumfang sind die Taste und die notwendigen Tastaturclips (Scharniere) enthalten. Hinweis: Es liegt keine Anleitung bei, aber Hilfe ist nur eine Nachricht entfernt. Vorsicht \u2013 empfindliche Scharniere!<\/p>\n","protected":false},"featured_media":11541,"template":"","meta":[],"product_brand":[],"product_cat":[60],"product_tag":[66],"class_list":{"0":"post-11471","1":"product","2":"type-product","3":"status-publish","4":"has-post-thumbnail","6":"product_cat-individual-keyboard-keys","7":"product_tag-asus","9":"first","10":"instock","11":"taxable","12":"shipping-taxable","13":"purchasable","14":"product-type-simple"},"_links":{"self":[{"href":"https:\/\/boreait.com\/de\/wp-json\/wp\/v2\/product\/11471","targetHints":{"allow":["GET"]}}],"collection":[{"href":"https:\/\/boreait.com\/de\/wp-json\/wp\/v2\/product"}],"about":[{"href":"https:\/\/boreait.com\/de\/wp-json\/wp\/v2\/types\/product"}],"wp:featuredmedia":[{"embeddable":true,"href":"https:\/\/boreait.com\/de\/wp-json\/wp\/v2\/media\/11541"}],"wp:attachment":[{"href":"https:\/\/boreait.com\/de\/wp-json\/wp\/v2\/media?parent=11471"}],"wp:term":[{"taxonomy":"product_brand","embeddable":true,"href":"https:\/\/boreait.com\/de\/wp-json\/wp\/v2\/product_brand?post=11471"},{"taxonomy":"product_cat","embeddable":true,"href":"https:\/\/boreait.com\/de\/wp-json\/wp\/v2\/product_cat?post=11471"},{"taxonomy":"product_tag","embeddable":true,"href":"https:\/\/boreait.com\/de\/wp-json\/wp\/v2\/product_tag?post=11471"}],"curies":[{"name":"wp","href":"https:\/\/api.w.org\/{rel}","templated":true}]}}