{"id":11468,"date":"2025-09-15T15:45:12","date_gmt":"2025-09-15T13:45:12","guid":{"rendered":"https:\/\/boreait.com\/de\/?post_type=product&#038;p=11468"},"modified":"2025-09-16T12:52:48","modified_gmt":"2025-09-16T10:52:48","slug":"einzeltaste-und-scharnier-fuer-lenovo-thinkpad-yoga-x380-370-us-tastatur-01hw575-sn20p38586-hintergrundbeleuchtung-laptop-teile","status":"publish","type":"product","link":"https:\/\/boreait.com\/de\/produkt\/einzeltaste-und-scharnier-fuer-lenovo-thinkpad-yoga-x380-370-us-tastatur-01hw575-sn20p38586-hintergrundbeleuchtung-laptop-teile\/","title":{"rendered":"Einzeltaste und Scharnier f\u00fcr Lenovo ThinkPad Yoga X380 370 US-Tastatur 01HW575 | SN20P38586 | Hintergrundbeleuchtung | Laptop-Teile"},"content":{"rendered":"<p><strong>VERF\u00dcGBARE TASTEN FINDEN SIE AUF DEM FOTO IN DER ANGEBOTSLISTE!<\/strong><\/p>\n<p>Bitte senden Sie uns nach Ihrer Bestellung eine Nachricht und teilen Sie uns mit, welche Taste(n) Sie ben\u00f6tigen.<\/p>\n<p>Erweitern Sie Ihre Lenovo ThinkPad Yoga X380- oder 370-Tastatur mit unserer originalen Einzeltaste mit Scharnier (SN20P38586). Dieses individuelle Laptop-Teil, kompatibel mit 01HW575, ersetzt fehlende oder besch\u00e4digte Tasten nahtlos und verbessert so Ihr Tipperlebnis.<\/p>\n<p>Authentizit\u00e4t hat f\u00fcr uns oberste Priorit\u00e4t. Die Produktfotos in der Angebotsliste zeigen die im Lieferumfang enthaltene Taste und die Scharniere deutlich. Das umfassende Set umfasst die Tastaturtaste und die Clips (Scharniere) und gew\u00e4hrleistet so einen problemlosen Austausch.<\/p>\n<p>Wichtiger Hinweis: Wir bieten keine Schritt-f\u00fcr-Schritt-Anleitungen, helfen Ihnen aber gerne weiter. Schreiben Sie uns gerne f\u00fcr eine pers\u00f6nliche Beratung. Um die Integrit\u00e4t Ihres Laptops zu gew\u00e4hrleisten, sollten Sie die neue Taste nicht mit Gewalt einsetzen, da die Scharniere empfindlich sind. Alle verf\u00fcgbaren Tastaturtasten sind auf dem Angebotsfoto abgebildet, um Ihnen die Auswahl der perfekten Tastatur f\u00fcr Ihr Lenovo ThinkPad Modell zu erleichtern.<\/p>\n<p>Um die Kompatibilit\u00e4t sicherzustellen, vergleichen Sie die Teilenummern, einschlie\u00dflich SN20P38586, und \u00fcberpr\u00fcfen Sie das US-Layout. Jede Taste ist ein originaler Ersatz, pr\u00e4zise gefertigt f\u00fcr ein komfortables Tipperlebnis.<\/p>\n<p>Seien Sie beim Einsetzen der neuen Taste vorsichtig und beachten Sie das Foto mit dem Tastenmechanismus, um die Kompatibilit\u00e4t mit Ihrem Tastaturmodell sicherzustellen.<\/p>\n<p>W\u00e4hlen Sie unsere Einzeltaste mit Scharnier f\u00fcr das Lenovo ThinkPad Yoga X380 oder 370 f\u00fcr Qualit\u00e4t, Originalit\u00e4t und einen reibungslosen Austausch. Verbessern Sie noch heute die Funktionalit\u00e4t Ihres Laptops und seien Sie versichert, dass wir Sie w\u00e4hrend des gesamten Kaufprozesses unterst\u00fctzen.<\/p>\n","protected":false},"excerpt":{"rendered":"<p>R\u00fcsten Sie Ihre Lenovo ThinkPad Yoga X380- oder 370-Tastatur mit unserem Original-Schl\u00fcssel und Scharnier (SN20P38586) auf. Dieser hintergrundbeleuchtete Schl\u00fcssel im US-Layout, kompatibel mit 01HW575, sorgt f\u00fcr perfekte Passform. Im Lieferumfang sind Schl\u00fcssel und Tastaturclips f\u00fcr eine einfache Installation enthalten. Produktfotos garantieren Authentizit\u00e4t. Kontaktieren Sie uns f\u00fcr eine pers\u00f6nliche Beratung, da keine Anleitung beiliegt.<\/p>\n","protected":false},"featured_media":11530,"template":"","meta":[],"product_brand":[],"product_cat":[60],"product_tag":[62],"class_list":{"0":"post-11468","1":"product","2":"type-product","3":"status-publish","4":"has-post-thumbnail","6":"product_cat-individual-keyboard-keys","7":"product_tag-lenovo","9":"first","10":"instock","11":"taxable","12":"shipping-taxable","13":"purchasable","14":"product-type-simple"},"_links":{"self":[{"href":"https:\/\/boreait.com\/de\/wp-json\/wp\/v2\/product\/11468","targetHints":{"allow":["GET"]}}],"collection":[{"href":"https:\/\/boreait.com\/de\/wp-json\/wp\/v2\/product"}],"about":[{"href":"https:\/\/boreait.com\/de\/wp-json\/wp\/v2\/types\/product"}],"wp:featuredmedia":[{"embeddable":true,"href":"https:\/\/boreait.com\/de\/wp-json\/wp\/v2\/media\/11530"}],"wp:attachment":[{"href":"https:\/\/boreait.com\/de\/wp-json\/wp\/v2\/media?parent=11468"}],"wp:term":[{"taxonomy":"product_brand","embeddable":true,"href":"https:\/\/boreait.com\/de\/wp-json\/wp\/v2\/product_brand?post=11468"},{"taxonomy":"product_cat","embeddable":true,"href":"https:\/\/boreait.com\/de\/wp-json\/wp\/v2\/product_cat?post=11468"},{"taxonomy":"product_tag","embeddable":true,"href":"https:\/\/boreait.com\/de\/wp-json\/wp\/v2\/product_tag?post=11468"}],"curies":[{"name":"wp","href":"https:\/\/api.w.org\/{rel}","templated":true}]}}