{"id":11456,"date":"2025-09-15T15:44:46","date_gmt":"2025-09-15T13:44:46","guid":{"rendered":"https:\/\/boreait.com\/de\/?post_type=product&#038;p=11456"},"modified":"2025-09-25T07:59:22","modified_gmt":"2025-09-25T05:59:22","slug":"laptop-tastatur-fuer-hp-elitebook-840-g1-g2-850-g1-g2-zbook-14-g1-g2-15u-g2-6037boo85805-uk-layout-einzeltaste","status":"publish","type":"product","link":"https:\/\/boreait.com\/de\/produkt\/laptop-tastatur-fuer-hp-elitebook-840-g1-g2-850-g1-g2-zbook-14-g1-g2-15u-g2-6037boo85805-uk-layout-einzeltaste\/","title":{"rendered":"Laptop-Tastatur f\u00fcr HP EliteBook 840 G1 G2, 850 G1 G2, ZBook 14 G1\/G2, 15u G2 | 6037BOO85805 | UK-Layout | Einzeltaste"},"content":{"rendered":"<div class=\"flex-1 overflow-hidden\">\n<div class=\"react-scroll-to-bottom--css-jgrcx-79elbk h-full\">\n<div class=\"react-scroll-to-bottom--css-jgrcx-1n7m0yu\">\n<div class=\"flex flex-col pb-9 text-sm\">\n<div class=\"w-full text-token-text-primary\" data-testid=\"conversation-turn-13\">\n<div class=\"px-4 py-2 justify-center text-base md:gap-6 m-auto\">\n<div class=\"flex flex-1 text-base mx-auto gap-3 md:px-5 lg:px-1 xl:px-5 md:max-w-3xl lg:max-w-[40rem] xl:max-w-[48rem] Gruppe endg\u00fcltige Vervollst\u00e4ndigung\">\n<div class=\"relative flex w-full flex-col lg:w-[calc(100%-115px)] Agent-Turn\">\n<div class=\"flex-col gap-1 md:gap-3\">\n<div class=\"flex flex-grow flex-col max-w-full\">\n<div class=\"min-h-[20px] Textnachricht flex flex-col Elemente-Start gap-3 Leerzeichen-Vor-Umbruch Wortumbr\u00fcche [.text-message+&]:mt-5 \u00dcberlauf-x-Auto\" Datennachricht-Autor-Rolle=\"Assistent\" Datennachricht-ID=\"9e0c8187-f4c8-4090-a084-845fe12600c8\">\n<div class=\"Markdown-Prosa w-full break-words dark:prose-invert light\">\n<p>Verwandeln Sie Ihr HP EliteBook oder ZBook mit unserer originalen Laptop-Tastaturtaste f\u00fcr Modelle wie 840 G1 G2, 850 G1 G2, ZBook 14 G1\/G2 und 15u G2. Dieses Laptop-Einzelteil (6037BOO85805) mit britischem Layout ist die ideale L\u00f6sung f\u00fcr den Ersatz fehlender oder besch\u00e4digter Tasten.<\/p>\n<p>Authentizit\u00e4t ist uns wichtig. Unsere Produktfotos in der Auflistung zeigen die im Lieferumfang enthaltene Taste und die Scharniere deutlich. Das umfassende Set besteht aus der Tastaturtaste und den Clips (Scharnieren) und gew\u00e4hrleistet so einen problemlosen Austausch.<\/p>\n<p>Wichtiger Hinweis: Wir bieten zwar keine Schritt-f\u00fcr-Schritt-Anleitung, helfen Ihnen aber gerne weiter. Kontaktieren Sie uns gerne f\u00fcr eine pers\u00f6nliche Beratung. Um die Integrit\u00e4t Ihres Laptops zu sch\u00fctzen, vermeiden Sie es, die neue Taste mit Gewalt einzusetzen, da die Scharniere empfindlich sind. Alle verf\u00fcgbaren Tastaturtasten sind auf dem Artikelfoto abgebildet und helfen Ihnen, die perfekte Tastatur f\u00fcr Ihr HP EliteBook oder ZBook Modell zu finden.<\/p>\n<p>Um die Kompatibilit\u00e4t sicherzustellen, vergleichen Sie die Teilenummern, einschlie\u00dflich 6037BOO85805, und \u00fcberpr\u00fcfen Sie das britische Tastaturlayout. Jede Taste ist ein originaler Ersatz und wurde pr\u00e4zise gefertigt, um ein komfortables Tippen zu erm\u00f6glichen.<\/p>\n<p>Seien Sie beim Einsetzen der neuen Taste vorsichtig und beachten Sie das Foto mit dem Tastenmechanismus, um die Kompatibilit\u00e4t mit Ihrem Tastaturmodell sicherzustellen.<\/p>\n<p>W\u00e4hlen Sie unsere Laptop-Tastaturtaste f\u00fcr HP EliteBook und ZBook und profitieren Sie von Qualit\u00e4t, Originalit\u00e4t und einem reibungslosen Austausch. Verbessern Sie noch heute die Funktionalit\u00e4t Ihres Laptops und seien Sie versichert, dass wir Sie w\u00e4hrend des gesamten Kaufprozesses unterst\u00fctzen.<\/p>\n<\/div>\n<\/div>\n<\/div>\n<div class=\"mt-1 flex justify-start gap-3 empty:hidden\">\n<div class=\"text-gray-400 flex self-end lg:self-center justify-center lg:justify-start mt-0 gap-1 visible\">\n<p>\u00a0<\/p>\n<div class=\"flex gap-1\"><\/div>\n<div class=\"flex items-center gap-1.5 text-xs\"><\/div>\n<\/div>\n<\/div>\n<\/div>\n<\/div>\n<\/div>\n<\/div>\n<\/div>\n<\/div>\n<\/div>\n<\/div>\n<\/div>\n<div class=\"w-full pt-2 md:pt-0 dark:border-white\/20 md:border-transparent md:dark:border-transparent md:w-[calc(100%-.5rem)]\">\n<div class=\"relative flex h-full flex-1 items-stretch md:flex-col\">\n<div class=\"flex w-full items-center\">\n<div class=\"overflow-hidden [&:hat(Textbereich:Fokus)]:Rahmen-Token-Rahmen-xschwer [&:hat(Textbereich:Fokus)]:Schatten-[0_2px_6px_rgba(0,0,0,05)] Flex Flex-Col w-voll Dunkel:Rahmen-Token-Rahmen-schwer Flex-Grow relativer Rahmen Rahmen-Token-Rahmen-schwer Dunkel:Text-wei\u00df gerundet-2xl Hintergrund-wei\u00df Dunkel:Hintergrund-grau-800 Schatten-[0_0_0_2px_rgba(255,255,255,0,95)] Dunkel:Schatten-[0_0_0_2px_rgba(52,53,65,0,95)]\">\n<div data-grammarly-part=\"button\">\n<div>\n<div>\n<div class=\"amkYk\">\n<div>\n<div class=\"ptGJG\"><\/div>\n<\/div>\n<\/div>\n<\/div>\n<\/div>\n<\/div>\n<\/div>\n<\/div>\n<\/div>\n<\/div>\n","protected":false},"excerpt":{"rendered":"<p>Verleihen Sie Ihrem HP EliteBook oder ZBook Laptop mit unserer originalen individuellen Tastaturtaste (6037BOO85805) neuen Schwung. Diese Taste im UK-Layout passt perfekt zu Ihrer Tastatur und beinhaltet Tasten und Tastaturclips f\u00fcr eine einfache Installation. Echte Produktfotos gew\u00e4hrleisten Authentizit\u00e4t. Kontaktieren Sie uns f\u00fcr eine pers\u00f6nliche Beratung, da keine Anleitung beiliegt.<\/p>\n","protected":false},"featured_media":18695,"template":"","meta":[],"product_brand":[],"product_cat":[60],"product_tag":[],"class_list":{"0":"post-11456","1":"product","2":"type-product","3":"status-publish","4":"has-post-thumbnail","6":"product_cat-individual-keyboard-keys","8":"first","9":"instock","10":"taxable","11":"shipping-taxable","12":"purchasable","13":"product-type-simple"},"_links":{"self":[{"href":"https:\/\/boreait.com\/de\/wp-json\/wp\/v2\/product\/11456","targetHints":{"allow":["GET"]}}],"collection":[{"href":"https:\/\/boreait.com\/de\/wp-json\/wp\/v2\/product"}],"about":[{"href":"https:\/\/boreait.com\/de\/wp-json\/wp\/v2\/types\/product"}],"wp:featuredmedia":[{"embeddable":true,"href":"https:\/\/boreait.com\/de\/wp-json\/wp\/v2\/media\/18695"}],"wp:attachment":[{"href":"https:\/\/boreait.com\/de\/wp-json\/wp\/v2\/media?parent=11456"}],"wp:term":[{"taxonomy":"product_brand","embeddable":true,"href":"https:\/\/boreait.com\/de\/wp-json\/wp\/v2\/product_brand?post=11456"},{"taxonomy":"product_cat","embeddable":true,"href":"https:\/\/boreait.com\/de\/wp-json\/wp\/v2\/product_cat?post=11456"},{"taxonomy":"product_tag","embeddable":true,"href":"https:\/\/boreait.com\/de\/wp-json\/wp\/v2\/product_tag?post=11456"}],"curies":[{"name":"wp","href":"https:\/\/api.w.org\/{rel}","templated":true}]}}