{"id":11454,"date":"2025-09-15T15:44:45","date_gmt":"2025-09-15T13:44:45","guid":{"rendered":"https:\/\/boreait.com\/de\/?post_type=product&#038;p=11454"},"modified":"2025-09-16T12:52:48","modified_gmt":"2025-09-16T10:52:48","slug":"hp-701986-001-laptop-tastaturtaste-fuer-elitebook-8570p-550125w00-035-g-uk-layout-laptop-teile","status":"publish","type":"product","link":"https:\/\/boreait.com\/de\/produkt\/hp-701986-001-laptop-tastaturtaste-fuer-elitebook-8570p-550125w00-035-g-uk-layout-laptop-teile\/","title":{"rendered":"HP 701986-001 Laptop-Tastaturtaste f\u00fcr EliteBook 8570p | 550125W00-035-G | UK-Layout | Laptop-Teile"},"content":{"rendered":"<div class=\"flex-1 overflow-hidden\">\n<div class=\"react-scroll-to-bottom--css-jgrcx-79elbk h-full\">\n<div class=\"react-scroll-to-bottom--css-jgrcx-1n7m0yu\">\n<div class=\"flex flex-col pb-9 text-sm\">\n<div class=\"w-full text-token-text-primary\" data-testid=\"conversation-turn-9\">\n<div class=\"px-4 py-2 justify-center text-base md:gap-6 m-auto\">\n<div class=\"flex flex-1 text-base mx-auto gap-3 md:px-5 lg:px-1 xl:px-5 md:max-w-3xl lg:max-w-[40rem] xl:max-w-[48rem] Gruppe endg\u00fcltige Vervollst\u00e4ndigung\">\n<div class=\"relative flex w-full flex-col lg:w-[calc(100%-115px)] agent-turn\">\n<div class=\"flex-col gap-1 md:gap-3\">\n<div class=\"flex flex-grow flex-col max-w-full\">\n<div class=\"min-h-[20px] Textnachricht flex flex-col Elemente-Start gap-3 Leerzeichen-Vor-Umbruch Wortumbruch [.text-message+&]:mt-5 \u00dcberlauf-x-Auto\" Datennachricht-Autor-Rolle=\"Assistent\" Datennachricht-ID=\"a962f754-2b31-493b-bd3c-1c9df5120eef\">\n<div class=\"Markdown-Prosa w-full break-words dark:prose-invert light\">\n<p><strong>VERF\u00dcGBARE TASTEN FINDEN SIE AUF DEM FOTO IN DER ANGEBOTSLISTE!<\/strong><\/p>\n<p>Bitte senden Sie uns nach Ihrer Bestellung eine Nachricht und teilen Sie uns mit, welche Taste(n) Sie ben\u00f6tigen.<\/p>\n<p>Verleihen Sie Ihrem EliteBook 8570p Laptop mit unserer originalen HP 701986-001 Laptop-Tastaturtaste neuen Schwung. Dieses individuelle Laptop-Teil mit britischem Layout (550125W00-035-G) l\u00e4sst sich nahtlos in Ihre vorhandene Tastatur integrieren und bietet eine zuverl\u00e4ssige L\u00f6sung f\u00fcr fehlende oder besch\u00e4digte Tasten.<\/p>\n<p>Authentizit\u00e4t ist oberstes Gebot. Unsere Produktfotos in der Angebotsliste zeigen die im Lieferumfang enthaltene Taste und die Scharniere deutlich. Das umfassende Set umfasst die Tastaturtaste und die Clips (Scharniere) und gew\u00e4hrleistet so einen problemlosen Austausch.<\/p>\n<p>Wichtiger Hinweis: Wir bieten zwar keine Schritt-f\u00fcr-Schritt-Anleitung, helfen Ihnen aber gerne weiter. Kontaktieren Sie uns gerne f\u00fcr eine pers\u00f6nliche Beratung. Um die Integrit\u00e4t Ihres Laptops zu gew\u00e4hrleisten, vermeiden Sie bitte das Einsetzen der neuen Taste mit Gewalt, da die Scharniere empfindlich sind. Alle verf\u00fcgbaren Tastaturtasten sind auf dem Foto abgebildet, um Ihnen die Auswahl der perfekten Tastatur f\u00fcr Ihr EliteBook-Modell zu erleichtern.<\/p>\n<p>Um die Kompatibilit\u00e4t sicherzustellen, vergleichen Sie die Teilenummern, einschlie\u00dflich 550125W00-035-G, und \u00fcberpr\u00fcfen Sie das britische Layout. Jede Taste ist ein originaler Ersatz, pr\u00e4zise gefertigt f\u00fcr ein komfortables Tippgef\u00fchl.<\/p>\n<p>Seien Sie beim Einsetzen der neuen Taste vorsichtig und beachten Sie das Foto mit dem Tastenmechanismus, um die Kompatibilit\u00e4t mit Ihrem Tastaturmodell sicherzustellen.<\/p>\n<p>W\u00e4hlen Sie unsere HP 701986-001 Laptop-Tastaturtaste f\u00fcr das EliteBook 8570p f\u00fcr Qualit\u00e4t, Originalit\u00e4t und einen reibungslosen Austausch. Erweitern Sie noch heute die Funktionalit\u00e4t Ihres Laptops und seien Sie versichert, dass wir Sie w\u00e4hrend des gesamten Kaufprozesses unterst\u00fctzen.<\/p>\n<\/div>\n<\/div>\n<\/div>\n<div class=\"mt-1 flex justify-start gap-3 empty:hidden\">\n<div class=\"text-gray-400 flex self-end lg:self-center justify-center lg:justify-start mt-0 gap-1 visible\">\n<p>\u00a0<\/p>\n<div class=\"flex gap-1\"><\/div>\n<div class=\"flex items-center gap-1.5 text-xs\"><\/div>\n<\/div>\n<\/div>\n<\/div>\n<\/div>\n<\/div>\n<\/div>\n<\/div>\n<\/div>\n<\/div>\n<\/div>\n<\/div>\n<div class=\"w-full pt-2 md:pt-0 dark:border-white\/20 md:border-transparent md:dark:border-transparent md:w-[calc(100%-.5rem)]\">\n<div class=\"relative flex h-full flex-1 items-stretch md:flex-col\">\n<div class=\"flex w-full items-center\">\n<div class=\"overflow-hidden [&:hat(Textbereich:Fokus)]:Rahmen-Token-Rahmen-xschwer [&:hat(Textbereich:Fokus)]:Schatten-[0_2px_6px_rgba(0,0,0,05)] Flex Flex-Col w-voll Dunkel:Rahmen-Token-Rahmen-schwer Flex-Grow relativer Rahmen Rahmen-Token-Rahmen-schwer Dunkel:Text-wei\u00df gerundet-2xl Hintergrund-wei\u00df Dunkel:Hintergrund-grau-800 Schatten-[0_0_0_2px_rgba(255,255,255,0,95)] Dunkel:Schatten-[0_0_0_2px_rgba(52,53,65,0,95)]\">\n<div data-grammarly-part=\"button\">\n<div>\n<div>\n<div class=\"amkYk\">\n<div>\n<div class=\"ptGJG\"><\/div>\n<\/div>\n<\/div>\n<\/div>\n<\/div>\n<\/div>\n<\/div>\n<\/div>\n<\/div>\n<\/div>\n","protected":false},"excerpt":{"rendered":"<p>Ersetzen Sie fehlende oder besch\u00e4digte Tasten Ihres EliteBook 8570p durch unsere originale HP 701986-001 Laptop-Tastatur. Diese Tastatur mit UK-Layout (550125W00-035-G) passt perfekt zu Ihrem Laptop. Im Lieferumfang sind die Tastatur und Tastaturclips f\u00fcr eine einfache Installation enthalten. Echte Produktfotos sorgen f\u00fcr einen sicheren Kauf. Kontaktieren Sie uns f\u00fcr eine pers\u00f6nliche Beratung, da keine Anleitung beiliegt.<\/p>\n","protected":false},"featured_media":11522,"template":"","meta":[],"product_brand":[],"product_cat":[60],"product_tag":[61],"class_list":{"0":"post-11454","1":"product","2":"type-product","3":"status-publish","4":"has-post-thumbnail","6":"product_cat-individual-keyboard-keys","7":"product_tag-hp","9":"first","10":"instock","11":"taxable","12":"shipping-taxable","13":"purchasable","14":"product-type-simple"},"_links":{"self":[{"href":"https:\/\/boreait.com\/de\/wp-json\/wp\/v2\/product\/11454","targetHints":{"allow":["GET"]}}],"collection":[{"href":"https:\/\/boreait.com\/de\/wp-json\/wp\/v2\/product"}],"about":[{"href":"https:\/\/boreait.com\/de\/wp-json\/wp\/v2\/types\/product"}],"wp:featuredmedia":[{"embeddable":true,"href":"https:\/\/boreait.com\/de\/wp-json\/wp\/v2\/media\/11522"}],"wp:attachment":[{"href":"https:\/\/boreait.com\/de\/wp-json\/wp\/v2\/media?parent=11454"}],"wp:term":[{"taxonomy":"product_brand","embeddable":true,"href":"https:\/\/boreait.com\/de\/wp-json\/wp\/v2\/product_brand?post=11454"},{"taxonomy":"product_cat","embeddable":true,"href":"https:\/\/boreait.com\/de\/wp-json\/wp\/v2\/product_cat?post=11454"},{"taxonomy":"product_tag","embeddable":true,"href":"https:\/\/boreait.com\/de\/wp-json\/wp\/v2\/product_tag?post=11454"}],"curies":[{"name":"wp","href":"https:\/\/api.w.org\/{rel}","templated":true}]}}