{"id":11450,"date":"2025-09-15T15:44:45","date_gmt":"2025-09-15T13:44:45","guid":{"rendered":"https:\/\/boreait.com\/de\/?post_type=product&#038;p=11450"},"modified":"2025-09-16T12:52:47","modified_gmt":"2025-09-16T10:52:47","slug":"original-lenovo-3000-n200-typ-0769-laptop-scharnier-set-amzhw00200-amzhw00100-oem","status":"publish","type":"product","link":"https:\/\/boreait.com\/de\/produkt\/original-lenovo-3000-n200-typ-0769-laptop-scharnier-set-amzhw00200-amzhw00100-oem\/","title":{"rendered":"Original Lenovo 3000 N200 Typ 0769 Laptop-Scharnier-Set AMZHW00200 AMZHW00100 \u2013 OEM"},"content":{"rendered":"<p>Verbessern Sie die Funktionalit\u00e4t und Haltbarkeit Ihres Lenovo 3000 N200 Typ 0769 Laptops mit unserem Original-Scharnierset, bestehend aus dem linken (AMZHW00200) und rechten (AMZHW00100) Scharnier. Dieses nach OEM-Standards gefertigte Scharnierset garantiert pr\u00e4zise Passform und optimale Leistung.<\/p>\n<p><strong>Kompatibilit\u00e4t:<\/strong> Dieses speziell f\u00fcr Lenovo 3000 N200 Typ 0769 Laptops entwickelte Scharnierset ist eine zuverl\u00e4ssige Wahl f\u00fcr die strukturelle Integrit\u00e4t Ihres Ger\u00e4ts. Ob Sie besch\u00e4digte Scharniere ersetzen oder ein proaktives Upgrade durchf\u00fchren \u2013 unsere Original-Lenovo-Teile bieten Qualit\u00e4t, der Sie vertrauen k\u00f6nnen.<\/p>\n<p><strong>Qualit\u00e4tssicherung:<\/strong> Diese pr\u00e4zise gefertigten Scharniere erf\u00fcllen h\u00f6chste Industriestandards und versprechen sicheren Sitz und robuste Leistung. Sie k\u00f6nnen sich darauf verlassen, dass Ihr Laptop reibungslos funktioniert und gleichzeitig eine lange Lebensdauer hat.<\/p>\n<p><strong>Einfache Installation:<\/strong> Sie m\u00fcssen kein Technikexperte sein \u2013 unser Scharnierset ist f\u00fcr die Selbstmontage konzipiert. Wir bieten zwar keine Schritt-f\u00fcr-Schritt-Anleitung, aber Sie k\u00f6nnen uns gerne kontaktieren, wenn Sie Fragen haben oder Hilfe ben\u00f6tigen. Wir m\u00f6chten unseren Kunden die Kontrolle \u00fcber ihre Laptop-Wartung geben.<\/p>\n<p><strong>Echte Fotos, echte Teile:<\/strong> Die Bilder zeigen die Scharniere, die Sie erhalten. Wir legen Wert auf Transparenz, und unser originales Lenovo 3000 N200 Typ 0769 Laptop-Scharnierset bildet da keine Ausnahme. Was Sie sehen, ist, was Sie bekommen \u2013 hochwertige Teile f\u00fcr Ihren Laptop.<\/p>\n<p><strong>Weltweiter Versand:<\/strong> Von unserem Sitz in Europa aus bieten wir weltweiten Versand an. Wo auch immer Sie sich befinden, wir sorgen daf\u00fcr, dass Ihr originales Lenovo Laptop-Scharnierset sicher und schnell bei Ihnen ankommt. Erleben Sie den Komfort des Laptop-Ersatzteilkaufs mit Siggmo.<\/p>\n<p>R\u00fcsten Sie Ihr Lenovo 3000 N200-Notebook noch heute mit unserem Original-Scharnierset auf \u2013 die perfekte L\u00f6sung f\u00fcr ein zuverl\u00e4ssiges und langlebiges Laptop-Erlebnis. Bei Fragen oder f\u00fcr weitere Unterst\u00fctzung schreiben Sie uns gerne. Ihre Zufriedenheit ist unsere Priorit\u00e4t.<\/p>\n","protected":false},"excerpt":{"rendered":"<p>R\u00fcsten Sie Ihr Lenovo 3000 N200 Typ 0769 Laptop mit diesem Original-Scharnierset auf. Das Paket enth\u00e4lt sowohl das linke als auch das rechte Scharnier (AMZHW00200, AMZHW00100). Diese Scharniere wurden nach OEM-Spezifikationen gefertigt und gew\u00e4hrleisten eine perfekte Passform sowie Stabilit\u00e4t und Langlebigkeit Ihres Laptops. Ideal f\u00fcr die DIY-Reparatur von Laptops und kompatibel mit verschiedenen Lenovo 3000 N200 Modellen.<\/p>\n","protected":false},"featured_media":11510,"template":"","meta":[],"product_brand":[],"product_cat":[55],"product_tag":[62],"class_list":{"0":"post-11450","1":"product","2":"type-product","3":"status-publish","4":"has-post-thumbnail","6":"product_cat-screen-hinge","7":"product_tag-lenovo","9":"first","10":"instock","11":"taxable","12":"shipping-taxable","13":"purchasable","14":"product-type-simple"},"_links":{"self":[{"href":"https:\/\/boreait.com\/de\/wp-json\/wp\/v2\/product\/11450","targetHints":{"allow":["GET"]}}],"collection":[{"href":"https:\/\/boreait.com\/de\/wp-json\/wp\/v2\/product"}],"about":[{"href":"https:\/\/boreait.com\/de\/wp-json\/wp\/v2\/types\/product"}],"wp:featuredmedia":[{"embeddable":true,"href":"https:\/\/boreait.com\/de\/wp-json\/wp\/v2\/media\/11510"}],"wp:attachment":[{"href":"https:\/\/boreait.com\/de\/wp-json\/wp\/v2\/media?parent=11450"}],"wp:term":[{"taxonomy":"product_brand","embeddable":true,"href":"https:\/\/boreait.com\/de\/wp-json\/wp\/v2\/product_brand?post=11450"},{"taxonomy":"product_cat","embeddable":true,"href":"https:\/\/boreait.com\/de\/wp-json\/wp\/v2\/product_cat?post=11450"},{"taxonomy":"product_tag","embeddable":true,"href":"https:\/\/boreait.com\/de\/wp-json\/wp\/v2\/product_tag?post=11450"}],"curies":[{"name":"wp","href":"https:\/\/api.w.org\/{rel}","templated":true}]}}