{"id":11326,"date":"2025-09-15T15:42:00","date_gmt":"2025-09-15T13:42:00","guid":{"rendered":"https:\/\/boreait.com\/de\/?post_type=product&#038;p=11326"},"modified":"2025-09-16T12:52:35","modified_gmt":"2025-09-16T10:52:35","slug":"original-ls-3104p-4559as39l01-lenovo-touchpad-button-board-mit-kabel-fuer-3000-n100-0768-serie","status":"publish","type":"product","link":"https:\/\/boreait.com\/de\/produkt\/original-ls-3104p-4559as39l01-lenovo-touchpad-button-board-mit-kabel-fuer-3000-n100-0768-serie\/","title":{"rendered":"Original LS-3104P 4559AS39L01 Lenovo Touchpad Button Board mit Kabel f\u00fcr 3000 N100 0768 Serie"},"content":{"rendered":"<p>Optimieren Sie Ihr Laptop-Erlebnis mit der Lenovo Touchpad-Tastenplatine LS-3104P 4559AS39L01 f\u00fcr die 3000 N100 0768 Serie. Dieses Original-Ersatzteil von Lenovo garantiert Pr\u00e4zision und Zuverl\u00e4ssigkeit und stellt die Funktionalit\u00e4t Ihres Touchpads wieder her.<\/p>\n<p><strong>Kompatibilit\u00e4t:<\/strong> Diese Touchpad-Tastenplatine mit Kabel ist mit Laptops der Lenovo 3000 N100 0768 Serie kompatibel und garantiert eine nahtlose Passform und problemlose Installation.<\/p>\n<p><strong>Qualit\u00e4tssicherung:<\/strong> Die pr\u00e4zise und detailverliebte Fertigung der LS-3104P 4559AS39L01 ist ein Original-Lenovo-Teil und garantiert Qualit\u00e4t und Langlebigkeit. Ihr Laptop verdient Komponenten, die den hohen Lenovo-Standards entsprechen und optimale Leistung gew\u00e4hrleisten.<\/p>\n<p><strong>Einfache Installation:<\/strong> Im Lieferumfang sind die Touchpad-Tastenplatine und ein Kabel f\u00fcr eine bequeme Installation enthalten. Wir stellen zwar keine spezifischen Austauschanleitungen zur Verf\u00fcgung, aber Sie k\u00f6nnen uns gerne kontaktieren, wenn Sie Hilfe ben\u00f6tigen.<\/p>\n<p><strong>Hinweis<\/strong>: Die Produktbilder sind originalgetreu und zeigen die genauen Teile, die Sie erhalten. Transparenz ist uns wichtig, und die Fotos zeigen die Lenovo Touchpad-Tastenplatine LS-3104P 4559AS39L01 mit Kabel pr\u00e4zise.<\/p>\n<p>R\u00fcsten Sie Ihr Lenovo 3000 N100 0768 Series Notebook noch heute auf und genie\u00dfen Sie ein reibungsloses und reaktionsschnelles Touchpad-Erlebnis. Bei Fragen oder f\u00fcr weitere Unterst\u00fctzung kontaktieren Sie uns gerne. Ihre Zufriedenheit ist unsere Priorit\u00e4t.<\/p>\n","protected":false},"excerpt":{"rendered":"<p>R\u00fcsten Sie Ihr Lenovo 3000 N100 0768 Series Notebook mit dieser originalen Touchpad-Tastenplatine LS-3104P 4559AS39L01 auf. Stellen Sie die Funktionalit\u00e4t Ihres Touchpads mit dem mitgelieferten Kabel wieder her. Originalteile f\u00fcr nahtlose Integration und optimale Leistung. Weltweiter Versand m\u00f6glich.<\/p>\n","protected":false},"featured_media":11374,"template":"","meta":[],"product_brand":[],"product_cat":[63],"product_tag":[62],"class_list":{"0":"post-11326","1":"product","2":"type-product","3":"status-publish","4":"has-post-thumbnail","6":"product_cat-motherboards-board-parts","7":"product_tag-lenovo","9":"first","10":"instock","11":"taxable","12":"shipping-taxable","13":"purchasable","14":"product-type-simple"},"_links":{"self":[{"href":"https:\/\/boreait.com\/de\/wp-json\/wp\/v2\/product\/11326","targetHints":{"allow":["GET"]}}],"collection":[{"href":"https:\/\/boreait.com\/de\/wp-json\/wp\/v2\/product"}],"about":[{"href":"https:\/\/boreait.com\/de\/wp-json\/wp\/v2\/types\/product"}],"wp:featuredmedia":[{"embeddable":true,"href":"https:\/\/boreait.com\/de\/wp-json\/wp\/v2\/media\/11374"}],"wp:attachment":[{"href":"https:\/\/boreait.com\/de\/wp-json\/wp\/v2\/media?parent=11326"}],"wp:term":[{"taxonomy":"product_brand","embeddable":true,"href":"https:\/\/boreait.com\/de\/wp-json\/wp\/v2\/product_brand?post=11326"},{"taxonomy":"product_cat","embeddable":true,"href":"https:\/\/boreait.com\/de\/wp-json\/wp\/v2\/product_cat?post=11326"},{"taxonomy":"product_tag","embeddable":true,"href":"https:\/\/boreait.com\/de\/wp-json\/wp\/v2\/product_tag?post=11326"}],"curies":[{"name":"wp","href":"https:\/\/api.w.org\/{rel}","templated":true}]}}