{"id":11308,"date":"2025-09-15T15:41:36","date_gmt":"2025-09-15T13:41:36","guid":{"rendered":"https:\/\/boreait.com\/de\/?post_type=product&#038;p=11308"},"modified":"2025-09-16T12:52:34","modified_gmt":"2025-09-16T10:52:34","slug":"seagate-st9250315as-250-gb-sata-festplatte-9hh132-286-0002sdm1-6vc-su-laptop-teile","status":"publish","type":"product","link":"https:\/\/boreait.com\/de\/produkt\/seagate-st9250315as-250-gb-sata-festplatte-9hh132-286-0002sdm1-6vc-su-laptop-teile\/","title":{"rendered":"Seagate ST9250315AS 250 GB SATA-Festplatte 9HH132-286 0002SDM1 6VC SU Laptop-Teile"},"content":{"rendered":"<p>Erweitern Sie die Speicherkapazit\u00e4t Ihres Laptops mit der Seagate ST9250315AS 250 GB SATA-Festplatte. Dieses Originalprodukt von Seagate (P\/N: 9HH132-286, F\/W: 0002SDM1) ist eine zuverl\u00e4ssige L\u00f6sung f\u00fcr alle, die zus\u00e4tzlichen Speicherplatz f\u00fcr ihre Daten ben\u00f6tigen. Egal, ob Sie als Profi mehr Speicherplatz f\u00fcr Arbeitsdateien ben\u00f6tigen oder als Gelegenheitsnutzer zus\u00e4tzlichen Speicherplatz f\u00fcr Filme und Fotos suchen \u2013 diese Festplatte ist die perfekte L\u00f6sung. <\/p>\n<p><strong>Hauptmerkmale:<\/strong><\/p>\n<ul>\n<li><strong>Kapazit\u00e4t:<\/strong> 250 GB<\/li>\n<li><strong>Schnittstelle:<\/strong> SATA<\/li>\n<li><strong>Teilenummer (P\/N):<\/strong> 9HH132-286<\/li>\n<li><strong>Firmware-Version (F\/W):<\/strong> 0002SDM1<\/li>\n<li><strong>Kompatibilit\u00e4t:<\/strong> F\u00fcr den reibungslosen Betrieb mit einer Reihe von Laptops konzipiert.<\/li>\n<li><strong>Originalprodukt:<\/strong> Original Seagate-Festplatte f\u00fcr zuverl\u00e4ssige Leistung.<\/li>\n<\/ul>\n<p><strong>Warum die Seagate ST9250315AS-Festplatte w\u00e4hlen?<\/strong> Die Seagate ST9250315AS bietet ein ausgewogenes Verh\u00e4ltnis aus Zuverl\u00e4ssigkeit, Leistung und gro\u00dfz\u00fcgigem Speicherplatz. Dieses SATA-Laufwerk eignet sich ideal zum Aufr\u00fcsten oder Ersetzen Ihrer vorhandenen Festplatte und gew\u00e4hrleistet schnelle Daten\u00fcbertragungsgeschwindigkeiten und zuverl\u00e4ssigen Betrieb.<\/p>\n<p><strong>Einfache Installation:<\/strong> Obwohl wir keine spezifischen Installationsanweisungen bereitstellen, ist der Austausch einer Laptop-Festplatte ein g\u00e4ngiges Upgrade. Wenn Sie Hilfe ben\u00f6tigen, schreiben Sie uns gerne.<\/p>\n<p><strong>Echte Fotos:<\/strong> Die Bilder in diesem Angebot sind echte Fotos der Seagate ST9250315AS-Festplatte, die Sie erhalten. Kaufen Sie mit Vertrauen und wissen Sie genau, was Sie erwartet.<\/p>\n<p>R\u00fcsten Sie Ihren Laptop noch heute mit der Seagate ST9250315AS 250 GB SATA-Festplatte auf. Erweitern Sie Ihren Speicherplatz und sorgen Sie f\u00fcr optimale Leistung Ihres Laptops. Bei Fragen oder f\u00fcr weitere Unterst\u00fctzung kontaktieren Sie uns gerne. Ihre Zufriedenheit ist unsere Priorit\u00e4t.<\/p>\n","protected":false},"excerpt":{"rendered":"<p>Erweitern Sie den Speicherplatz Ihres Laptops mit der Seagate ST9250315AS 250 GB SATA-Festplatte. Diese Original-Festplatte von Seagate (P\/N: 9HH132-286, F\/W: 0002SDM1) ist eine zuverl\u00e4ssige Wahl zur Erweiterung der Speicherkapazit\u00e4t Ihres Laptops. Diese Festplatte ist mit einer Vielzahl von Laptops kompatibel und bietet optimale Leistung und ausreichend Speicherplatz f\u00fcr Ihre Daten.<\/p>\n","protected":false},"featured_media":11353,"template":"","meta":[],"product_brand":[],"product_cat":[85,67],"product_tag":[],"class_list":{"0":"post-11308","1":"product","2":"type-product","3":"status-publish","4":"has-post-thumbnail","6":"product_cat-2-5-hdd","7":"product_cat-ssd-hdd-drives","9":"first","10":"instock","11":"taxable","12":"shipping-taxable","13":"purchasable","14":"product-type-simple"},"_links":{"self":[{"href":"https:\/\/boreait.com\/de\/wp-json\/wp\/v2\/product\/11308","targetHints":{"allow":["GET"]}}],"collection":[{"href":"https:\/\/boreait.com\/de\/wp-json\/wp\/v2\/product"}],"about":[{"href":"https:\/\/boreait.com\/de\/wp-json\/wp\/v2\/types\/product"}],"wp:featuredmedia":[{"embeddable":true,"href":"https:\/\/boreait.com\/de\/wp-json\/wp\/v2\/media\/11353"}],"wp:attachment":[{"href":"https:\/\/boreait.com\/de\/wp-json\/wp\/v2\/media?parent=11308"}],"wp:term":[{"taxonomy":"product_brand","embeddable":true,"href":"https:\/\/boreait.com\/de\/wp-json\/wp\/v2\/product_brand?post=11308"},{"taxonomy":"product_cat","embeddable":true,"href":"https:\/\/boreait.com\/de\/wp-json\/wp\/v2\/product_cat?post=11308"},{"taxonomy":"product_tag","embeddable":true,"href":"https:\/\/boreait.com\/de\/wp-json\/wp\/v2\/product_tag?post=11308"}],"curies":[{"name":"wp","href":"https:\/\/api.w.org\/{rel}","templated":true}]}}