{"id":11208,"date":"2025-09-15T15:39:06","date_gmt":"2025-09-15T13:39:06","guid":{"rendered":"https:\/\/boreait.com\/de\/?post_type=product&#038;p=11208"},"modified":"2025-09-16T12:52:27","modified_gmt":"2025-09-16T10:52:27","slug":"dell-latitude-e7470-scharniere-a00mrh5g-a0032hfd-07v12r-07928-0mrh5g","status":"publish","type":"product","link":"https:\/\/boreait.com\/de\/produkt\/dell-latitude-e7470-scharniere-a00mrh5g-a0032hfd-07v12r-07928-0mrh5g\/","title":{"rendered":"Dell Latitude E7470 Scharniere &#8211; A00MRH5G A0032HFD 07V12R 07928 0MRH5G"},"content":{"rendered":"<p>Verleihen Sie Ihrem Dell Latitude E7470 Laptop mit diesen Original-Ersatzscharnieren neuen Schwung. Bei Problemen mit Ihren Laptop-Scharnieren wie Steifheit, Spiel oder defekten Teilen sind diese Ersatzteile die perfekte L\u00f6sung.<\/p>\n<p>Hauptmerkmale:<\/p>\n<ul>\n<li>Original-Scharniere f\u00fcr das Dell Latitude E7470<\/li>\n<li>Hochwertige Ersatzteile<\/li>\n<li>Sorgt f\u00fcr einwandfreie Funktionalit\u00e4t und Langlebigkeit<\/li>\n<li>Kompatibel mit Dell Latitude E7470 Modellen<\/li>\n<li>Teilenummern: A00MRH5G A0032HFD 07V12R 07928 0MRH5G<\/li>\n<\/ul>\n<p>Diese Scharniere werden nach den gleichen strengen Standards wie die Originalteile gefertigt und gew\u00e4hrleisten so eine nahtlose Passform und zuverl\u00e4ssige Leistung. Stellen Sie die Scharnierfunktion Ihres Laptops wieder her und sorgen Sie f\u00fcr ein reibungsloses und sicheres \u00d6ffnen und Schlie\u00dfen.<\/p>\n<p>Bitte beachten Sie, dass diese Scharniere paarweise verkauft werden und alle notwendigen Komponenten f\u00fcr die Montage enthalten. Fotos der Dell Latitude E7470-Scharniere, die Sie erhalten, sind im Angebot enthalten. Es liegt keine Montageanleitung bei. Sollten Sie jedoch Hilfe ben\u00f6tigen oder Fragen haben, schreiben Sie uns gerne.<\/p>\n<p>Verbessern Sie die Funktionalit\u00e4t Ihres Laptops und verl\u00e4ngern Sie seine Lebensdauer mit diesen Original-Scharnieren f\u00fcr das Dell Latitude E7470. Verbessern Sie Ihr Laptop-Erlebnis, indem Sie die strukturelle Integrit\u00e4t Ihres Ger\u00e4ts sicherstellen. Bei Fragen oder f\u00fcr weitere Informationen kontaktieren Sie uns gerne. Steigern Sie die Leistung Ihres Dell Latitude E7470 mit diesen hochwertigen Ersatzscharnieren.<\/p>\n","protected":false},"excerpt":{"rendered":"<p>Ersetzen Sie die Scharniere Ihres Dell Latitude E7470 Laptops durch diese Original-Ersatzteile. Diese Ersatzteile erf\u00fcllen die gleichen hohen Qualit\u00e4tsstandards wie die Originalscharniere und gew\u00e4hrleisten einwandfreie Funktionalit\u00e4t und Langlebigkeit. Stellen Sie die Funktionsf\u00e4higkeit Ihres Laptops f\u00fcr reibungsloses \u00d6ffnen und Schlie\u00dfen wieder her. Diese Scharniere sind mit Dell Latitude E7470 Modellen kompatibel und bieten eine zuverl\u00e4ssige L\u00f6sung f\u00fcr Ihre Laptop-Reparatur.<\/p>\n","protected":false},"featured_media":11267,"template":"","meta":[],"product_brand":[],"product_cat":[55],"product_tag":[53],"class_list":{"0":"post-11208","1":"product","2":"type-product","3":"status-publish","4":"has-post-thumbnail","6":"product_cat-screen-hinge","7":"product_tag-dell","9":"first","10":"instock","11":"taxable","12":"shipping-taxable","13":"purchasable","14":"product-type-simple"},"_links":{"self":[{"href":"https:\/\/boreait.com\/de\/wp-json\/wp\/v2\/product\/11208","targetHints":{"allow":["GET"]}}],"collection":[{"href":"https:\/\/boreait.com\/de\/wp-json\/wp\/v2\/product"}],"about":[{"href":"https:\/\/boreait.com\/de\/wp-json\/wp\/v2\/types\/product"}],"wp:featuredmedia":[{"embeddable":true,"href":"https:\/\/boreait.com\/de\/wp-json\/wp\/v2\/media\/11267"}],"wp:attachment":[{"href":"https:\/\/boreait.com\/de\/wp-json\/wp\/v2\/media?parent=11208"}],"wp:term":[{"taxonomy":"product_brand","embeddable":true,"href":"https:\/\/boreait.com\/de\/wp-json\/wp\/v2\/product_brand?post=11208"},{"taxonomy":"product_cat","embeddable":true,"href":"https:\/\/boreait.com\/de\/wp-json\/wp\/v2\/product_cat?post=11208"},{"taxonomy":"product_tag","embeddable":true,"href":"https:\/\/boreait.com\/de\/wp-json\/wp\/v2\/product_tag?post=11208"}],"curies":[{"name":"wp","href":"https:\/\/api.w.org\/{rel}","templated":true}]}}