{"id":11207,"date":"2025-09-15T15:39:06","date_gmt":"2025-09-15T13:39:06","guid":{"rendered":"https:\/\/boreait.com\/de\/?post_type=product&#038;p=11207"},"modified":"2025-09-16T12:52:27","modified_gmt":"2025-09-16T10:52:27","slug":"dell-latitude-e7470-e7270-e5470-e5570-webcam-kameraplatine-cn-0j8nnp-j8nnp","status":"publish","type":"product","link":"https:\/\/boreait.com\/de\/produkt\/dell-latitude-e7470-e7270-e5470-e5570-webcam-kameraplatine-cn-0j8nnp-j8nnp\/","title":{"rendered":"Dell Latitude E7470 E7270 E5470 E5570 Webcam-Kameraplatine CN-0J8NNP J8NNP"},"content":{"rendered":"<p>Verleihen Sie Ihrem Dell Latitude E7470, E7270, E5470 oder E5570 Laptop mit der Webcam-Kameraplatine CN-0J8NNP J8NNP neuen Schwung. Dieses originale Dell-Ersatzteil stellt die Kamerafunktion Ihres Laptops wieder her und sorgt daf\u00fcr, dass Sie f\u00fcr virtuelle Meetings, Online-Konferenzen und Videokommunikation bereit sind.<\/p>\n<p>Hauptmerkmale:<\/p>\n<ul>\n<li>Kompatibel mit Dell Latitude E7470, E7270, E5470, E5570<\/li>\n<li>Dell-Teilenummer: CN-0J8NNP J8NNP<\/li>\n<li>Original Dell Webcam-Kameraplatine<\/li>\n<\/ul>\n<p>Diese Webcam-Kameraplatine ist eine einfache und effektive L\u00f6sung, um die Klarheit und Sch\u00e4rfe Ihrer Laptop-Kamera wiederherzustellen. Die Installation ist unkompliziert und die Platine l\u00e4sst sich nahtlos in Ihr Dell Latitude-Modell integrieren. Kompatibilit\u00e4tsprobleme geh\u00f6ren der Vergangenheit an. Dieses Board wurde speziell f\u00fcr die genannte Dell Latitude-Serie entwickelt.<\/p>\n<p>Bitte beachten:<\/p>\n<ul>\n<li>Dieses Angebot enth\u00e4lt Fotos der Webcam-Kameraplatine CN-0J8NNP J8NNP des Dell Latitude E7470 E7270 E5470 E5570.<\/li>\n<li>Es liegt keine Installationsanleitung bei. Bei Fragen oder f\u00fcr Unterst\u00fctzung wenden Sie sich bitte an uns.<\/li>\n<\/ul>\n<p>Erneuern Sie die Kamerafunktionen Ihres Dell Latitude-Laptops mit der Webcam-Kameraplatine CN-0J8NNP J8NNP. Erweitern Sie noch heute die Kommunikationsf\u00e4higkeiten Ihres Laptops.<\/p>\n","protected":false},"excerpt":{"rendered":"<p>Erweitern Sie Ihr Dell Latitude E7470, E7270, E5470 oder E5570 Notebook mit der Webcam-Kameraplatine CN-0J8NNP J8NNP. Dieses Original-Ersatzteil von Dell sorgt f\u00fcr gestochen scharfe Videoqualit\u00e4t bei Ihren virtuellen Meetings, Konferenzen und Ihrer Online-Kommunikation. Stellen Sie die Kamerafunktion Ihres Notebooks mit dieser zuverl\u00e4ssigen Webcam-Platine wieder her. Einfach zu installieren und kompatibel mit bestimmten Dell-Modellen \u2013 die ideale L\u00f6sung, um Ihre Kamera wieder einsatzbereit zu machen.<\/p>\n","protected":false},"featured_media":11266,"template":"","meta":[],"product_brand":[],"product_cat":[59],"product_tag":[53],"class_list":{"0":"post-11207","1":"product","2":"type-product","3":"status-publish","4":"has-post-thumbnail","6":"product_cat-laptop-camera","7":"product_tag-dell","9":"first","10":"instock","11":"taxable","12":"shipping-taxable","13":"purchasable","14":"product-type-simple"},"_links":{"self":[{"href":"https:\/\/boreait.com\/de\/wp-json\/wp\/v2\/product\/11207","targetHints":{"allow":["GET"]}}],"collection":[{"href":"https:\/\/boreait.com\/de\/wp-json\/wp\/v2\/product"}],"about":[{"href":"https:\/\/boreait.com\/de\/wp-json\/wp\/v2\/types\/product"}],"wp:featuredmedia":[{"embeddable":true,"href":"https:\/\/boreait.com\/de\/wp-json\/wp\/v2\/media\/11266"}],"wp:attachment":[{"href":"https:\/\/boreait.com\/de\/wp-json\/wp\/v2\/media?parent=11207"}],"wp:term":[{"taxonomy":"product_brand","embeddable":true,"href":"https:\/\/boreait.com\/de\/wp-json\/wp\/v2\/product_brand?post=11207"},{"taxonomy":"product_cat","embeddable":true,"href":"https:\/\/boreait.com\/de\/wp-json\/wp\/v2\/product_cat?post=11207"},{"taxonomy":"product_tag","embeddable":true,"href":"https:\/\/boreait.com\/de\/wp-json\/wp\/v2\/product_tag?post=11207"}],"curies":[{"name":"wp","href":"https:\/\/api.w.org\/{rel}","templated":true}]}}