{"id":11193,"date":"2025-09-15T15:37:11","date_gmt":"2025-09-15T13:37:11","guid":{"rendered":"https:\/\/boreait.com\/de\/?post_type=product&#038;p=11193"},"modified":"2025-09-16T12:52:26","modified_gmt":"2025-09-16T10:52:26","slug":"scharniere-fuer-hp-chromebook-14-g6-g7-l90413-001-original-ersatzteile-fuer-einen-reibungslosen-laptop-betrieb","status":"publish","type":"product","link":"https:\/\/boreait.com\/de\/produkt\/scharniere-fuer-hp-chromebook-14-g6-g7-l90413-001-original-ersatzteile-fuer-einen-reibungslosen-laptop-betrieb\/","title":{"rendered":"Scharniere f\u00fcr HP Chromebook 14 G6 G7 L90413-001 \u2013 Original-Ersatzteile f\u00fcr einen reibungslosen Laptop-Betrieb"},"content":{"rendered":"<p>Entdecken Sie die L\u00f6sung f\u00fcr Ihre Scharnierprobleme bei Ihrem HP Chromebook 14 G6 & G7 mit unseren Original-Ersatzscharnieren. Diese Scharniere wurden speziell f\u00fcr das Chromebook 14 G6 entwickelt und sorgen f\u00fcr einen reibungslosen Betrieb Ihres Laptops.<\/p>\n<p>Hauptmerkmale:<\/p>\n<ul>\n<li>Kompatibel mit HP Chromebook 14 G6 und G7<\/li>\n<li>Original-Ersatzteile<\/li>\n<li>Langlebig und pr\u00e4zise gefertigt<\/li>\n<li>Sorgt f\u00fcr reibungsloses \u00d6ffnen und Schlie\u00dfen des Laptops<\/li>\n<li>Teilenummer: L90413-001<\/li>\n<\/ul>\n<p>Ob besch\u00e4digte oder abgenutzte Scharniere Ihres Laptops \u2013 diese Ersatzteile sind die perfekte L\u00f6sung. Unsere Scharniere werden aus hochwertigen Materialien gefertigt und gew\u00e4hrleisten so Langlebigkeit und Haltbarkeit. Erleben Sie den Komfort eines voll funktionsf\u00e4higen Laptops mit diesen Original-Scharnieren f\u00fcr Ihr HP Chromebook 14 G6 und G7.<\/p>\n<p>Bitte beachten Sie, dass in diesem Angebot Fotos der Scharniere Ihres HP Chromebook 14 G6 G7 enthalten sind. Es liegen keine Montageanleitungen bei. Bei Fragen oder Unterst\u00fctzung k\u00f6nnen Sie sich gerne an uns wenden. Mit diesen originalen HP Ersatzscharnieren erhalten Sie die Flexibilit\u00e4t und Zuverl\u00e4ssigkeit Ihres Laptops zur\u00fcck. R\u00fcsten Sie noch heute auf und freuen Sie sich auf ein reibungslos funktionierendes HP Chromebook 14 G6.<\/p>\n","protected":false},"excerpt":{"rendered":"<p>Verbessern Sie die Funktionalit\u00e4t Ihres HP Chromebook 14 G6 und G7 mit diesen Original-Ersatzscharnieren. Diese langlebigen und pr\u00e4zisen Scharniere sorgen f\u00fcr ein reibungsloses \u00d6ffnen und Schlie\u00dfen Ihres Laptops. Stellen Sie die Flexibilit\u00e4t und Zuverl\u00e4ssigkeit Ihres Laptops mit diesen originalen Scharnieren f\u00fcr das HP Chromebook 14 G6 wieder her.<\/p>\n","protected":false},"featured_media":11259,"template":"","meta":[],"product_brand":[],"product_cat":[55],"product_tag":[61],"class_list":{"0":"post-11193","1":"product","2":"type-product","3":"status-publish","4":"has-post-thumbnail","6":"product_cat-screen-hinge","7":"product_tag-hp","9":"first","10":"instock","11":"taxable","12":"shipping-taxable","13":"purchasable","14":"product-type-simple"},"_links":{"self":[{"href":"https:\/\/boreait.com\/de\/wp-json\/wp\/v2\/product\/11193","targetHints":{"allow":["GET"]}}],"collection":[{"href":"https:\/\/boreait.com\/de\/wp-json\/wp\/v2\/product"}],"about":[{"href":"https:\/\/boreait.com\/de\/wp-json\/wp\/v2\/types\/product"}],"wp:featuredmedia":[{"embeddable":true,"href":"https:\/\/boreait.com\/de\/wp-json\/wp\/v2\/media\/11259"}],"wp:attachment":[{"href":"https:\/\/boreait.com\/de\/wp-json\/wp\/v2\/media?parent=11193"}],"wp:term":[{"taxonomy":"product_brand","embeddable":true,"href":"https:\/\/boreait.com\/de\/wp-json\/wp\/v2\/product_brand?post=11193"},{"taxonomy":"product_cat","embeddable":true,"href":"https:\/\/boreait.com\/de\/wp-json\/wp\/v2\/product_cat?post=11193"},{"taxonomy":"product_tag","embeddable":true,"href":"https:\/\/boreait.com\/de\/wp-json\/wp\/v2\/product_tag?post=11193"}],"curies":[{"name":"wp","href":"https:\/\/api.w.org\/{rel}","templated":true}]}}