{"id":11186,"date":"2025-09-15T15:37:09","date_gmt":"2025-09-15T13:37:09","guid":{"rendered":"https:\/\/boreait.com\/de\/?post_type=product&#038;p=11186"},"modified":"2025-09-16T12:52:22","modified_gmt":"2025-09-16T10:52:22","slug":"hp-chromebook-14-g6-usb-platine-da00gath6d0-l90437-001-original-ersatzteil","status":"publish","type":"product","link":"https:\/\/boreait.com\/de\/produkt\/hp-chromebook-14-g6-usb-platine-da00gath6d0-l90437-001-original-ersatzteil\/","title":{"rendered":"HP Chromebook 14 G6 USB-Platine DA00GATH6D0 L90437-001 \u2013 Original-Ersatzteil"},"content":{"rendered":"<p>Verbessern Sie die USB-Konnektivit\u00e4t Ihres HP Chromebook 14 G6 mit dem Original-USB-Board. Dieses HP-Ersatzteil erf\u00fcllt h\u00f6chste Standards und gew\u00e4hrleistet Kompatibilit\u00e4t und zuverl\u00e4ssige Leistung.<\/p>\n<p>Hauptmerkmale:<\/p>\n<ul>\n<li>Original-USB-Board f\u00fcr das HP Chromebook 14 G6 (auch mit einigen anderen Modellen kompatibel)<\/li>\n<li>Einfache Installation f\u00fcr schnellen und problemlosen Austausch<\/li>\n<li>Stellen Sie optimale Konnektivit\u00e4t f\u00fcr alle Ihre Peripherieger\u00e4te wieder her<\/li>\n<li>Sorgen Sie f\u00fcr Kompatibilit\u00e4t und Zuverl\u00e4ssigkeit mit einem HP-Ersatzteil<\/li>\n<li>Teilenummer: DA00GATH6D0 \/ L90437-001<\/li>\n<\/ul>\n<p>Ob Sie das USB-Board Ihres Chromebooks aufgrund von Verschlei\u00df austauschen oder die Konnektivit\u00e4t Ihres Ger\u00e4ts erweitern m\u00f6chten \u2013 dieses HP-USB-Board ist die L\u00f6sung. Stellen Sie m\u00fchelos die volle Funktionalit\u00e4t Ihres Chromebooks wieder her und sorgen Sie daf\u00fcr, dass alle Ihre USB-Peripherieger\u00e4te reibungslos funktionieren.<\/p>\n<p>Bitte beachten Sie, dass die Auflistung echte Fotos des HP Chromebook 14 G6 USB-Boards enth\u00e4lt und keine Installationsanleitung enth\u00e4lt. Bei Fragen oder f\u00fcr weitere Unterst\u00fctzung wenden Sie sich gerne an uns. R\u00fcsten Sie Ihr HP Chromebook 14 G6 mit diesem Original-USB-Board auf und profitieren Sie von verbesserter Konnektivit\u00e4t und mehr Komfort.<\/p>\n","protected":false},"excerpt":{"rendered":"<p>Verbessern Sie die Konnektivit\u00e4t Ihres HP Chromebook 14 G6 mit dem Original-USB-Board. Dieses einfach zu installierende USB-Board gew\u00e4hrleistet nahtlose Verbindungen f\u00fcr alle Ihre Peripherieger\u00e4te. Stellen Sie mit diesem originalen HP-Ersatzteil die optimale Funktionalit\u00e4t Ihres Chromebooks wieder her.<\/p>\n","protected":false},"featured_media":11236,"template":"","meta":[],"product_brand":[],"product_cat":[63],"product_tag":[61],"class_list":{"0":"post-11186","1":"product","2":"type-product","3":"status-publish","4":"has-post-thumbnail","6":"product_cat-motherboards-board-parts","7":"product_tag-hp","9":"first","10":"instock","11":"taxable","12":"shipping-taxable","13":"purchasable","14":"product-type-simple"},"_links":{"self":[{"href":"https:\/\/boreait.com\/de\/wp-json\/wp\/v2\/product\/11186","targetHints":{"allow":["GET"]}}],"collection":[{"href":"https:\/\/boreait.com\/de\/wp-json\/wp\/v2\/product"}],"about":[{"href":"https:\/\/boreait.com\/de\/wp-json\/wp\/v2\/types\/product"}],"wp:featuredmedia":[{"embeddable":true,"href":"https:\/\/boreait.com\/de\/wp-json\/wp\/v2\/media\/11236"}],"wp:attachment":[{"href":"https:\/\/boreait.com\/de\/wp-json\/wp\/v2\/media?parent=11186"}],"wp:term":[{"taxonomy":"product_brand","embeddable":true,"href":"https:\/\/boreait.com\/de\/wp-json\/wp\/v2\/product_brand?post=11186"},{"taxonomy":"product_cat","embeddable":true,"href":"https:\/\/boreait.com\/de\/wp-json\/wp\/v2\/product_cat?post=11186"},{"taxonomy":"product_tag","embeddable":true,"href":"https:\/\/boreait.com\/de\/wp-json\/wp\/v2\/product_tag?post=11186"}],"curies":[{"name":"wp","href":"https:\/\/api.w.org\/{rel}","templated":true}]}}